{"id":2725,"date":"2015-01-14T00:28:54","date_gmt":"2015-01-13T23:28:54","guid":{"rendered":"https:\/\/kamerpower.com\/?page_id=2725"},"modified":"2025-04-14T17:57:54","modified_gmt":"2025-04-14T16:57:54","slug":"inscription-newsletter","status":"publish","type":"page","link":"https:\/\/kamerpower.com\/fr\/inscription-newsletter\/","title":{"rendered":"Inscription \u00e0 la newsletter"},"content":{"rendered":"<p><img loading=\"lazy\" decoding=\"async\" class=\"aligncenter wp-image-905 size-full\" src=\"https:\/\/kamerpower.com\/wp-content\/uploads\/2014\/12\/Kamerpower-Results-Portal.png\" alt=\"Kamerpower-Results-Portal\" width=\"393\" height=\"83\" srcset=\"https:\/\/kamerpower.com\/wp-content\/uploads\/2014\/12\/Kamerpower-Results-Portal.png 393w, https:\/\/kamerpower.com\/wp-content\/uploads\/2014\/12\/Kamerpower-Results-Portal-300x63.png 300w\" sizes=\"auto, (max-width: 393px) 100vw, 393px\" \/><\/p>\n<hr \/>\n<div style=\"border-radius: 3px; padding-left: 5px; padding-right: 5px; text-align: center; background: #000000;\"><span style=\"color: #ffffff;\">Obtenez tous les r\u00e9sultats officiels, Concours et bourses directement dans votre bo\u00eete de r\u00e9ception et votre t\u00e9l\u00e9phone GRATUIT si vous le souhaitez. Assurez-vous que l&#8217;adresse mail indiqu\u00e9e est l&#8217;adresse e-mail que vous utilisez souvent. Vous pouvez \u00e9galement consulter vos r\u00e9sultats ici.\u00a0<span style=\"text-decoration: underline;\">Portail des R\u00e9sultats<\/span>\u00a0pour kamerpower.<\/span><\/div>\n<div id=\"mc_embed_signup\"><form id=\"mc-embedded-subscribe-form\" class=\"validate\" action=\"\/\/kamerpower.us11.list-manage.com\/subscribe\/post?u=60a807985933e0a330e384591&amp;id=375cf442bd\" method=\"post\" name=\"mc-embedded-subscribe-form\" novalidate=\"\" target=\"_blank\">\n<div style=\"text-align: center;\">\u00a0<\/div>\n<\/form><\/div>\n\n\n<div id=\"mc_embed_shell\">\n      <link href=\"\/\/cdn-images.mailchimp.com\/embedcode\/classic-061523.css\" rel=\"stylesheet\" type=\"text\/css\">\n  <style type=\"text\/css\">\n        #mc_embed_signup{background:#fff; false;clear:left; font:14px Helvetica,Arial,sans-serif; width: 380px;}\n        \/* Add your own Mailchimp form style overrides in your site stylesheet or in this style block.\n           We recommend moving this block and the preceding CSS link to the HEAD of your HTML file. *\/\n<\/style>\n<div id=\"mc_embed_signup\">\n    <form action=\"https:\/\/kamerpower.us5.list-manage.com\/subscribe\/post?u=f39c5c010ae6ebfb64e0381ee&amp;id=d53257c284&amp;f_id=00dec7e1f0\" method=\"post\" id=\"mc-embedded-subscribe-form\" name=\"mc-embedded-subscribe-form\" class=\"validate\" target=\"_blank\">\n        <div id=\"mc_embed_signup_scroll\"><h2>Subscribe<\/h2>\n            <div class=\"indicates-required\"><span class=\"asterisk\">*<\/span> indicates required<\/div>\n            <div class=\"mc-field-group\"><label for=\"mce-EMAIL\">Email Address <span class=\"asterisk\">*<\/span><\/label><input type=\"email\" name=\"EMAIL\" class=\"required email\" id=\"mce-EMAIL\" required=\"\" value=\"\"><\/div>\n        <div id=\"mce-responses\" class=\"clear foot\">\n            <div class=\"response\" id=\"mce-error-response\" style=\"display: none;\"><\/div>\n            <div class=\"response\" id=\"mce-success-response\" style=\"display: none;\"><\/div>\n        <\/div>\n    <div aria-hidden=\"true\" style=\"position: absolute; left: -5000px;\">\n        \/* real people should not fill this in and expect good things &#8211; do not remove this or risk form bot signups *\/\n        <input type=\"text\" name=\"b_f39c5c010ae6ebfb64e0381ee_d53257c284\" tabindex=\"-1\" value=\"\">\n    <\/div>\n        <div class=\"optionalParent\">\n            <div class=\"clear foot\">\n                <input type=\"submit\" name=\"subscribe\" id=\"mc-embedded-subscribe\" class=\"button\" value=\"Subscribe\">\n                <p style=\"margin: 0px auto;\"><a href=\"http:\/\/eepurl.com\/jcvGb-\" title=\"Mailchimp - email marketing made easy and fun\"><span style=\"display: inline-block; background-color: transparent; border-radius: 4px;\"><img decoding=\"async\" class=\"refferal_badge\" src=\"https:\/\/digitalasset.intuit.com\/render\/content\/dam\/intuit\/mc-fe\/en_us\/images\/intuit-mc-rewards-text-dark.svg\" alt=\"Intuit Mailchimp\" style=\"width: 220px; height: 40px; display: flex; padding: 2px 0px; justify-content: center; align-items: center;\"><\/span><\/a><\/p>\n            <\/div>\n        <\/div>\n    <\/div>\n<\/form>\n<\/div>\n<script type=\"text\/javascript\" src=\"\/\/s3.amazonaws.com\/downloads.mailchimp.com\/js\/mc-validate.js\"><\/script><script type=\"text\/javascript\">(function($) {window.fnames = new Array(); window.ftypes = new Array();fnames[0]='EMAIL';ftypes[0]='email';fnames[1]='FNAME';ftypes[1]='text';fnames[2]='LNAME';ftypes[2]='text';fnames[3]='ADDRESS';ftypes[3]='address';fnames[4]='PHONE';ftypes[4]='phone';fnames[5]='BIRTHDAY';ftypes[5]='birthday';fnames[6]='COMPANY';ftypes[6]='text';}(jQuery));var $mcj = jQuery.noConflict(true);<\/script><\/div>\n\n","protected":false},"excerpt":{"rendered":"<p>&#46;&#46;&#46;<\/p>\n","protected":false},"author":1,"featured_media":0,"parent":0,"menu_order":0,"comment_status":"closed","ping_status":"closed","template":"","meta":{"_themeisle_gutenberg_block_has_review":false,"footnotes":""},"class_list":["post-2725","page","type-page","status-publish","hentry"],"_links":{"self":[{"href":"https:\/\/kamerpower.com\/fr\/wp-json\/wp\/v2\/pages\/2725","targetHints":{"allow":["GET"]}}],"collection":[{"href":"https:\/\/kamerpower.com\/fr\/wp-json\/wp\/v2\/pages"}],"about":[{"href":"https:\/\/kamerpower.com\/fr\/wp-json\/wp\/v2\/types\/page"}],"author":[{"embeddable":true,"href":"https:\/\/kamerpower.com\/fr\/wp-json\/wp\/v2\/users\/1"}],"replies":[{"embeddable":true,"href":"https:\/\/kamerpower.com\/fr\/wp-json\/wp\/v2\/comments?post=2725"}],"version-history":[{"count":1,"href":"https:\/\/kamerpower.com\/fr\/wp-json\/wp\/v2\/pages\/2725\/revisions"}],"predecessor-version":[{"id":68727,"href":"https:\/\/kamerpower.com\/fr\/wp-json\/wp\/v2\/pages\/2725\/revisions\/68727"}],"wp:attachment":[{"href":"https:\/\/kamerpower.com\/fr\/wp-json\/wp\/v2\/media?parent=2725"}],"curies":[{"name":"wp","href":"https:\/\/api.w.org\/{rel}","templated":true}]}}