{"id":27839,"date":"2024-05-29T12:55:00","date_gmt":"2024-05-29T11:55:00","guid":{"rendered":"https:\/\/kamerpower.com\/?page_id=27839"},"modified":"2026-02-19T03:33:19","modified_gmt":"2026-02-19T02:33:19","slug":"wwww-fonctionpublique-gouv-ci-2019-2020-cote-divoire-fonction-publique-ci","status":"publish","type":"page","link":"https:\/\/kamerpower.com\/fr\/wwww-fonctionpublique-gouv-ci-2019-2020-cote-divoire-fonction-publique-ci\/","title":{"rendered":"wwww.fonctionpublique.gouv.ci 2026-2027 C\u00f4te d&#8217;Ivoire fonction publique ci"},"content":{"rendered":"<h3 style=\"text-align: center;\"><span style=\"color: #3366ff;\"><strong>wwww.fonctionpublique.gouv.ci 2026-2027 C\u00f4te d&#8217;Ivoire fonction publique ci recrutement Inscription.<\/strong><\/span><\/h3>\n<p style=\"text-align: justify;\"><span style=\"color: #000000;\">wwww.fonctionpublique.gouv.ci 2026-2027 C\u00f4te d&#8217;Ivoire www-fonctionpublique-gouv-ci Il est ouvert au titre de l\u2019ann\u00e9e 2026-2027, un <strong>concours Concours de la fonction publique en c\u00f4te d&#8217;ivoire<\/strong> pour l\u2019acc\u00e8s aux emplois ci-apr\u00e8s, dans la limite du nombre de postes budg\u00e9tis\u00e9 pour chaque emploi:\u00a0<\/span><\/p>\n<p style=\"text-align: center;\"><span style=\"color: #3366ff;\"><strong>COMMUNIQUES D&#8217;OUVERTURE DES CONCOURS DE LA FONCTION PUBLIQUE SESSION 2026.<\/strong><\/span><\/p>\n<p style=\"text-align: justify;\"><span style=\"color: #000000;\">une copie de la fiche de candidature a renseigner et \u00e0 imprimer en ligne sur le site internet du\u00a0Minist\u00e8re de la Fonction Publique et de la R\u00e9forme Administrative:\u00a0<strong>www.fonctionpubligue.egouv.ci<\/strong>.<\/span><\/p>\n<ul>\n<li class=\"post-title single-title entry-title\">\n<p class=\"post-title single-title entry-title\"><strong><a title=\" Concours administratif 2026-2027 cote d'ivoire ci: Pi\u00e8ces \u00e0 fournir MFPRA\" href=\"https:\/\/kamerpower.com\/fr\/mfpra-concours-administratif-cote-divoire-pieces-fournir\/\">Concours administratif cote d&#8217;ivoire ci: Pi\u00e8ces \u00e0 fournir MFPMA<\/a>.<\/strong><\/p>\n<\/li>\n<li><a href=\"https:\/\/kamerpower.com\/fr\/recrutement-enseignant-2019-2020-en-cote-divoire-10300-enseignants-contractuels\/\"><strong>Recrutement enseignant en cote d\u2019ivoire \u2013 10300 enseignants contractuels.<\/strong><\/a><\/li>\n<li class=\"post-title single-title entry-title\">\n<p class=\"post-title single-title entry-title\"><strong><a title=\" Concours professionnels 2026-2027 MFPRA C\u00f4te d\u2019Ivoire\" href=\"https:\/\/kamerpower.com\/fr\/concours-professionnels-2015-2016-mfpra-cote-divoire\/\">Concours professionnels MFPMA C\u00f4te d\u2019Ivoire.<\/a><\/strong><\/p>\n<\/li>\n<li class=\"post-title single-title entry-title\"><strong><a title=\" MFPRA Concours de recrutement exceptionnel de la fonction publique 2026-2027 C\u00f4te d\u2019Ivoire\" href=\"https:\/\/kamerpower.com\/fr\/mfpra-concours-de-recrutement-exceptionnel-de-la-fonction-publique-2015-2016-cote-divoire\/\">MFPRA Concours de recrutement exceptionnel de la fonction publique C\u00f4te d\u2019Ivoire<\/a><\/strong><\/li>\n<li class=\"post-title single-title entry-title\">\n<p class=\"post-title single-title entry-title\"><strong><a title=\" MFPRA Concours professionnels exceptionnel C\u00f4te d\u2019Ivoire 2026-2027\" href=\"https:\/\/kamerpower.com\/fr\/mfpra-concours-professionnels-exceptionnel-cote-divoire-2015-2016\/\">MFPMA Concours professionnels exceptionnel C\u00f4te d\u2019Ivoire.<\/a><\/strong><\/p>\n<\/li>\n<li class=\"post-title single-title entry-title\">\n<p class=\"post-title single-title entry-title\"><strong><a title=\" Concours de recrutement de la fonction publique 2026-2027 MFPRA C\u00f4te d\u2019Ivoire\" href=\"https:\/\/kamerpower.com\/fr\/concours-de-recrutement-de-la-fonction-publique-2015-2016-mfpra-cote-divoire\/\">Concours de recrutement de la fonction publique MFPMA C\u00f4te d\u2019Ivoire<\/a>.<\/strong><\/p>\n<\/li>\n<li class=\"post-title single-title entry-title\">\n<p class=\"post-title single-title entry-title\"><strong><a title=\" Liste Concours direct 2026-2027 MFPRA C\u00f4te d\u2019Ivoire\" href=\"https:\/\/kamerpower.com\/fr\/liste-concours-direct-2015-2016-mfpra-cote-divoire\/\">Liste Concours direct MFPMA C\u00f4te d\u2019Ivoire<\/a>.<\/strong><\/p>\n<\/li>\n<li class=\"post-title single-title entry-title\">\n<p class=\"post-title single-title entry-title\"><strong>Calendrier des concours professionnels en cote d\u2019ivoire pdf<\/strong><\/p>\n<\/li>\n<li class=\"post-title single-title entry-title\">\n<p class=\"post-title single-title entry-title\"><strong>MFP 2026-2027 Cote d\u2019ivoire :: Liste concours des agents de la sante ci.<\/strong><\/p>\n<\/li>\n<li class=\"post-title single-title entry-title\">\n<p class=\"post-title single-title entry-title\"><strong><a title=\" Concours professionnels 2026-2027 MFPRA C\u00f4te d\u2019Ivoire\" href=\"https:\/\/kamerpower.com\/fr\/concours-professeurs-de-lycee-ci-cote-divoire-2019-2020-fonction-publique\/\">Concours Professeurs de Lyc\u00e9e C\u00f4te d\u2019Ivoire : Concours professionnel ci.<\/a><\/strong><\/p>\n<\/li>\n<li class=\"post-title single-title entry-title\">\n<p class=\"post-title single-title entry-title\"><strong>Concours Professeur de college en Cote d\u2019ivoire : ci Concours professionnel.<\/strong><\/p>\n<\/li>\n<li class=\"post-title single-title entry-title\">\n<p class=\"post-title single-title entry-title\"><strong>MFPMA Concours Administratif cote d&#8217;ivoire: Pi\u00e8ces \u00e0 fournir.<\/strong><\/p>\n<\/li>\n<li class=\"post-title single-title entry-title\"><strong>CONCOURS DES AGENTS DE LA SANTE.<\/strong><\/li>\n<\/ul>\n<h3><span style=\"color: #000000;\"><strong>COMMENT S&#8217;INSCRIRE 2026 minist\u00e8re de la fonction publique<\/strong><\/span><\/h3>\n<p><span style=\"color: #000000;\">L&#8217;inscription se d\u00e9cline en trois (03) phases :<\/span><\/p>\n<ul>\n<li><span style=\"color: #000000;\">La phase d\u2019inscription en ligne.<\/span><\/li>\n<li><span style=\"color: #000000;\">La phase de paiement en ligne.<\/span><\/li>\n<li><span style=\"color: #000000;\">La phase de d\u00e9p\u00f4t des dossiers.<\/span><\/li>\n<\/ul>\n<h3><strong>PHASE 1\u00a0: INSCRIPTION EN LIGNE<\/strong><\/h3>\n<p><span style=\"color: #000000;\"><span style=\"color: #ff0000;\"><strong>INSCRIPTIONS EN LIGNE SUR LE SITE<\/strong><\/span> www.fonctionpublique.gouv.ci du vendredi <strong>15 avril<\/strong>\u00a0au Vendredi <strong>03 Juin<\/strong>.<\/span><\/p>\n<p><span style=\"color: #000000;\">Le candidat se rend sur le site internet du Minist\u00e8re en charge de la Fonction Publique (<strong>www.fonctionpublique.gouv.ci<\/strong>) o\u00f9 il trouvera les informations concernant les concours.<\/span><\/p>\n<p><span style=\"color: #000000;\">Lire attentivement le communiqu\u00e9 avant de poursuivre l&#8217;inscription.<\/span><\/p>\n<p><span style=\"color: #000000;\">Le candidat d\u00e9marre son inscription en renseignant le formulaire de candidature en ligne et proc\u00e8de au choix du concours qu\u2019il veut pr\u00e9senter.<\/span><\/p>\n<h3><span style=\"color: #000000;\"><strong>PHASE 2\u00a0: PAIEMENT EN LIGNE DES FRAIS DE CONCOURS<\/strong><\/span><\/h3>\n<p><span style=\"color: #000000;\">Apr\u00e8s la validation de la phase 1, le candidat proc\u00e8de au paiement en ligne des frais de concours via son compte mobile (MTN Mobile Money , Orange Money, Moov Money). <\/span><\/p>\n<p><span style=\"color: #000000;\">A la fin de l&#8217;op\u00e9ration, le candidat prend le rendez-vous pour le d\u00e9pot de son dossier, imprime sa fiche de candidature (03 exemplaires) et son re\u00e7u de paiement.<\/span><\/p>\n<p><span style=\"color: #000000;\"><strong><span style=\"color: #ff0000;\">NB<\/span>: 2026 minist\u00e8re de la fonction publique, <\/strong><\/span><span style=\"color: #000000;\">Le candidat doit v\u00e9rifier l&#8217;exactitude des donn\u00e9es renseign\u00e9es (nom &#8211; pr\u00e9noms &#8211; date et lieu de naissance &#8211; nom des parents &#8211; matricule pour les concours de promotion, etc&#8230;); Signaler toute erreur \u00e0 la Direction des concours avant le d\u00e9p\u00f4t des dossiers de candidature.\u00a0<\/span><\/p>\n<h3><span style=\"color: #000000;\"><strong>PHASE 3\u00a0: DEPOT DES DOSSIERS<\/strong><\/span><\/h3>\n<p><span style=\"color: #000000;\">Le candidat se pr\u00e9sente avec trois (03) exemplaires de sa fiche de candidature sur le site indiqu\u00e9, le jour de son rendez-vous, pour faire sa prise de vue (photo num\u00e9rique) et d\u00e9poser son dossier dans l&#8217;une des Directions R\u00e9gionales de la Fonction Publique, d\u00e9livr\u00e9 au sein du minist\u00e8re ( <strong><span style=\"color: #000000;\">ABENGOUROU, ABIDJAN, BONDOUKOU, BOUAKE, DALOA, GAGNOA, KORHOGO, MAN, SAN-PEDRO<\/span>, YAMOUSSOUKRO<\/strong> ).<\/span><\/p>\n<hr \/>\n<div class=\"fonctionkp\">\n<div style=\"background-color: #e0316f; color: #fff; border-radius: 5px; padding: 20px; font-size: 150%;\">\n<p style=\"text-align: center;\"><span style=\"color: #ffffff;\"><strong>CONCOURS DES AGENTS DE LA SANTE<\/strong><\/span><\/p>\n<hr \/>\n<p style=\"text-align: center;\">Peut faire acte de candidature tout ivoirien diplom\u00e9 \u00e0 la recherche d&#8217;un emploi et remplissant les conditions de candidature figurant dans le communiqu\u00e9 d&#8217;ouverture du concours d\u00e9sir\u00e9.<br \/>\n<strong>www.fonctionpublique.gouv.ci 2026<\/strong><\/p>\n<div class=\"col-lg-6\">\n<hr \/>\n<p style=\"text-align: center;\"><span style=\"text-decoration: overline underline wavy red; color: #ffffff;\"><strong><i>Voir communiqu\u00e9s<\/i><\/strong><\/span><\/p>\n<\/div>\n<\/div>\n<div style=\"background-color: #ff9a04; color: #ffffff; border-radius: 5px; padding: 20px; font-size: 150%; text-align: center;\">\n<p><span style=\"color: #ffffff;\"><strong>CONCOURS PROFESSIONNELS EXCEPTIONNELS<\/strong><\/span><\/p>\n<hr \/>\n<p>Peut faire acte de candidature tout fonctionnaire en activit\u00e9 remplissant les conditions de candidature figurant dans le communiqu\u00e9 d&#8217;ouverture du concours d\u00e9sir\u00e9.<\/p>\n<div class=\"col-lg-6\">\n<hr \/>\n<p><span style=\"color: #339966;\"><strong><i><a style=\"text-decoration: overline underline wavy white; color: #339966;\" href=\"https:\/\/kamerpower.com\/fr\/mfpra-concours-professionnels-exceptionnel-cote-divoire-2015-2016\/\" target=\"_blank\" rel=\"noopener noreferrer\">Voir communiqu\u00e9s<\/a><\/i><\/strong><\/span><\/p>\n<\/div>\n<\/div>\n<div style=\"background-color: #232331; color: #ffffff; border-radius: 5px; padding: 20px; grid-row: 2 \/ 3; text-align: center;\">\n<p><strong><span style=\"color: #ffffff;\">CONCOURS DE RECRUTEMENT EXCEPTIONNEL<\/span><\/strong><\/p>\n<hr \/>\n<p><span style=\"color: #ffffff;\">Peut faire acte de candidature tout ivoirien en service dans un organisme public remplissant les conditions de candidature figurant dans le communiqu\u00e9 d&#8217;ouverture du concours d\u00e9sir\u00e9.<\/span><\/p>\n<hr \/>\n<div class=\"col-lg-6\"><center><span style=\"color: #ffffff;\"><strong><i><a style=\"text-decoration: overline underline wavy red; color: #ffffff;\" href=\"https:\/\/kamerpower.com\/fr\/mfpra-concours-de-recrutement-exceptionnel-de-la-fonction-publique-2015-2016-cote-divoire\/\" target=\"_blank\" rel=\"noopener noreferrer\">Voir communiqu\u00e9s<\/a><\/i><\/strong><\/span><\/center><\/div>\n<\/div>\n<div><\/div>\n<div style=\"background-color: #337ab7; color: #ffffff; border-radius: 5px; padding: 20px; grid-row: 1 \/ 2; text-align: center;\"><strong><strong><strong><strong>CONCOURS DIRECTS ci<br \/>\n<\/strong><\/strong><\/strong><\/strong><\/p>\n<hr \/>\n<p><strong><strong><strong><br \/>\n<span style=\"color: #ffffff;\">Peut faire acte de candidature tout ivoirien dipl\u00f4m\u00e9 \u00e0 la recherche d&#8217;un emploi et remplissant les conditions de candidature figurant dans le communiqu\u00e9 d&#8217;ouverture du concours d\u00e9sir\u00e9.<\/span><\/strong><\/strong><\/strong><\/p>\n<hr \/>\n<div class=\"col-lg-6\"><center><span style=\"color: #ffffff;\"><strong><i><a style=\"color: #ffffff;\" href=\"https:\/\/kamerpower.com\/fr\/liste-concours-direct-2015-2016-mfpra-cote-divoire\/\" target=\"_blank\" rel=\"noopener noreferrer\">Voir communiqu\u00e9s<\/a><\/i><\/strong><\/span><\/center><\/div>\n<\/div>\n<div><\/div>\n<div style=\"background-color: #9428d6; color: #ffffff; border-radius: 5px; grid-row: 2 \/ 3; font-size: 150%; text-align: center;\">\n<p><strong><span style=\"color: #ffffff;\">CONCOURS PROFESSIONNELS<\/span><\/strong><\/p>\n<hr \/>\n<p>Peut faire acte de candidature tout fonctionnaire en activit\u00e9 remplissant les conditions de candidature figurant dans le communiqu\u00e9 d&#8217;ouverture du concours d\u00e9sir\u00e9.<\/p>\n<div class=\"col-lg-6\">\n<hr \/>\n<p><strong><span style=\"color: #ffffff;\"><i><a style=\"text-decoration: overline underline wavy red; color: #ffffff;\" href=\"https:\/\/kamerpower.com\/fr\/concours-professionnels-2015-2016-mfpra-cote-divoire\/\" target=\"_blank\" rel=\"noopener noreferrer\">Voir communiqu\u00e9s<\/a><\/i><\/span><\/strong><\/p>\n<\/div>\n<\/div>\n<div style=\"background-color: #db4437; color: #ffffff; border-radius: 5px; grid-row: 1 \/ 2; font-size: 150%; text-align: center;\">\n<p><span style=\"color: #ffffff;\"><strong>CONCOURS DE RECRUTEMENT<\/strong><\/span><\/p>\n<hr \/>\n<p>Peut faire acte de candidature tout ivoirien dipl\u00f4m\u00e9 \u00e0 la recherche d&#8217;un emploi et remplissant les conditions de candidature figurant dans le communiqu\u00e9 d&#8217;ouverture du concours d\u00e9sir\u00e9.<\/p>\n<hr \/>\n<div class=\"col-lg-6\"><center><span style=\"color: #ffffff;\"><strong><i><a style=\"text-decoration: overline underline wavy white; color: #ffffff;\" href=\"https:\/\/kamerpower.com\/fr\/concours-de-recrutement-de-la-fonction-publique-2015-2016-mfpra-cote-divoire\/\" target=\"_blank\" rel=\"noopener noreferrer\">Voir communiqu\u00e9s<\/a><\/i><\/strong><\/span><\/center><\/div>\n<\/div>\n<\/div>\n<div><\/div>\n<div>\n<p><img loading=\"lazy\" decoding=\"async\" class=\"aligncenter wp-image-27800 size-full\" src=\"https:\/\/kamerpower.com\/wp-content\/uploads\/www.fonctionpublique.gouv_.ci-2019-2020-C\u00f4te-dIvoire-Minist\u00e8re-de-la-fonction-publique-ci-concours-MFP.png\" alt=\"www.fonctionpublique.gouv.ci 2026-2027 C\u00f4te d'Ivoire Minist\u00e8re de la fonction publique ci concours MFP\" width=\"1280\" height=\"720\" srcset=\"https:\/\/kamerpower.com\/wp-content\/uploads\/www.fonctionpublique.gouv_.ci-2019-2020-C\u00f4te-dIvoire-Minist\u00e8re-de-la-fonction-publique-ci-concours-MFP.png 1280w, https:\/\/kamerpower.com\/wp-content\/uploads\/www.fonctionpublique.gouv_.ci-2019-2020-C\u00f4te-dIvoire-Minist\u00e8re-de-la-fonction-publique-ci-concours-MFP-600x338.png 600w, https:\/\/kamerpower.com\/wp-content\/uploads\/www.fonctionpublique.gouv_.ci-2019-2020-C\u00f4te-dIvoire-Minist\u00e8re-de-la-fonction-publique-ci-concours-MFP-300x169.png 300w, https:\/\/kamerpower.com\/wp-content\/uploads\/www.fonctionpublique.gouv_.ci-2019-2020-C\u00f4te-dIvoire-Minist\u00e8re-de-la-fonction-publique-ci-concours-MFP-768x432.png 768w, https:\/\/kamerpower.com\/wp-content\/uploads\/www.fonctionpublique.gouv_.ci-2019-2020-C\u00f4te-dIvoire-Minist\u00e8re-de-la-fonction-publique-ci-concours-MFP-150x84.png 150w\" sizes=\"auto, (max-width: 1280px) 100vw, 1280px\" \/><\/p>\n<\/div>\n<div><\/div>\n<div style=\"display: grid; grid-gap: 10px; background-color: #fff; color: #444;\">\n<div>\n<h3 style=\"text-align: center;\"><span style=\"color: #3366ff;\"><strong>wwww.fonctionpublique.gouv.ci 2026-2027 C\u00f4te d&#8217;Ivoire fonction publique ci recrutement Inscription<\/strong><\/span><\/h3>\n<\/div>\n<\/div>\n","protected":false},"excerpt":{"rendered":"<p>&#46;&#46;&#46;<\/p>\n","protected":false},"author":1,"featured_media":46100,"parent":0,"menu_order":0,"comment_status":"open","ping_status":"closed","template":"","meta":{"_themeisle_gutenberg_block_has_review":false,"footnotes":""},"class_list":["post-27839","page","type-page","status-publish","has-post-thumbnail","hentry"],"_links":{"self":[{"href":"https:\/\/kamerpower.com\/fr\/wp-json\/wp\/v2\/pages\/27839","targetHints":{"allow":["GET"]}}],"collection":[{"href":"https:\/\/kamerpower.com\/fr\/wp-json\/wp\/v2\/pages"}],"about":[{"href":"https:\/\/kamerpower.com\/fr\/wp-json\/wp\/v2\/types\/page"}],"author":[{"embeddable":true,"href":"https:\/\/kamerpower.com\/fr\/wp-json\/wp\/v2\/users\/1"}],"replies":[{"embeddable":true,"href":"https:\/\/kamerpower.com\/fr\/wp-json\/wp\/v2\/comments?post=27839"}],"version-history":[{"count":2,"href":"https:\/\/kamerpower.com\/fr\/wp-json\/wp\/v2\/pages\/27839\/revisions"}],"predecessor-version":[{"id":73923,"href":"https:\/\/kamerpower.com\/fr\/wp-json\/wp\/v2\/pages\/27839\/revisions\/73923"}],"wp:featuredmedia":[{"embeddable":true,"href":"https:\/\/kamerpower.com\/fr\/wp-json\/wp\/v2\/media\/46100"}],"wp:attachment":[{"href":"https:\/\/kamerpower.com\/fr\/wp-json\/wp\/v2\/media?parent=27839"}],"curies":[{"name":"wp","href":"https:\/\/api.w.org\/{rel}","templated":true}]}}