{"id":479,"date":"2014-12-23T00:55:37","date_gmt":"2014-12-22T23:55:37","guid":{"rendered":"https:\/\/kamerpower.com\/?page_id=479"},"modified":"2025-06-25T14:46:46","modified_gmt":"2025-06-25T13:46:46","slug":"propos","status":"publish","type":"page","link":"https:\/\/kamerpower.com\/fr\/propos\/","title":{"rendered":"\u00c0 propos de nous"},"content":{"rendered":"<h3 style=\"text-align: center;\">\u00c0 propos de nous &#8211; Renforcez votre carri\u00e8re et votre r\u00eave \u00e9ducatif<\/h3>\n<p><span style=\"color: #000000;\"><strong>Propri\u00e9taire du site<\/strong> : KP GROUP (Kamerpower) | Contact: contact@kamerpower.com | Tel: +237 675 19 30 28 \u2013 Address: NWCA building, commercial avenue, Bamenda, Cameroun.<\/span><\/p>\n<p><span style=\"color: #000000;\">L\u2019\u00e9dition et la direction de la publication du site kamerpower.com est assur\u00e9e par Annie, domicili\u00e9 \u00e0 Douala,\u00a0Kagiso et Nkwenti, domicili\u00e9 \u00e0 Yaounde au CAMEROUN.<\/span><br \/><span style=\"color: #000000;\"><strong>Responsable publication<\/strong> : Annie M.,\u00a0Kagiso E\u00a0\u2013 Contact: contact@kamerpower.com | Tel: 242 35 59 72<\/span><\/p>\n<p><span style=\"color: #000000;\"><strong>Webmaster<\/strong> : Alondi C. \u2013 Contact: admin@kamerpower.com | Tel: 682 44 70 58<\/span><\/p>\n<p><span style=\"color: #000000;\"><strong>D\u00e9l\u00e9gu\u00e9 \u00e0 la protection des donn\u00e9es<\/strong> : Hans A., KP GROUP (Kamerpower) \u2013 contact@kamerpower.com\u00a0<\/span><\/p>\n<p><span style=\"color: #000000;\"><strong data-reader-unique-id=\"13\">H\u00e9bergeur<\/strong> : \u00a0Hostinger | Adresse : Jonavos str. 60C, 44192, Vilnius, Lituanie | Email support@hostinger.com. Nos serveurs de sites Web sont situ\u00e9s \u00e0 Boston, aux \u00c9tats-Unis d\u2019Am\u00e9rique.<\/span><\/p>\n<p><span style=\"color: #000000;\">Kamerpower est enregistr\u00e9 avec un num\u00e9ro RC.BDA.2020B070. | Adresse e-mail : contact@kamerpower.com. | Num\u00e9ro de t\u00e9l\u00e9phone (682) 44 70 58.<\/span><\/p>\n<h3><span style=\"color: #000000;\"><strong>Notre mission<\/strong><\/span><\/h3>\n<p><span style=\"color: #000000;\">Notre objectif est de vous faire accepter dans l\u2019\u00e9cole ou l\u2019emploi de vos r\u00eaves.<\/span><\/p>\n<h3><span style=\"color: #000000;\"><strong>Notre histoire<\/strong><\/span><\/h3>\n<p><span style=\"color: #000000;\">Fond\u00e9e en 2014, Kamerpower.com est une plateforme fournissant des conseils de carri\u00e8re perspicaces et des opportunit\u00e9s de carri\u00e8re, des pr\u00e9parations aux entretiens d&#8217;embauche et aux examens, des \u00e9tudiants \u00e0 la recherche d&#8217;opportunit\u00e9s d&#8217;\u00e9tudes \u00e0 l&#8217;\u00e9tranger et des ressources p\u00e9dagogiques t\u00e9l\u00e9chargeables, des dipl\u00f4m\u00e9s \u00e0 la recherche des derniers conseils d&#8217;emploi, de r\u00e9daction de CV et de lettres de motivation. Recevez les derni\u00e8res sur les concours, les bourses d&#8217;\u00e9tudes, les les examens nationaux et les offres d&#8217;emplois. Nous favorisons \u00e9galement l\u2019\u00e9volution de carri\u00e8re depuis plus d\u2019une d\u00e9cennie.<\/span><\/p>\n<h3><span style=\"color: #000000;\"><strong>Nos applications mobiles <\/strong><\/span><\/h3>\n<p style=\"text-align: center;\"><span style=\"color: #008000;\"><strong>Kamerpower Epreuves, Corrig\u00e9es<\/strong><\/span><\/p>\n<p><span style=\"color: #000000;\">Kamerpower Epreuves vous permet d&#8217;acc\u00e9der aux anciens sujets et corrig\u00e9es pendant vos \u00e9tudes et votre pr\u00e9paration aux examens.\u00a0<\/span><\/p>\n<p><span style=\"color: #000000;\">C&#8217;est un partenaire d&#8217;\u00e9tude qui vous accompagne pour vos \u00e9tudes personnelles, vos r\u00e9visions entre amis. Cette application inclut le mat\u00e9riel n\u00e9cessaire \u00e0 la pr\u00e9paration d&#8217;examens populaires tels que le GCE, INJS, ESSAL, IFORD, ISSEA, ENAM, ESSAL, CENAJES, EAMAU, FASA, BTS, BAC, IIA, INP-HB ci, EAMAC, et bien d&#8217;autres.\u00a0<\/span><\/p>\n<p><a href=\"https:\/\/play.google.com\/store\/apps\/details?id=com.kamerpower.cm&amp;hl=fr\" target=\"_blank\" rel=\"noopener\"><img decoding=\"async\" class=\"aligncenter\" src=\"https:\/\/play.google.com\/intl\/en_us\/badges\/images\/generic\/fr_badge_web_generic.png\" alt=\"Kamerpower Epreuves, Corrig\u00e9es application Mobile Disponible sur Google Play\" width=\"207\" height=\"80\" \/><\/a><\/p>\n<hr \/>\n<p style=\"text-align: center;\"><span style=\"color: #008000;\"><strong>Concours Application\u00a0<\/strong><\/span><\/p>\n<p><span style=\"font-size: revert; color: #000000;\">Recevez des notifications de kamerpower et des mises \u00e0 jour en temps r\u00e9el de votre examen ou concours d&#8217;entr\u00e9e pr\u00e9f\u00e9r\u00e9 et explorez d&#8217;autres fonctionnalit\u00e9s qui correspondent \u00e0 vos besoins. Facile \u00e0 utiliser par tous les utilisateurs, car il est convivial.<\/span><\/p>\n<p><a href=\"https:\/\/play.google.com\/store\/apps\/details?id=com.kamerpower.concours&amp;hl=fr\" target=\"_blank\" rel=\"noopener\"><img decoding=\"async\" class=\"aligncenter\" src=\"https:\/\/play.google.com\/intl\/en_us\/badges\/images\/generic\/fr_badge_web_generic.png\" alt=\"Kamerpower application Mobile Disponible sur Google Play\" width=\"212\" height=\"82\" \/><\/a><\/p>\n<p style=\"text-align: center;\">Google Play et le logo Google Play sont des marques de Google Inc.<\/p>\n<p style=\"text-align: center;\"><strong>T\u00e9l\u00e9chargez notre application mobile sur Google Play.<\/strong><\/p>\n<hr \/>\n<p><span style=\"color: #000000;\">Kamerpower aide les \u00e9tudiants \u00e0 postuler dans des universit\u00e9s \u00e9trang\u00e8res, les conseille sur leur r\u00eave d&#8217;\u00e9tudes sup\u00e9rieures tout en s&#8217;assurant qu&#8217;ils obtiennent le meilleur guide d&#8217;emploi et les meilleurs conseils de carri\u00e8re pour les aider apr\u00e8s leurs \u00e9tudes.<\/span><\/p>\n<p><img decoding=\"async\" class=\"aligncenter size-full wp-image-68493\" src=\"https:\/\/kamerpower.com\/wp-content\/uploads\/2025\/04\/Bourses-detudes-a-letranger.jpg\" alt=\"Bourses d'\u00e9tudes \u00e0 l'\u00e9tranger\" width=\"1280\" height=\"720\" srcset=\"https:\/\/kamerpower.com\/wp-content\/uploads\/2025\/04\/Bourses-detudes-a-letranger.jpg 1280w, https:\/\/kamerpower.com\/wp-content\/uploads\/2025\/04\/Bourses-detudes-a-letranger-600x338.jpg 600w, https:\/\/kamerpower.com\/wp-content\/uploads\/2025\/04\/Bourses-detudes-a-letranger-300x169.jpg 300w, https:\/\/kamerpower.com\/wp-content\/uploads\/2025\/04\/Bourses-detudes-a-letranger-768x432.jpg 768w, https:\/\/kamerpower.com\/wp-content\/uploads\/2025\/04\/Bourses-detudes-a-letranger-720x405.jpg 720w, https:\/\/kamerpower.com\/wp-content\/uploads\/2025\/04\/Bourses-detudes-a-letranger-520x293.jpg 520w, https:\/\/kamerpower.com\/wp-content\/uploads\/2025\/04\/Bourses-detudes-a-letranger-320x180.jpg 320w, https:\/\/kamerpower.com\/wp-content\/uploads\/2025\/04\/Bourses-detudes-a-letranger-1200x675.jpg 1200w\" sizes=\"(max-width: 1280px) 100vw, 1280px\" \/><\/p>\n<p><span style=\"color: #000000;\">Notre site web kamerpower.com est comme une plate-forme pour les \u00e9tudiants qui souhaitent \u00e9tudier \u00e0 l&#8217;\u00e9tranger, \u00e0 la recherche de conseils de carri\u00e8re perspicaces, les dipl\u00f4m\u00e9s \u00e0 la recherche des derniers conseils d&#8217;emploi, les \u00e9tudiants \u00e0 la recherche de ressources p\u00e9dagogiques telles que les questions et r\u00e9ponses d&#8217;examens pass\u00e9s.<\/span><\/p>\n<p><span style=\"color: #000000;\">Chaque \u00e9tudiant, le personnel des \u00e9tablissements d&#8217;enseignement et nos supporteur doivent contribuer au d\u00e9veloppement de ce site web p\u00e9riodiquement en envoyant leurs commentaires et en posant \u00e9galement des questions via le formulaire de commentaires sur notre site Web. Une \u00e9quipe d&#8217;assistance est toujours l\u00e0 pour vous r\u00e9pondre.<\/span><\/p>\n<hr \/>\n<p style=\"text-align: center;\"><span style=\"color: #000000;\">Pour toute question, <a href=\"https:\/\/kamerpower.com\/fr\/contactez-nous\/\" target=\"_blank\" rel=\"noopener\">contactez-nous<\/a>.<br \/>Yaound\u00e9, Cameroun<br \/>Bamenda, Cameroun<br \/><strong>Email:<\/strong><br \/>info@kamerpower.com<br \/>contact@kamerpower.com<br \/>kamerpowercm@gmail.com<br \/><\/span><\/p>\n<hr \/>\n<p style=\"text-align: center;\"><img decoding=\"async\" class=\"aligncenter wp-image-905 size-full\" src=\"https:\/\/kamerpower.com\/wp-content\/uploads\/2014\/12\/Kamerpower-Results-Portal.png\" alt=\"Kamerpower-Results-Portal\" width=\"393\" height=\"83\" srcset=\"https:\/\/kamerpower.com\/wp-content\/uploads\/2014\/12\/Kamerpower-Results-Portal.png 393w, https:\/\/kamerpower.com\/wp-content\/uploads\/2014\/12\/Kamerpower-Results-Portal-300x63.png 300w\" sizes=\"(max-width: 393px) 100vw, 393px\" \/><\/p>\n<h3>T\u00e9moignages<\/h3>\n<hr \/>\n<p style=\"text-align: center;\">\u00a0<\/p>\n\n\n<iframe loading=\"lazy\" src=\"https:\/\/www.facebook.com\/plugins\/post.php?href=https%3A%2F%2Fweb.facebook.com%2Fpermalink.php%3Fstory_fbid%3Dpfbid022F5R267UkcSpqnFR9irDAtgLhjQRDKdvjCim4TMe1nau53fFdxjeHDg8AbHwrVegl%26id%3D100011488147143&#038;show_text=true&#038;width=500\" width=\"500\" height=\"168\" style=\"border:none;overflow:hidden\" scrolling=\"no\" frameborder=\"0\" allowfullscreen=\"true\" allow=\"autoplay; clipboard-write; encrypted-media; picture-in-picture; web-share\"><\/iframe>\n\n\n\n<iframe loading=\"lazy\" src=\"https:\/\/www.facebook.com\/plugins\/post.php?href=https%3A%2F%2Fweb.facebook.com%2Fchristian.kagadoba%2Fposts%2Fpfbid0aqBEgtD7UfTMHt5pyKThWX6adyoJvuYH1me9sm3kkNANtmRxpHERRrneo2fkmswol&#038;show_text=true&#038;width=500\" width=\"500\" height=\"250\" style=\"border:none;overflow:hidden\" scrolling=\"no\" frameborder=\"0\" allowfullscreen=\"true\" allow=\"autoplay; clipboard-write; encrypted-media; picture-in-picture; web-share\"><\/iframe>\n\n\n\n<iframe loading=\"lazy\" src=\"https:\/\/www.facebook.com\/plugins\/post.php?href=https%3A%2F%2Fweb.facebook.com%2Fchristiana.fashida%2Fposts%2Fpfbid02r2B4JaksCgEDhpqzGo7891hYEYyyeXjgspFvC7ZJE7DJayMW4HphfjuYFrYwwGWNl&#038;show_text=true&#038;width=500\" width=\"500\" height=\"158\" style=\"border:none;overflow:hidden\" scrolling=\"no\" frameborder=\"0\" allowfullscreen=\"true\" allow=\"autoplay; clipboard-write; encrypted-media; picture-in-picture; web-share\"><\/iframe>\n\n\n\n<iframe loading=\"lazy\" src=\"https:\/\/www.facebook.com\/plugins\/post.php?href=https%3A%2F%2Fweb.facebook.com%2Falexis.sobdibekami%2Fposts%2Fpfbid02DRtpG8zYCLBaM97TFtJ7Rfr7Dg4LcRgLaJNXMCnhrpYz7kytpfjiVPPuGK8AbAkel&#038;show_text=true&#038;width=500\" width=\"500\" height=\"250\" style=\"border:none;overflow:hidden\" scrolling=\"no\" frameborder=\"0\" allowfullscreen=\"true\" allow=\"autoplay; clipboard-write; encrypted-media; picture-in-picture; web-share\"><\/iframe>\n\n\n\n<iframe loading=\"lazy\" src=\"https:\/\/www.facebook.com\/plugins\/post.php?href=https%3A%2F%2Fweb.facebook.com%2Falexmarcoviera.van%2Fposts%2Fpfbid0gdKrxhHQztTc2RtrHqd5MJkuNBJSHmZF8WWQzZkC4U6pwDoykwGssZdNJNu6Ms2Pl&#038;show_text=true&#038;width=500\" width=\"500\" height=\"250\" style=\"border:none;overflow:hidden\" scrolling=\"no\" frameborder=\"0\" allowfullscreen=\"true\" allow=\"autoplay; clipboard-write; encrypted-media; picture-in-picture; web-share\"><\/iframe>\n\n\n\n<iframe loading=\"lazy\" src=\"https:\/\/www.facebook.com\/plugins\/post.php?href=https%3A%2F%2Fweb.facebook.com%2Ffrancior.ndip.9%2Fposts%2Fpfbid0HHmxUq6gnbEh42hbcAtsxDMzeTPp8sqUf8bT6Xipvk7AtZbP44ypYaZCUAzt4JmGl&#038;show_text=true&#038;width=500\" width=\"500\" height=\"158\" style=\"border:none;overflow:hidden\" scrolling=\"no\" frameborder=\"0\" allowfullscreen=\"true\" allow=\"autoplay; clipboard-write; encrypted-media; picture-in-picture; web-share\"><\/iframe>\n","protected":false},"excerpt":{"rendered":"<p>&#46;&#46;&#46;<\/p>\n","protected":false},"author":1,"featured_media":68491,"parent":0,"menu_order":0,"comment_status":"closed","ping_status":"closed","template":"","meta":{"_themeisle_gutenberg_block_has_review":false,"footnotes":""},"class_list":["post-479","page","type-page","status-publish","has-post-thumbnail","hentry"],"_links":{"self":[{"href":"https:\/\/kamerpower.com\/fr\/wp-json\/wp\/v2\/pages\/479","targetHints":{"allow":["GET"]}}],"collection":[{"href":"https:\/\/kamerpower.com\/fr\/wp-json\/wp\/v2\/pages"}],"about":[{"href":"https:\/\/kamerpower.com\/fr\/wp-json\/wp\/v2\/types\/page"}],"author":[{"embeddable":true,"href":"https:\/\/kamerpower.com\/fr\/wp-json\/wp\/v2\/users\/1"}],"replies":[{"embeddable":true,"href":"https:\/\/kamerpower.com\/fr\/wp-json\/wp\/v2\/comments?post=479"}],"version-history":[{"count":3,"href":"https:\/\/kamerpower.com\/fr\/wp-json\/wp\/v2\/pages\/479\/revisions"}],"predecessor-version":[{"id":69984,"href":"https:\/\/kamerpower.com\/fr\/wp-json\/wp\/v2\/pages\/479\/revisions\/69984"}],"wp:featuredmedia":[{"embeddable":true,"href":"https:\/\/kamerpower.com\/fr\/wp-json\/wp\/v2\/media\/68491"}],"wp:attachment":[{"href":"https:\/\/kamerpower.com\/fr\/wp-json\/wp\/v2\/media?parent=479"}],"curies":[{"name":"wp","href":"https:\/\/api.w.org\/{rel}","templated":true}]}}