{"id":68599,"date":"2025-04-11T13:12:37","date_gmt":"2025-04-11T12:12:37","guid":{"rendered":"https:\/\/kamerpower.com\/?page_id=68599"},"modified":"2025-11-28T22:36:50","modified_gmt":"2025-11-28T21:36:50","slug":"contactez-nous","status":"publish","type":"page","link":"https:\/\/kamerpower.com\/fr\/contactez-nous\/","title":{"rendered":"Contactez Nous"},"content":{"rendered":"\n<div id=\"wp-block-themeisle-blocks-advanced-columns-55b78b58\" class=\"wp-block-themeisle-blocks-advanced-columns alignfull has-5-columns has-desktop-equal-layout has-tablet-equal-layout has-mobile-collapsedRows-layout has-vertical-center ticss-c00aadba has-light-bg\"><div class=\"wp-block-themeisle-blocks-advanced-columns-overlay\"><\/div><div class=\"innerblocks-wrap\">\n<div id=\"wp-block-themeisle-blocks-advanced-column-d16eef57\" class=\"wp-block-themeisle-blocks-advanced-column\">\n<div id=\"wp-block-themeisle-blocks-font-awesome-icons-2103d68e\" class=\"wp-block-themeisle-blocks-font-awesome-icons\"><span class=\"wp-block-themeisle-blocks-font-awesome-icons-container\"><a href=\"https:\/\/www.facebook.com\/KamerPower\" target=\"_blank\" rel=\"noopener noreferrer\"><i class=\"fab fa-facebook\"><\/i><\/a><\/span><\/div>\n\n\n\n<h3 id=\"wp-block-themeisle-blocks-advanced-heading-af4a6933\" class=\"wp-block-themeisle-blocks-advanced-heading wp-block-themeisle-blocks-advanced-heading-af4a6933\">Facebook<\/h3>\n<\/div>\n\n\n\n<div id=\"wp-block-themeisle-blocks-advanced-column-c626ded0\" class=\"wp-block-themeisle-blocks-advanced-column\">\n<div id=\"wp-block-themeisle-blocks-font-awesome-icons-d343dbcf\" class=\"wp-block-themeisle-blocks-font-awesome-icons\"><span class=\"wp-block-themeisle-blocks-font-awesome-icons-container\"><a href=\"https:\/\/twitter.com\/KamerPower\" target=\"_blank\" rel=\"noopener noreferrer\"><i class=\"fab fa-twitter\"><\/i><\/a><\/span><\/div>\n\n\n\n<h3 id=\"wp-block-themeisle-blocks-advanced-heading-428243c4\" class=\"wp-block-themeisle-blocks-advanced-heading wp-block-themeisle-blocks-advanced-heading-428243c4\">Twitter<\/h3>\n<\/div>\n\n\n\n<div id=\"wp-block-themeisle-blocks-advanced-column-bd1b0b6b\" class=\"wp-block-themeisle-blocks-advanced-column\">\n<div id=\"wp-block-themeisle-blocks-font-awesome-icons-cebe6eb8\" class=\"wp-block-themeisle-blocks-font-awesome-icons\"><span class=\"wp-block-themeisle-blocks-font-awesome-icons-container\"><a href=\"https:\/\/t.me\/kamer_power\" target=\"_blank\" rel=\"noopener noreferrer\"><i class=\"fab fa-telegram\"><\/i><\/a><\/span><\/div>\n\n\n\n<h3 id=\"wp-block-themeisle-blocks-advanced-heading-112ba0b0\" class=\"wp-block-themeisle-blocks-advanced-heading wp-block-themeisle-blocks-advanced-heading-112ba0b0\">Telegram<\/h3>\n<\/div>\n\n\n\n<div id=\"wp-block-themeisle-blocks-advanced-column-a20c867c\" class=\"wp-block-themeisle-blocks-advanced-column\">\n<div id=\"wp-block-themeisle-blocks-font-awesome-icons-8e6fc957\" class=\"wp-block-themeisle-blocks-font-awesome-icons\"><span class=\"wp-block-themeisle-blocks-font-awesome-icons-container\"><a href=\"https:\/\/chat.whatsapp.com\/CH7uxat21Dd3MsMLIvdsYg\" target=\"_blank\" rel=\"noopener noreferrer\"><i class=\"fab fa-whatsapp\"><\/i><\/a><\/span><\/div>\n\n\n\n<h3 id=\"wp-block-themeisle-blocks-advanced-heading-9b059f39\" class=\"wp-block-themeisle-blocks-advanced-heading wp-block-themeisle-blocks-advanced-heading-9b059f39\">Whatsapp<\/h3>\n<\/div>\n\n\n\n<div id=\"wp-block-themeisle-blocks-advanced-column-c1188e0b\" class=\"wp-block-themeisle-blocks-advanced-column\">\n<div id=\"wp-block-themeisle-blocks-font-awesome-icons-bd61f355\" class=\"wp-block-themeisle-blocks-font-awesome-icons\"><span class=\"wp-block-themeisle-blocks-font-awesome-icons-container\"><a href=\"https:\/\/www.pinterest.com\/kamerpower\/\" target=\"_blank\" rel=\"noopener noreferrer\"><i class=\"fab fa-pinterest-square\"><\/i><\/a><\/span><\/div>\n\n\n\n<h3 id=\"wp-block-themeisle-blocks-advanced-heading-d5eaf655\" class=\"wp-block-themeisle-blocks-advanced-heading wp-block-themeisle-blocks-advanced-heading-d5eaf655\">Pinterest<\/h3>\n<\/div>\n<\/div><\/div>\n\n\n\n<section id=\"wp-block-themeisle-blocks-advanced-columns-debe9c02\" class=\"wp-block-themeisle-blocks-advanced-columns alignfull has-2-columns has-desktop-equal-layout has-tablet-equal-layout has-mobile-collapsedRows-layout has-vertical-flex-start has-dark-bg\"><div class=\"wp-block-themeisle-blocks-advanced-columns-overlay\"><\/div><div class=\"innerblocks-wrap\">\n<div id=\"wp-block-themeisle-blocks-advanced-column-1cf06e66\" class=\"wp-block-themeisle-blocks-advanced-column\">\n<figure class=\"wp-block-image size-full\"><img loading=\"lazy\" decoding=\"async\" width=\"1280\" height=\"730\" src=\"https:\/\/kamerpower.com\/wp-content\/uploads\/2025\/04\/KP-default-image-1280x730-1.jpg\" alt=\"\" class=\"wp-image-68602\" srcset=\"https:\/\/kamerpower.com\/wp-content\/uploads\/2025\/04\/KP-default-image-1280x730-1.jpg 1280w, https:\/\/kamerpower.com\/wp-content\/uploads\/2025\/04\/KP-default-image-1280x730-1-600x342.jpg 600w, https:\/\/kamerpower.com\/wp-content\/uploads\/2025\/04\/KP-default-image-1280x730-1-300x171.jpg 300w, https:\/\/kamerpower.com\/wp-content\/uploads\/2025\/04\/KP-default-image-1280x730-1-768x438.jpg 768w, https:\/\/kamerpower.com\/wp-content\/uploads\/2025\/04\/KP-default-image-1280x730-1-720x411.jpg 720w, https:\/\/kamerpower.com\/wp-content\/uploads\/2025\/04\/KP-default-image-1280x730-1-520x297.jpg 520w, https:\/\/kamerpower.com\/wp-content\/uploads\/2025\/04\/KP-default-image-1280x730-1-320x183.jpg 320w, https:\/\/kamerpower.com\/wp-content\/uploads\/2025\/04\/KP-default-image-1280x730-1-150x86.jpg 150w\" sizes=\"auto, (max-width: 1280px) 100vw, 1280px\" \/><\/figure>\n\n\n\n<p>Contactez nous via nos&nbsp;<strong>WhatsApp<\/strong>&nbsp;+237682447058&nbsp;ou sur&nbsp;<strong>Telegram<\/strong>682447058.. N\u2019h\u00e9sitez pas \u00e0 nous contacter \u00e9galement sur nos r\u00e9seaux sociaux<\/p>\n\n\n\n<p><strong>Commercial Avenue NWCA building first floor room 5, Bamenda.<\/strong><\/p>\n\n\n\n<p class=\"has-text-align-center\"><strong>Tel<\/strong> <strong>:<\/strong> <strong>+237682447058<\/strong><br><strong>P.O Box 17628&nbsp;Yaound\u00e9<\/strong>, <strong>Cameroon<\/strong><\/p>\n\n\n\n<p class=\"has-text-align-center\"><strong><strong>Contact e-mail<\/strong><\/strong> <strong>:<\/strong><br>info@kamerpower.com<br>contact@kamerpower.com<br>kamerpowercm@gmail.com<\/p>\n\n\n\n<p><strong>Kamerpower&nbsp;Lien<\/strong> <strong>WhatsApp Groupe<\/strong> : &nbsp;<a href=\"https:\/\/chat.whatsapp.com\/CH7uxat21Dd3MsMLIvdsYg\" target=\"_blank\" rel=\"noreferrer noopener\">https:\/\/chat.whatsapp.com\/CH7uxat21Dd3MsMLIvdsYg<\/a><\/p>\n\n\n\n<p>Lien vers notre groupe Facebook :  &nbsp;<a href=\"https:\/\/web.facebook.com\/groups\/846116255437815\" target=\"_blank\" rel=\"noreferrer noopener\">https:\/\/web.facebook.com\/groups\/846116255437815<\/a><\/p>\n<\/div>\n\n\n\n<div id=\"wp-block-themeisle-blocks-advanced-column-ae7fbdf5\" class=\"wp-block-themeisle-blocks-advanced-column\">\n<h2 class=\"wp-block-heading\" id=\"h-envoyez-nous-un-message-via-ce-formulaire-1\">Envoyez-nous un message via ce formulaire.<\/h2>\n\n\n\n<p>Envoyez-nous un courriel via ce formulaire et nous vous r\u00e9pondrons avec plus de d\u00e9tails\u00a0!<\/p>\n\n\n\n<div class=\"wp-block-contact-form-7-contact-form-selector\">\n<div class=\"wpcf7 no-js\" id=\"wpcf7-f68741-o1\" lang=\"en-US\" dir=\"ltr\" data-wpcf7-id=\"68741\">\n<div class=\"screen-reader-response\"><p role=\"status\" aria-live=\"polite\" aria-atomic=\"true\"><\/p> <ul><\/ul><\/div>\n<form action=\"\/fr\/wp-json\/wp\/v2\/pages\/68599#wpcf7-f68741-o1\" method=\"post\" class=\"wpcf7-form init\" aria-label=\"Contact form\" novalidate=\"novalidate\" data-status=\"init\">\n<fieldset class=\"hidden-fields-container\"><input type=\"hidden\" name=\"_wpcf7\" value=\"68741\" \/><input type=\"hidden\" name=\"_wpcf7_version\" value=\"6.1.5\" \/><input type=\"hidden\" name=\"_wpcf7_locale\" value=\"en_US\" \/><input type=\"hidden\" name=\"_wpcf7_unit_tag\" value=\"wpcf7-f68741-o1\" \/><input type=\"hidden\" name=\"_wpcf7_container_post\" value=\"0\" \/><input type=\"hidden\" name=\"_wpcf7_posted_data_hash\" value=\"\" \/>\n<\/fieldset>\n<p><label> Your name<br \/>\n<span class=\"wpcf7-form-control-wrap\" data-name=\"your-name\"><input size=\"40\" maxlength=\"400\" class=\"wpcf7-form-control wpcf7-text wpcf7-validates-as-required\" autocomplete=\"name\" aria-required=\"true\" aria-invalid=\"false\" value=\"\" type=\"text\" name=\"your-name\" \/><\/span> <\/label>\n<\/p>\n<p><label> Your email<br \/>\n<span class=\"wpcf7-form-control-wrap\" data-name=\"your-email\"><input size=\"40\" maxlength=\"400\" class=\"wpcf7-form-control wpcf7-email wpcf7-validates-as-required wpcf7-text wpcf7-validates-as-email\" autocomplete=\"email\" aria-required=\"true\" aria-invalid=\"false\" value=\"\" type=\"email\" name=\"your-email\" \/><\/span> <\/label>\n<\/p>\n<p><label> Subject<br \/>\n<span class=\"wpcf7-form-control-wrap\" data-name=\"your-subject\"><input size=\"40\" maxlength=\"400\" class=\"wpcf7-form-control wpcf7-text wpcf7-validates-as-required\" aria-required=\"true\" aria-invalid=\"false\" value=\"\" type=\"text\" name=\"your-subject\" \/><\/span> <\/label>\n<\/p>\n<p><label> Your message (optional)<br \/>\n<span class=\"wpcf7-form-control-wrap\" data-name=\"your-message\"><textarea cols=\"40\" rows=\"10\" maxlength=\"2000\" class=\"wpcf7-form-control wpcf7-textarea\" aria-invalid=\"false\" name=\"your-message\"><\/textarea><\/span> <\/label><br \/>\n<div class=\"cf7-cf-turnstile\" style=\"margin-top: 0px; margin-bottom: -15px;\"> <div id=\"cf-turnstile-cf7-959786132\" class=\"cf-turnstile\" data-callback=\"turnstileCF7Callback\" data-sitekey=\"0x4AAAAAABi4QT_57ppSKrkD\" data-theme=\"light\" data-language=\"auto\" data-size=\"normal\" data-retry=\"auto\" data-retry-interval=\"1000\" data-refresh-expired=\"auto\" data-refresh-timeout=\"auto\" data-action=\"contact-form-7\" data-callback=\"turnstileCF7Callback\" data-appearance=\"always\"><\/div> <style>.wpcf7-submit { pointer-events: none; opacity: 0.5; }<\/style> <script>document.addEventListener(\"DOMContentLoaded\", function() { setTimeout(function(){ var e=document.getElementById(\"cf-turnstile-cf7-959786132\"); if(e&&!e.innerHTML.trim()){turnstile.render(e, {sitekey:\"0x4AAAAAABi4QT_57ppSKrkD\"});} }, 200); });<\/script> <br class=\"cf-turnstile-br cf-turnstile-br-cf7-959786132\"> <style>#cf-turnstile-cf7-959786132 { margin-left: -15px; }<\/style> <script>document.addEventListener(\"DOMContentLoaded\",function(){document.querySelectorAll('.wpcf7-form').forEach(function(e){e.addEventListener('submit',function(){if(document.getElementById('cf-turnstile-cf7-959786132')){setTimeout(function(){turnstile.reset('#cf-turnstile-cf7-959786132');},1000)}})})});<\/script> <\/div><br \/>\n<input class=\"wpcf7-form-control wpcf7-submit has-spinner\" type=\"submit\" value=\"Submit\" \/>\n<\/p><div class=\"wpcf7-response-output\" aria-hidden=\"true\"><\/div>\n<\/form>\n<\/div>\n<\/div>\n<\/div>\n<\/div><\/section>\n","protected":false},"excerpt":{"rendered":"","protected":false},"author":1,"featured_media":0,"parent":0,"menu_order":0,"comment_status":"closed","ping_status":"closed","template":"","meta":{"_themeisle_gutenberg_block_has_review":false,"footnotes":""},"class_list":["post-68599","page","type-page","status-publish","hentry"],"_links":{"self":[{"href":"https:\/\/kamerpower.com\/fr\/wp-json\/wp\/v2\/pages\/68599","targetHints":{"allow":["GET"]}}],"collection":[{"href":"https:\/\/kamerpower.com\/fr\/wp-json\/wp\/v2\/pages"}],"about":[{"href":"https:\/\/kamerpower.com\/fr\/wp-json\/wp\/v2\/types\/page"}],"author":[{"embeddable":true,"href":"https:\/\/kamerpower.com\/fr\/wp-json\/wp\/v2\/users\/1"}],"replies":[{"embeddable":true,"href":"https:\/\/kamerpower.com\/fr\/wp-json\/wp\/v2\/comments?post=68599"}],"version-history":[{"count":6,"href":"https:\/\/kamerpower.com\/fr\/wp-json\/wp\/v2\/pages\/68599\/revisions"}],"predecessor-version":[{"id":71974,"href":"https:\/\/kamerpower.com\/fr\/wp-json\/wp\/v2\/pages\/68599\/revisions\/71974"}],"wp:attachment":[{"href":"https:\/\/kamerpower.com\/fr\/wp-json\/wp\/v2\/media?parent=68599"}],"curies":[{"name":"wp","href":"https:\/\/api.w.org\/{rel}","templated":true}]}}