{"id":68603,"date":"2025-04-12T02:00:34","date_gmt":"2025-04-12T01:00:34","guid":{"rendered":"https:\/\/kamerpower.com\/?page_id=68603"},"modified":"2025-04-14T16:59:30","modified_gmt":"2025-04-14T15:59:30","slug":"mentions-legales","status":"publish","type":"page","link":"https:\/\/kamerpower.com\/fr\/mentions-legales\/","title":{"rendered":"Mentions L\u00e9gales"},"content":{"rendered":"<p><span style=\"color: #000000;\"><em>Derni\u00e8re mise \u00e0 jour des donn\u00e9es de ce texte : 12 avril 2025<\/em><\/span><\/p>\n<hr \/>\n<h2><strong><span style=\"color: #000000;\">Mentions L\u00e9gales<\/span><\/strong><\/h2>\n<h3><span style=\"color: #000000;\"><strong>1 \u2013 Informations relatives a l&#8217;editeur du site<\/strong><\/span><\/h3>\n<p><span style=\"color: #000000;\">En vertu de\u00a0l\u2019<a href=\"https:\/\/www.legifrance.gouv.fr\/loda\/article_lc\/LEGIARTI000049577522\" target=\"_blank\" rel=\"noopener\">article 6<\/a> de la <a href=\"https:\/\/www.legifrance.gouv.fr\/loda\/id\/JORFTEXT000000801164#LEGIARTI000042038977\" target=\"_blank\" rel=\"noopener\">loi n\u00b0 2004-575 du 21 juin 2004<\/a>\u00a0pour la confiance dans l\u2019\u00e9conomie num\u00e9rique, il est pr\u00e9cis\u00e9 aux utilisateurs du site internet\u00a0<a href=\"https:\/\/kamerpower.com\">https:\/\/kamerpower.com<\/a> l\u2019identit\u00e9 des diff\u00e9rents intervenants dans le cadre de sa r\u00e9alisation et de son suivi:<\/span><\/p>\n<p><span style=\"color: #000000;\"><strong>Propri\u00e9taire du site<\/strong> : KP GROUP (Kamerpower) | Adresse de courrier \u00e9lectronique : contact@kamerpower.com | Tel: +237 675 19 30 28 \u2013 Address: NWCA building, commercial avenue, Bamenda, Cameroun.<\/span><\/p>\n<p><span style=\"color: #000000;\">L\u2019\u00e9dition et la direction de la publication du site kamerpower.com est assur\u00e9e par Annie, domicili\u00e9 \u00e0 Douala,\u00a0Kagiso et Nkwenti, domicili\u00e9 \u00e0 Yaounde au CAMEROUN.<\/span><br \/>\n<span style=\"color: #000000;\"><strong>Responsable publication<\/strong> : Annie M.,\u00a0Kagiso E\u00a0\u2013 Contact: contact@kamerpower.com | Tel: 242 35 59 72<\/span><\/p>\n<p><span style=\"color: #000000;\"><strong>Webmaster<\/strong> : Alondi C. \u2013 Contact: admin@kamerpower.com | Tel: 682 44 70 58<\/span><\/p>\n<p><span style=\"color: #000000;\"><strong>D\u00e9l\u00e9gu\u00e9 \u00e0 la protection des donn\u00e9es<\/strong> : Hans A., KP GROUP (Kamerpower) \u2013 contact@kamerpower.com\u00a0<\/span><\/p>\n<p><span style=\"color: #000000;\"><strong>Num\u00e9ro d&#8217;enregistrement<\/strong> RC. BDA.2020B070. | Adresse e-mail : contact@kamerpower.com. | Num\u00e9ro de t\u00e9l\u00e9phone (682) 44 70 58.<\/span><\/p>\n<h3><span style=\"color: #000000;\"><strong>2 \u2013 Informations Relatives a l&#8217;hebergeur du Site<\/strong><\/span><\/h3>\n<p><span style=\"color: #000000;\"><strong>Nom de l&#8217;h\u00e9bergeur<\/strong> : Hostinger<\/span><br \/>\n<span style=\"color: #000000;\"><strong>Adresse de l&#8217;h\u00e9bergeur<\/strong> : Jonavos str. 60C, 44192, Vilnius, Lituanie.<\/span><br \/>\n<span style=\"color: #000000;\"><strong>Num\u00e9ro de t\u00e9l\u00e9phone et address e-mail de l&#8217;h\u00e9bergeur<\/strong> : support@hostinger.com<\/span><br \/>\n<span style=\"color: #000000;\"><strong>Localisation de nos serveurs<\/strong> : Boston, \u00c9tats-Unis d\u2019Am\u00e9rique.<\/span><\/p>\n<h3><strong><span style=\"color: #000000;\">3 \u2013 ANTIC &#8211; Informations relatives a la protection des donnees personnelles<\/span><\/strong><\/h3>\n<p><span style=\"color: #000000;\">Toutes les donn\u00e9es personnelles sont trait\u00e9es conform\u00e9ment au <strong><a href=\"https:\/\/eur-lex.europa.eu\/legal-content\/FR\/TXT\/?uri=CELEX%3A02016R0679-20160504\" target=\"_blank\" rel=\"noopener\">R\u00e8glement g\u00e9n\u00e9ral sur la protection des donn\u00e9es (UE) 2016\/679<\/a> (\u00ab <span style=\"color: #000000;\">RGPD \u00bb<\/span><\/strong>). En savoir plus sur la <a href=\"https:\/\/kamerpower.com\/fr\/conformite-au-rgpd\/\">conformit\u00e9 au RGPD<\/a>.<\/span><\/p>\n<p><span style=\"color: #000000;\">R\u00e9glementations des \u00c9tats am\u00e9ricains &#8211; Lois sur la confidentialit\u00e9 des donn\u00e9es qui r\u00e9gissent la mani\u00e8re dont les entreprises g\u00e8rent les informations personnelles des utilisateurs dans certains \u00c9tats am\u00e9ricains.<\/span><\/p>\n<p><span style=\"color: #000000;\">Conform\u00e9ment \u00e0 la r\u00e9glementation europ\u00e9enne en vigueur, les Utilisateurs de\u00a0<a href=\"https:\/\/kamerpower.com\">https:\/\/kamerpower.com<\/a>\u00a0disposent des droits suivants :<\/span><\/p>\n<ul>\n<li><span style=\"color: #000000;\">droit d\u2019acc\u00e8s (article 15 RGPD) et de rectification (article 16 RGPD), de mise \u00e0 jour, de compl\u00e9tude des donn\u00e9es des Utilisateurs droit de verrouillage ou d\u2019effacement des donn\u00e9es des Utilisateurs \u00e0 caract\u00e8re personnel (article 17 du RGPD), lorsqu\u2019elles sont inexactes, incompl\u00e8tes, \u00e9quivoques, p\u00e9rim\u00e9es, ou dont la collecte, l\u2019utilisation, la communication ou la conservation est interdite.<\/span><\/li>\n<li><span style=\"color: #000000;\">droit de retirer \u00e0 tout moment un consentement (article 13-2c RGPD).<\/span><\/li>\n<li><span style=\"color: #000000;\">droit \u00e0 la limitation du traitement des donn\u00e9es des Utilisateurs (article 18 RGPD).<\/span><\/li>\n<li><span style=\"color: #000000;\">droit d\u2019opposition au traitement des donn\u00e9es des Utilisateurs (article 21 RGPD).<\/span><\/li>\n<li><span style=\"color: #000000;\">droit \u00e0 la portabilit\u00e9 des donn\u00e9es que les Utilisateurs auront fournies, lorsque ces donn\u00e9es font l\u2019objet de traitements automatis\u00e9s fond\u00e9s sur leur consentement ou sur un contrat (article 20 RGPD).<\/span><\/li>\n<li><span style=\"color: #000000;\">droit de d\u00e9finir le sort des donn\u00e9es des Utilisateurs apr\u00e8s leur mort et de choisir \u00e0 qui\u00a0https:\/\/kamerpower.com\u00a0devra communiquer (ou non) ses donn\u00e9es \u00e0 un tiers qu\u2019ils aura pr\u00e9alablement d\u00e9sign\u00e9.<\/span><\/li>\n<\/ul>\n<p><span style=\"color: #000000;\">Nous nous engageons \u00e0 respecter les dispositions du r\u00e8glement g\u00e9n\u00e9ral sur la protection des donn\u00e9es (RGPD) et la loi Informatique et Libert\u00e9s pour toutes les donn\u00e9es personnelles que nous pourrions collecter et traiter.<\/span><\/p>\n<p><span style=\"color: #000000;\">Conform\u00e9ment \u00e0 la<\/span> <a href=\"https:\/\/www.legifrance.gouv.fr\/loda\/id\/JORFTEXT000000886460\" target=\"_blank\" rel=\"noopener\">Loi Informatique et libert\u00e9s du 6 janvier 1978 modifi\u00e9e<\/a><span style=\"color: #000000;\">(France-Europe), l\u2019utilisateur du site https:\/\/kamerpower.com disposez d&#8217;un droit d&#8217;acc\u00e8s, de rectification, de modification et de suppression des donn\u00e9es qui vous concernent. Vous pouvez exercer ce droit en envoyant un courrier \u00e9lectronique \u00e0 l&#8217;adresse de notre D\u00e9l\u00e9gu\u00e9 \u00e0 la Protection des Donn\u00e9es\u00a0: Hans A.\u00a0\u2013 \u00a0contact@kamerpower.com ou sur le <a href=\"https:\/\/kamerpower.com\/fr\/demande-de-suppression-du-compte-et-des-donnees-associees\/\"><strong>formulaire de demande de suppression de compte et de donn\u00e9es associ\u00e9es<\/strong><\/a>.\u00a0<\/span><\/p>\n<h3><span style=\"color: #000000;\"><strong>4 \u2013 Politique d&#8217;utilisation des cookies<\/strong><\/span><\/h3>\n<p><span style=\"color: #000000;\">Ce site web utilise des cookies pour am\u00e9liorer votre exp\u00e9rience de navigation. Vous pouvez consulter notre <a href=\"https:\/\/kamerpower.com\/fr\/politique-de-cookies\/\"><strong>politique de gestion des cookies<\/strong><\/a>\u00a0pour plus d&#8217;informations.<\/span><\/p>\n<h3><span style=\"color: #000000;\"><strong>5 \u2013 Liens hypertextes et cookies<\/strong><\/span><\/h3>\n<p><span style=\"color: #000000;\">Le site\u00a0https:\/\/kamerpower.com\u00a0contient des liens hypertextes vers d\u2019autres sites et d\u00e9gage toute responsabilit\u00e9 \u00e0 propos de ces liens externes ou des liens cr\u00e9\u00e9s par d\u2019autres sites vers\u00a0https:\/\/kamerpower.com.<\/span><\/p>\n<p><span style=\"color: #000000;\">La navigation sur le site\u00a0https:\/\/kamerpower.com\/\u00a0est susceptible de provoquer l\u2019installation de cookie(s) sur l\u2019ordinateur de l\u2019utilisateur.<\/span><\/p>\n<p><span style=\"color: #000000;\">Un \u201ccookie\u201d est un fichier de petite taille qui enregistre des informations relatives \u00e0 la navigation d\u2019un utilisateur sur un site. Les donn\u00e9es ainsi obtenues permettent d\u2019obtenir des mesures de fr\u00e9quentation, par exemple.<\/span><\/p>\n<p><span style=\"color: #000000;\">Vous avez la possibilit\u00e9\u00a0d\u2019accepter ou de refuser les cookies\u00a0en modifiant les param\u00e8tres de votre navigateur. Aucun cookie ne sera d\u00e9pos\u00e9 sans votre consentement.\u00a0Les cookies sont enregistr\u00e9s pour une dur\u00e9e maximale de\u00a01 an.<\/span><\/p>\n<p><span style=\"color: #000000;\">Pour plus d\u2019informations sur la fa\u00e7on dont nous faisons usage des cookies, lisez notre <a href=\"https:\/\/kamerpower.com\/fr\/politique-de-confidentialite\/\">politique-de confidentialit\u00e9<\/a>.\u00a0<\/span><\/p>\n<h3><span style=\"color: #000000;\"><strong>6 \u2013\u00a0Propri\u00e9t\u00e9\u00a0Intellectuelle<\/strong><\/span><\/h3>\n<p><span style=\"color: #000000;\">Tous les contenus pr\u00e9sents sur ce site web, y compris, mais sans s&#8217;y limiter, les textes, images, graphiques, logos, ic\u00f4nes, sons et logiciels, sont la propri\u00e9t\u00e9 de KP GROUP (Kamerpower) ou de ses fournisseurs de contenu, et sont prot\u00e9g\u00e9s par les lois internationales sur les droits d&#8217;auteur. L&#8217;organisation et la pr\u00e9sentation de tout ce contenu, ainsi que le code source, sont la propri\u00e9t\u00e9 exclusive de KP GROUP (Kamerpower).<\/span><\/p>\n<p><span style=\"color: #000000;\">Toutes les marques commerciales utilis\u00e9es ou mentionn\u00e9es sur ce site sont la propri\u00e9t\u00e9 de leurs propri\u00e9taires respectifs.<\/span><\/p>\n<p><span style=\"color: #000000;\">L&#8217;utilisateur n&#8217;est pas autoris\u00e9 \u00e0 utiliser, reproduire, copier, modifier, transmettre, diffuser, vendre, licencier, ou de toute autre mani\u00e8re exploiter le contenu du site \u00e0 des fins commerciales, sans l&#8217;autorisation \u00e9crite pr\u00e9alable de KP GROUP (Kamerpower) ou du titulaire des droits.<\/span><\/p>\n<p><span style=\"color: #000000;\">Toute violation de ces droits peut entra\u00eener des poursuites civiles ou p\u00e9nales conform\u00e9ment aux lois applicables.<\/span><\/p>\n<p><span style=\"color: #000000;\">Ce site peut contenir des informations fournies par des entreprises externes ou des liens hypertextes vers d&#8217;autres sites qui ne sont pas g\u00e9r\u00e9s par KP GROUP (Kamerpower). Ces liens et informations sont fournis \u00e0 titre de convenance pour l&#8217;utilisateur. L&#8217;existence d&#8217;un lien vers un autre site ne constitue pas une approbation de ce site ou de son contenu par KP GROUP (Kamerpower). Il incombe \u00e0 l&#8217;utilisateur d&#8217;utiliser ces informations avec discernement et un esprit critique. La responsabilit\u00e9 de Kamerpower ne peut \u00eatre engag\u00e9e en raison des informations, opinions et recommandations fournies par des tiers.<\/span><\/p>\n<p><span style=\"color: #000000;\">Les entreprises qui souhaitent \u00e9tablir un lien vers ce site sont libres de le faire. Nous appr\u00e9cierions que vous nous informiez de la mise en place d&#8217;un lien en nous contactant via le formulaire de contact, en nous fournissant votre raison sociale, votre activit\u00e9 et l&#8217;URL de la page o\u00f9 se trouve le lien.<\/span><\/p>\n<p><span style=\"color: #000000;\">Toute reproduction, repr\u00e9sentation, modification, publication, adaptation de tout ou partie des \u00e9l\u00e9ments du site, quel que soit le moyen ou le proc\u00e9d\u00e9 utilis\u00e9, est interdite, sauf autorisation \u00e9crite pr\u00e9alable de KP GROUP (Kamerpower). Toute exploitation non autoris\u00e9e du site ou de l\u2019un quelconque des \u00e9l\u00e9ments qu\u2019il contient sera consid\u00e9r\u00e9e comme constitutive d\u2019une contrefa\u00e7on et poursuivie conform\u00e9ment aux dispositions des articles\u00a0L.335-2 \u00a0<a href=\"https:\/\/www.legifrance.gouv.fr\/codes\/texte_lc\/LEGITEXT000006069414\/2016-06-05\/\" target=\"_blank\" rel=\"noopener\">L111-1 \u00e0 L811-6<\/a> et suivants du Code de Propri\u00e9t\u00e9 Intellectuelle.<\/span><\/p>\n<h3><span style=\"color: #000000;\"><strong>7 \u2013 Limitations contractuelles sur les donn\u00e9es techniques.<\/strong><\/span><\/h3>\n<p><span style=\"color: #000000;\">Le site utilise la technologie JavaScript. Le site Internet ne pourra \u00eatre tenu responsable de dommages mat\u00e9riels li\u00e9s \u00e0 l\u2019utilisation du site. De plus, l\u2019utilisateur du site s\u2019engage \u00e0 acc\u00e9der au site en utilisant un mat\u00e9riel r\u00e9cent, ne contenant pas de virus et avec un navigateur de derni\u00e8re g\u00e9n\u00e9ration mis-\u00e0-jour.\u00a0<\/span><\/p>\n<p><span style=\"color: #000000;\">L\u2019objectif est d\u2019apporter une prestation qui assure le meilleur taux d\u2019accessibilit\u00e9. L\u2019h\u00e9bergeur assure la continuit\u00e9 de son service 24 Heures sur 24, tous les jours de l\u2019ann\u00e9e. Il se r\u00e9serve n\u00e9anmoins la possibilit\u00e9 d\u2019interrompre le service d\u2019h\u00e9bergement pour les dur\u00e9es les plus courtes possibles notamment \u00e0 des fins de maintenance, d\u2019am\u00e9lioration de ses infrastructures, de d\u00e9faillance de ses infrastructures ou si les Prestations et Services g\u00e9n\u00e8rent un trafic r\u00e9put\u00e9 anormal.<\/span><\/p>\n<p><span style=\"color: #000000;\">https:\/\/kamerpower.com\u00a0et l\u2019h\u00e9bergeur ne pourront \u00eatre tenus responsables en cas de dysfonctionnement du r\u00e9seau Internet, des lignes t\u00e9l\u00e9phoniques ou du mat\u00e9riel informatique et de t\u00e9l\u00e9phonie li\u00e9 notamment \u00e0 l\u2019encombrement du r\u00e9seau emp\u00eachant l\u2019acc\u00e8s au serveur.<\/span><\/p>\n<h3><span style=\"color: #000000;\"><strong>8 \u2013 S\u00e9curit\u00e9<\/strong><\/span><\/h3>\n<p><span style=\"color: #000000;\">Pour assurer la s\u00e9curit\u00e9 et la confidentialit\u00e9 des Donn\u00e9es Personnelles et des Donn\u00e9es Personnelles de Sant\u00e9,\u00a0https:\/\/kamerpower.com utilise des r\u00e9seaux prot\u00e9g\u00e9s par des dispositifs standards tels que par pare-feu, la pseudonymisation, l\u2019encryption et mot de passe.<\/span><\/p>\n<p><span style=\"color: #000000;\">Lors du traitement des Donn\u00e9es Personnelles,\u00a0https:\/\/kamerpower.com prend toutes les mesures raisonnables visant \u00e0 les prot\u00e9ger contre toute perte, utilisation d\u00e9tourn\u00e9e, acc\u00e8s non autoris\u00e9, divulgation, alt\u00e9ration ou destruction.<\/span><\/p>\n<h3><span style=\"color: #000000;\"><strong>9 \u2013 Droit Applicable<\/strong><\/span><\/h3>\n<p><span style=\"color: #000000;\">Les pr\u00e9sentes mentions l\u00e9gales sont soumises au droit Camerounais et droit fran\u00e7ais. Tout litige en relation avec l\u2019utilisation du site\u00a0https:\/\/kamerpower.com est soumis au droit Camerounais.<\/span><\/p>\n","protected":false},"excerpt":{"rendered":"<p>&#46;&#46;&#46;<\/p>\n","protected":false},"author":1,"featured_media":0,"parent":0,"menu_order":0,"comment_status":"closed","ping_status":"closed","template":"","meta":{"_themeisle_gutenberg_block_has_review":false,"footnotes":""},"class_list":["post-68603","page","type-page","status-publish","hentry"],"_links":{"self":[{"href":"https:\/\/kamerpower.com\/fr\/wp-json\/wp\/v2\/pages\/68603","targetHints":{"allow":["GET"]}}],"collection":[{"href":"https:\/\/kamerpower.com\/fr\/wp-json\/wp\/v2\/pages"}],"about":[{"href":"https:\/\/kamerpower.com\/fr\/wp-json\/wp\/v2\/types\/page"}],"author":[{"embeddable":true,"href":"https:\/\/kamerpower.com\/fr\/wp-json\/wp\/v2\/users\/1"}],"replies":[{"embeddable":true,"href":"https:\/\/kamerpower.com\/fr\/wp-json\/wp\/v2\/comments?post=68603"}],"version-history":[{"count":3,"href":"https:\/\/kamerpower.com\/fr\/wp-json\/wp\/v2\/pages\/68603\/revisions"}],"predecessor-version":[{"id":68716,"href":"https:\/\/kamerpower.com\/fr\/wp-json\/wp\/v2\/pages\/68603\/revisions\/68716"}],"wp:attachment":[{"href":"https:\/\/kamerpower.com\/fr\/wp-json\/wp\/v2\/media?parent=68603"}],"curies":[{"name":"wp","href":"https:\/\/api.w.org\/{rel}","templated":true}]}}