{"id":68612,"date":"2025-04-12T02:39:03","date_gmt":"2025-04-12T01:39:03","guid":{"rendered":"https:\/\/kamerpower.com\/?page_id=68612"},"modified":"2025-04-12T02:45:42","modified_gmt":"2025-04-12T01:45:42","slug":"demande-de-suppression-du-compte-et-des-donnees-associees","status":"publish","type":"page","link":"https:\/\/kamerpower.com\/fr\/demande-de-suppression-du-compte-et-des-donnees-associees\/","title":{"rendered":"Demande de suppression du compte et des donn\u00e9es associ\u00e9es"},"content":{"rendered":"<h4>Utilisateur Kamerpower &#8211; Demande de suppression de compte et de donn\u00e9es associ\u00e9es<\/h4>\n<p><span style=\"color: #000000;\">Contactez nous sur contact@kamerpower.com ou remplissez le formulaire en r\u00e9pondant correctement \u00e0 chaque question. Veuillez saisir vos informations dans ce formulaire et nous traiterons votre demande de suppression des donn\u00e9es associ\u00e9es \u00e0 votre compte. Veuillez lire notre <a href=\"https:\/\/kamerpower.com\/fr\/politique-de-confidentialite\/\">politique de confidentialit\u00e9<\/a> pour en savoir plus sur les pratiques de collecte de donn\u00e9es de Kamerpower et sur la mani\u00e8re dont nous traitons vos donn\u00e9es personnelles.<\/span><\/p>\n\n<div class=\"wpcf7 no-js\" id=\"wpcf7-f68741-o1\" lang=\"en-US\" dir=\"ltr\" data-wpcf7-id=\"68741\">\n<div class=\"screen-reader-response\"><p role=\"status\" aria-live=\"polite\" aria-atomic=\"true\"><\/p> <ul><\/ul><\/div>\n<form action=\"\/fr\/wp-json\/wp\/v2\/pages\/68612#wpcf7-f68741-o1\" method=\"post\" class=\"wpcf7-form init\" aria-label=\"Contact form\" novalidate=\"novalidate\" data-status=\"init\">\n<fieldset class=\"hidden-fields-container\"><input type=\"hidden\" name=\"_wpcf7\" value=\"68741\" \/><input type=\"hidden\" name=\"_wpcf7_version\" value=\"6.1.5\" \/><input type=\"hidden\" name=\"_wpcf7_locale\" value=\"en_US\" \/><input type=\"hidden\" name=\"_wpcf7_unit_tag\" value=\"wpcf7-f68741-o1\" \/><input type=\"hidden\" name=\"_wpcf7_container_post\" value=\"0\" \/><input type=\"hidden\" name=\"_wpcf7_posted_data_hash\" value=\"\" \/>\n<\/fieldset>\n<p><label> Your name<br \/>\n<span class=\"wpcf7-form-control-wrap\" data-name=\"your-name\"><input size=\"40\" maxlength=\"400\" class=\"wpcf7-form-control wpcf7-text wpcf7-validates-as-required\" autocomplete=\"name\" aria-required=\"true\" aria-invalid=\"false\" value=\"\" type=\"text\" name=\"your-name\" \/><\/span> <\/label>\n<\/p>\n<p><label> Your email<br \/>\n<span class=\"wpcf7-form-control-wrap\" data-name=\"your-email\"><input size=\"40\" maxlength=\"400\" class=\"wpcf7-form-control wpcf7-email wpcf7-validates-as-required wpcf7-text wpcf7-validates-as-email\" autocomplete=\"email\" aria-required=\"true\" aria-invalid=\"false\" value=\"\" type=\"email\" name=\"your-email\" \/><\/span> <\/label>\n<\/p>\n<p><label> Subject<br \/>\n<span class=\"wpcf7-form-control-wrap\" data-name=\"your-subject\"><input size=\"40\" maxlength=\"400\" class=\"wpcf7-form-control wpcf7-text wpcf7-validates-as-required\" aria-required=\"true\" aria-invalid=\"false\" value=\"\" type=\"text\" name=\"your-subject\" \/><\/span> <\/label>\n<\/p>\n<p><label> Your message (optional)<br \/>\n<span class=\"wpcf7-form-control-wrap\" data-name=\"your-message\"><textarea cols=\"40\" rows=\"10\" maxlength=\"2000\" class=\"wpcf7-form-control wpcf7-textarea\" aria-invalid=\"false\" name=\"your-message\"><\/textarea><\/span> <\/label><br \/>\n<div class=\"cf7-cf-turnstile\" style=\"margin-top: 0px; margin-bottom: -15px;\"> <div id=\"cf-turnstile-cf7-2914920491\" class=\"cf-turnstile\" data-callback=\"turnstileCF7Callback\" data-sitekey=\"0x4AAAAAABi4QT_57ppSKrkD\" data-theme=\"light\" data-language=\"auto\" data-size=\"normal\" data-retry=\"auto\" data-retry-interval=\"1000\" data-refresh-expired=\"auto\" data-refresh-timeout=\"auto\" data-action=\"contact-form-7\" data-callback=\"turnstileCF7Callback\" data-appearance=\"always\"><\/div> <style>.wpcf7-submit { pointer-events: none; opacity: 0.5; }<\/style> <script>document.addEventListener(\"DOMContentLoaded\", function() { setTimeout(function(){ var e=document.getElementById(\"cf-turnstile-cf7-2914920491\"); if(e&&!e.innerHTML.trim()){turnstile.render(e, {sitekey:\"0x4AAAAAABi4QT_57ppSKrkD\"});} }, 200); });<\/script> <br class=\"cf-turnstile-br cf-turnstile-br-cf7-2914920491\"> <style>#cf-turnstile-cf7-2914920491 { margin-left: -15px; }<\/style> <script>document.addEventListener(\"DOMContentLoaded\",function(){document.querySelectorAll('.wpcf7-form').forEach(function(e){e.addEventListener('submit',function(){if(document.getElementById('cf-turnstile-cf7-2914920491')){setTimeout(function(){turnstile.reset('#cf-turnstile-cf7-2914920491');},1000)}})})});<\/script> <\/div><br \/>\n<input class=\"wpcf7-form-control wpcf7-submit has-spinner\" type=\"submit\" value=\"Submit\" \/>\n<\/p><div class=\"wpcf7-response-output\" aria-hidden=\"true\"><\/div>\n<\/form>\n<\/div>\n\n<hr \/>\n<p><span style=\"color: #000000;\"><strong>REMARQUE<\/strong>\u00a0: La suppression d&#8217;un compte signifie qu&#8217;il ne peut plus \u00eatre r\u00e9activ\u00e9 ult\u00e9rieurement et que toutes les donn\u00e9es dont la conservation n&#8217;a pas \u00e9t\u00e9 express\u00e9ment demand\u00e9e (avec les instructions sur l&#8217;emplacement de conservation) seront supprim\u00e9es et irr\u00e9cup\u00e9rables. Le formulaire ci-dessus vous permet de nous fournir ces instructions.<\/span><\/p>\n<hr \/>\n<h2>FAQ\u00a0: Demande de suppression de donn\u00e9es<\/h2>\n<hr \/>\n<h3><span style=\"color: #000000;\">Qui peut demander la suppression de donn\u00e9es personnelles\u00a0?<\/span><\/h3>\n<p><span style=\"color: #000000;\">Si vous utilisez ou avez utilis\u00e9 les services Kamerpower, vous pouvez demander la suppression de vos donn\u00e9es personnelles. Il n&#8217;est pas n\u00e9cessaire que vous r\u00e9sidiez ou ayez utilis\u00e9 nos services dans un lieu particulier. Nous pourrions vous demander de prouver votre identit\u00e9. Cependant, nous vous demanderons juste assez d&#8217;informations pour nous assurer que vous \u00eates la bonne personne.<\/span><\/p>\n<h3><span style=\"color: #000000;\">Comment puis-je demander la suppression de mes donn\u00e9es\u00a0?<\/span><\/h3>\n<p><span style=\"color: #000000;\">Contactez-nous et indiquez-nous les donn\u00e9es personnelles que vous souhaitez supprimer. Vous n&#8217;\u00eates pas oblig\u00e9 de vous adresser \u00e0 une personne en particulier\u00a0; vous pouvez contacter notre organisation via le formulaire ci-dessus.<\/span><\/p>\n<h3><span style=\"color: #000000;\">Quand puis-je demander la suppression de mes donn\u00e9es\u00a0?<\/span><\/h3>\n<p><span style=\"color: #000000;\">Lorsque notre organisation n&#8217;a plus besoin de vos donn\u00e9es pour la raison initiale pour laquelle elles ont \u00e9t\u00e9 collect\u00e9es ou utilis\u00e9es. Vous avez initialement consenti \u00e0 ce que notre organisation utilise vos donn\u00e9es, mais vous avez maintenant retir\u00e9 votre consentement. Vous vous \u00eates oppos\u00e9 \u00e0 l&#8217;utilisation de vos donn\u00e9es et vos int\u00e9r\u00eats pr\u00e9valent sur ceux de notre organisation. Lorsque notre organisation a l&#8217;obligation l\u00e9gale d&#8217;effacer vos donn\u00e9es.<\/span><\/p>\n<h3><span style=\"color: #000000;\">Quelles informations Kamerpower collecte-t-il aupr\u00e8s des utilisateurs\u00a0?<\/span><\/h3>\n<p><span style=\"color: #000000;\">Nous collectons les informations que vous nous fournissez lorsque vous utilisez nos services, que ce soit sur notre application mobile ou sur notre site web. Ces informations peuvent inclure des informations personnelles permettant de vous identifier, telles que votre nom d&#8217;utilisateur, les messages texte ou image que vous saisissez, l&#8217;adresse IP des commentateurs du site web, vos coordonn\u00e9es, votre adresse e-mail et toute autre information que vous nous communiquez.<\/span><\/p>\n<h3><span style=\"color: #000000;\">Combien de temps faut-il pour traiter une demande de suppression de donn\u00e9es\u00a0?<\/span><\/h3>\n<p><span style=\"color: #000000;\">Nous ferons de notre mieux pour r\u00e9pondre \u00e0 votre demande de suppression de donn\u00e9es dans les 30\u00a0jours suivant sa r\u00e9ception. Si nous avons besoin d&#8217;un d\u00e9lai suppl\u00e9mentaire, nous vous en informerons et vous recevrez une r\u00e9ponse dans les 45\u00a0jours. Une fois que nous aurons confirm\u00e9 que nous poss\u00e9dons les donn\u00e9es que vous demandez \u00e0 supprimer, nous les supprimerons de notre syst\u00e8me dans un d\u00e9lai d&#8217;une \u00e0 deux semaines.<\/span><\/p>\n\n\n<div class=\"schema-faq wp-block-yoast-faq-block\">\n<div id=\"faq-question-1710637748285\" class=\"schema-faq-section\"><span style=\"color: #000000;\"><strong><span style=\"font-size: revert;\">De quelles informations Kamerpower a-t-il besoin pour traiter une demande de suppression de donn\u00e9es\u00a0?<\/span><\/strong><\/span>\n<p class=\"schema-faq-answer\"><span style=\"color: #000000;\">Pour traiter votre demande de suppression de donn\u00e9es, nous avons besoin de certaines informations vous concernant pour nous aider \u00e0 localiser les donn\u00e9es, telles que votre nom d&#8217;utilisateur et votre adresse e-mail associ\u00e9s \u00e0 votre compte.<\/span><\/p>\n<\/div>\n<div id=\"faq-question-1710639232696\" class=\"schema-faq-section\"><strong>Notre organisation facturera-t-elle des frais ?<\/strong>\n<p class=\"schema-faq-answer\">NON.<\/p>\n<\/div>\n<div id=\"faq-question-1710639468203\" class=\"schema-faq-section\"><strong><span style=\"font-size: revert; color: #000000;\">Que faire si nous ne r\u00e9pondons pas ou si vous n&#8217;\u00eates pas satisfait du r\u00e9sultat\u00a0?<\/span><\/strong>\n<p class=\"schema-faq-answer\"><span style=\"color: #000000;\">Si vous n&#8217;\u00eates pas satisfait du traitement de votre demande, vous devez d&#8217;abord d\u00e9poser une r\u00e9clamation aupr\u00e8s de nous et nous donner la possibilit\u00e9 de r\u00e9soudre le probl\u00e8me dans son int\u00e9gralit\u00e9.<\/span><\/p>\n<\/div>\n<\/div>\n","protected":false},"excerpt":{"rendered":"<p>&#46;&#46;&#46;<\/p>\n","protected":false},"author":1,"featured_media":0,"parent":0,"menu_order":0,"comment_status":"closed","ping_status":"closed","template":"","meta":{"_themeisle_gutenberg_block_has_review":false,"footnotes":""},"class_list":["post-68612","page","type-page","status-publish","hentry"],"_links":{"self":[{"href":"https:\/\/kamerpower.com\/fr\/wp-json\/wp\/v2\/pages\/68612","targetHints":{"allow":["GET"]}}],"collection":[{"href":"https:\/\/kamerpower.com\/fr\/wp-json\/wp\/v2\/pages"}],"about":[{"href":"https:\/\/kamerpower.com\/fr\/wp-json\/wp\/v2\/types\/page"}],"author":[{"embeddable":true,"href":"https:\/\/kamerpower.com\/fr\/wp-json\/wp\/v2\/users\/1"}],"replies":[{"embeddable":true,"href":"https:\/\/kamerpower.com\/fr\/wp-json\/wp\/v2\/comments?post=68612"}],"version-history":[{"count":4,"href":"https:\/\/kamerpower.com\/fr\/wp-json\/wp\/v2\/pages\/68612\/revisions"}],"predecessor-version":[{"id":72126,"href":"https:\/\/kamerpower.com\/fr\/wp-json\/wp\/v2\/pages\/68612\/revisions\/72126"}],"wp:attachment":[{"href":"https:\/\/kamerpower.com\/fr\/wp-json\/wp\/v2\/media?parent=68612"}],"curies":[{"name":"wp","href":"https:\/\/api.w.org\/{rel}","templated":true}]}}