{"id":68633,"date":"2025-04-12T22:01:43","date_gmt":"2025-04-12T21:01:43","guid":{"rendered":"https:\/\/kamerpower.com\/?page_id=68633"},"modified":"2026-01-21T12:02:45","modified_gmt":"2026-01-21T11:02:45","slug":"conditions-generales-utilisation","status":"publish","type":"page","link":"https:\/\/kamerpower.com\/fr\/conditions-generales-utilisation\/","title":{"rendered":"Conditions g\u00e9n\u00e9rales d\u2019utilisation"},"content":{"rendered":"<p><span style=\"color: #000000;\"><em>Derni\u00e8re mise \u00e0 jour des donn\u00e9es de ce texte : 12 avril 2025<\/em><\/span><\/p>\n<hr \/>\n<p><span style=\"color: #000000;\">Les pr\u00e9sentes conditions g\u00e9n\u00e9rales d\u2019utilisation ont pour objet l\u2019encadrement juridique des modalit\u00e9s de mise \u00e0 disposition du site et des services par KP GROUP (Kamerpower) et de d\u00e9finir les conditions d\u2019acc\u00e8s et d\u2019utilisation des services par \u00ab l\u2019Utilisateur \u00bb.<\/span><\/p>\n<h3><span style=\"color: #000000;\"><strong>1 \u2013\u00a0Les mentions l\u00e9gales<\/strong><\/span><\/h3>\n<p><span style=\"color: #000000;\">L\u2019\u00e9dition et la direction de la publication du site kamerpower.com est assur\u00e9e par Annie, domicili\u00e9 \u00e0 Douala,\u00a0Kagiso et Nkwenti, domicili\u00e9 \u00e0 Yaounde au Cameroun.<\/span><br \/>\n<span style=\"color: #000000;\"><strong>Responsable publication<\/strong> : Annie M.,\u00a0Kagiso E\u00a0\u2013 Contact: contact@kamerpower.com | Tel: 242 35 59 72<\/span><\/p>\n<p><span style=\"color: #000000;\"> KamerPower est enregistr\u00e9 avec un num\u00e9ro RC.BDA.2020B070. | Adresse e-mail : contact@kamerpower.com. | Num\u00e9ro de t\u00e9l\u00e9phone (682) 44 70 58.<\/span><\/p>\n<p><span style=\"color: #000000;\"><strong> D\u00e9l\u00e9gu\u00e9 \u00e0 la protection des donn\u00e9es<\/strong> : Hans A., \u2013 contact@kamerpower.com\u00a0<\/span><\/p>\n<p><span style=\"color: #000000;\"><strong>H\u00e9bergeur<\/strong> : \u00a0Hostinger | Adresse : Jonavos str. 60C, 44192, Vilnius, Lituanie | Email support@hostinger.com. Nos serveurs de sites Web sont situ\u00e9s \u00e0 Boston, aux \u00c9tats-Unis d\u2019Am\u00e9rique.<\/span><\/p>\n<h3><span style=\"color: #000000;\"><strong>2 \u2013 Acc\u00e8s au site<\/strong><\/span><\/h3>\n<p><span style=\"color: #000000;\">To summarize, https:\/\/kamerpower.com est une plateforme fournissant des conseils de carri\u00e8re perspicaces et des opportunit\u00e9s de carri\u00e8re, des pr\u00e9parations aux entretiens d&#8217;embauche et aux examens, des \u00e9tudiants \u00e0 la recherche d&#8217;opportunit\u00e9s d&#8217;\u00e9tudes \u00e0 l&#8217;\u00e9tranger et des ressources p\u00e9dagogiques t\u00e9l\u00e9chargeables, des dipl\u00f4m\u00e9s \u00e0 la recherche des derniers conseils d&#8217;emploi, de r\u00e9daction de CV et de lettres de motivation. Recevez les derni\u00e8res sur les concours, les bourses d&#8217;\u00e9tudes, les les examens nationaux et les offres d&#8217;emplois.\u00a0Notre objectif est de vous faire accepter dans l&#8217;\u00e9cole ou l&#8217;emploi de vos r\u00eaves.<\/span><\/p>\n<p><span style=\"color: #000000;\">Le site https:\/\/kamerpower.com permet \u00e0 l\u2019Utilisateur un acc\u00e8s gratuit\u00a0et payant aux services\u00a0suivants.<\/span><\/p>\n<p><span style=\"color: #000000;\"><strong>Le site internet propose les services suivants :<\/strong><\/span><\/p>\n<ul>\n<li><strong><span style=\"color: #000000;\">Les opportunit\u00e9s de carri\u00e8re et conseils.<\/span><\/strong>\n<ul>\n<li><strong><span style=\"color: #000000;\">Coaching en transition de carri\u00e8re\u00a0(Service gratuit\/payant).<\/span><\/strong><\/li>\n<li><strong><span style=\"color: #000000;\">Coaching d&#8217;avancement de carri\u00e8re (Service gratuit\/payant).<\/span><\/strong><\/li>\n<\/ul>\n<\/li>\n<li><strong><span style=\"color: #000000;\">R\u00e9daction de CV et lettre de motivation (Service payant)<\/span><\/strong><\/li>\n<li><strong><span style=\"color: #000000;\">Pr\u00e9paration \u00e0 l\u2019entretien et les Prepa Concours lanc\u00e9s.<\/span><\/strong><\/li>\n<li><strong><span style=\"color: #000000;\">Les derni\u00e8res informations sur les concours officiels, les r\u00e9sultats, les bourses d\u2019\u00e9tudes, les offres de stage et d\u2019emplois au Cameroun et en Afrique.<\/span><\/strong><\/li>\n<li><strong><span style=\"color: #000000;\">Le site permet l\u2019acc\u00e8s aux documents de pr\u00e9parations aux concours et examens comme les derni\u00e8re \u00e9preuves.<\/span><\/strong><\/li>\n<li><strong><span style=\"color: #000000;\">T\u00e9l\u00e9chargement des Sujets Corrig\u00e9es d&#8217;\u00c9preuves concours pour tous les examens.<\/span><\/strong><\/li>\n<\/ul>\n<p><span style=\"color: #000000;\">Le site est accessible gratuitement en tout lieu \u00e0 tout Utilisateur ayant un acc\u00e8s \u00e0 Internet. Tous les frais support\u00e9s par l\u2019Utilisateur pour acc\u00e9der au service (mat\u00e9riel informatique, logiciels, connexionn Internet, etc.) sont \u00e0 sa charge.<\/span><\/p>\n<p><span style=\"color: #000000;\">L\u2019Utilisateur non membre n\u2019a pas acc\u00e8s aux services r\u00e9serv\u00e9s. Pour cela, il doit s\u2019inscrire en remplissant le formulaire. En acceptant de s\u2019inscrire aux services r\u00e9serv\u00e9s, l\u2019Utilisateur membre s\u2019engage \u00e0 fournir des informations sinc\u00e8res et exactes concernant ses coordonn\u00e9es, notamment son adresse email.<\/span><\/p>\n<p>Les fiche t\u00e9l\u00e9chargeables achet\u00e9s sont valables pendant une p\u00e9riode de 365 jours et limit\u00e9s \u00e0 30 t\u00e9l\u00e9chargements par fichier dans la section t\u00e9l\u00e9chargements de votre compte.<\/p>\n<p><span style=\"color: #000000;\">Pour acc\u00e9der aux services , l\u2019Utilisateur doit ensuite s\u2019identifier \u00e0 l\u2019aide de son identifiant et de son mot de passe qui lui seront communiqu\u00e9s apr\u00e8s son inscription.<\/span><\/p>\n<p><span style=\"color: #000000;\">Tout \u00e9v\u00e9nement d\u00fb \u00e0 un cas de force majeure ayant pour cons\u00e9quence un dysfonctionnement du site ou serveur et sous r\u00e9serve de toute interruption ou modification en cas de maintenance, n\u2019engage pas la responsabilit\u00e9 de https:\/\/kamerpower.com. Dans ces cas, l\u2019Utilisateur accepte ainsi ne pas tenir rigueur \u00e0 l\u2019\u00e9diteur de toute interruption ou suspension de service, m\u00eame sans pr\u00e9avis.<\/span><\/p>\n<h3><span style=\"color: #000000;\"><strong>3 \u2013 Collecte des donn\u00e9es<\/strong><\/span><\/h3>\n<p><span style=\"color: #000000;\">Le site assure \u00e0 l\u2019Utilisateur une collecte et un traitement d\u2019informations personnelles dans le respect de la vie priv\u00e9e conform\u00e9ment \u00e0 la loi n\u00b078-17 du 6 janvier 1978 relative \u00e0 l\u2019informatique, aux fichiers,et aux libert\u00e9s.<\/span><\/p>\n<p><span style=\"color: #000000;\">En vertu de la loi Informatique et Libert\u00e9s, en date du 6 janvier 1978, l\u2019Utilisateur dispose d\u2019un droit d\u2019acc\u00e8s, de rectification, de suppression et d\u2019opposition de ses donn\u00e9es personnelles. <\/span><\/p>\n<p><span style=\"color: #000000;\">L\u2019Utilisateur exerce ce droit :<\/span><\/p>\n<ul>\n<li><span style=\"color: #000000;\">Par mail \u00e0 l\u2019adresse email contact@kamerpower.com<br \/>\n<\/span><\/li>\n<li><span style=\"color: #000000;\">Via son espace personnel.<\/span><\/li>\n<li><span style=\"color: #000000;\">Via un formulaire de contact.<\/span><\/li>\n<\/ul>\n<h3><strong><span style=\"color: #000000;\">4 \u2013 Informations relatives a la protection des donnees personnelles<\/span><\/strong><\/h3>\n<p><span style=\"color: #000000;\">Toutes les donn\u00e9es personnelles sont trait\u00e9es conform\u00e9ment au <strong>R\u00e8glement g\u00e9n\u00e9ral sur la protection des donn\u00e9es (UE) 2016\/679 (\u00ab RGPD \u00bb<\/strong>).<\/span><\/p>\n<p><span style=\"color: #000000;\">R\u00e9glementations des \u00c9tats am\u00e9ricains &#8211; Lois sur la confidentialit\u00e9 des donn\u00e9es qui r\u00e9gissent la mani\u00e8re dont les entreprises g\u00e8rent les informations personnelles des utilisateurs dans certains \u00c9tats am\u00e9ricains.<\/span><\/p>\n<p><span style=\"color: #000000;\">Conform\u00e9ment \u00e0 la r\u00e9glementation europ\u00e9enne en vigueur, les Utilisateurs de\u00a0https:\/\/kamerpower.com\u00a0disposent des droits suivants :<\/span><\/p>\n<ul>\n<li><span style=\"color: #000000;\">droit d\u2019acc\u00e8s (article 15 RGPD) et de rectification (article 16 RGPD), de mise \u00e0 jour, de compl\u00e9tude des donn\u00e9es des Utilisateurs droit de verrouillage ou d\u2019effacement des donn\u00e9es des Utilisateurs \u00e0 caract\u00e8re personnel (article 17 du RGPD), lorsqu\u2019elles sont inexactes, incompl\u00e8tes, \u00e9quivoques, p\u00e9rim\u00e9es, ou dont la collecte, l\u2019utilisation, la communication ou la conservation est interdite.<\/span><\/li>\n<li><span style=\"color: #000000;\">droit de retirer \u00e0 tout moment un consentement (article 13-2c RGPD).<\/span><\/li>\n<li><span style=\"color: #000000;\">droit \u00e0 la limitation du traitement des donn\u00e9es des Utilisateurs (article 18 RGPD).<\/span><\/li>\n<li><span style=\"color: #000000;\">droit d\u2019opposition au traitement des donn\u00e9es des Utilisateurs (article 21 RGPD).<\/span><\/li>\n<li><span style=\"color: #000000;\">droit \u00e0 la portabilit\u00e9 des donn\u00e9es que les Utilisateurs auront fournies, lorsque ces donn\u00e9es font l\u2019objet de traitements automatis\u00e9s fond\u00e9s sur leur consentement ou sur un contrat (article 20 RGPD).<\/span><\/li>\n<li><span style=\"color: #000000;\">droit de d\u00e9finir le sort des donn\u00e9es des Utilisateurs apr\u00e8s leur mort et de choisir \u00e0 qui\u00a0https:\/\/kamerpower.com\u00a0devra communiquer (ou non) ses donn\u00e9es \u00e0 un tiers qu\u2019ils aura pr\u00e9alablement d\u00e9sign\u00e9.<\/span><\/li>\n<\/ul>\n<p>Nous nous engageons \u00e0 respecter les dispositions du r\u00e8glement g\u00e9n\u00e9ral sur la protection des donn\u00e9es (RGPD) et la loi Informatique et Libert\u00e9s pour toutes les donn\u00e9es personnelles que nous pourrions collecter et traiter.<\/p>\n<p>Conform\u00e9ment \u00e0 la loi Informatique et libert\u00e9s du 6 janvier 1978 modifi\u00e9e(France-Europe), l\u2019utilisateur du site\u00a0https:\/\/kamerpower.com\u00a0disposez d&#8217;un droit d&#8217;acc\u00e8s, de rectification, de modification et de suppression des donn\u00e9es qui vous c<span style=\"color: #000000;\">oncernent. Vous pouvez exercer ce droit en envoyant un courrier \u00e9lectronique \u00e0 l&#8217;adresse de notre D\u00e9l\u00e9gu\u00e9 \u00e0 la Protection des Donn\u00e9es\u00a0: Hans A.\u00a0\u2013 \u00a0contact@kamerpower.com ou sur le <a href=\"https:\/\/kamerpower.com\/fr\/demande-de-suppression-du-compte-et-des-donnees-associees\/\"><strong>formulaire de demande de suppression de compte et de donn\u00e9es associ\u00e9es<\/strong><\/a>.\u00a0<\/span><\/p>\n<h3><span style=\"color: #000000;\"><strong>5 \u2013 Politique d&#8217;utilisation des cookies<\/strong><\/span><\/h3>\n<p><span style=\"color: #000000;\">Ce site web utilise des cookies pour am\u00e9liorer votre exp\u00e9rience de navigation. Vous pouvez consulter notre <a href=\"https:\/\/kamerpower.com\/fr\/politique-de-confidentialite\/\"><strong>politique de gestion des cookies (Article 7 : Informations sur les cookies)<\/strong><\/a> pour plus d&#8217;informations.<\/span><\/p>\n<h3><span style=\"color: #000000;\"><strong>6 \u2013 Liens hypertextes et cookies<\/strong><\/span><\/h3>\n<p><span style=\"color: #000000;\">Le site\u00a0https:\/\/kamerpower.com\u00a0contient des liens hypertextes vers d\u2019autres sites et d\u00e9gage toute responsabilit\u00e9 \u00e0 propos de ces liens externes ou des liens cr\u00e9\u00e9s par d\u2019autres sites vers\u00a0https:\/\/kamerpower.com.<\/span><\/p>\n<p><span style=\"color: #000000;\">La navigation sur le site\u00a0https:\/\/kamerpower.com\/\u00a0est susceptible de provoquer l\u2019installation de cookie(s) sur l\u2019ordinateur de l\u2019utilisateur.<\/span><\/p>\n<p><span style=\"color: #000000;\">Un \u201ccookie\u201d est un fichier de petite taille qui enregistre des informations relatives \u00e0 la navigation d\u2019un utilisateur sur un site. Les donn\u00e9es ainsi obtenues permettent d\u2019obtenir des mesures de fr\u00e9quentation, par exemple.<\/span><\/p>\n<p><span style=\"color: #000000;\">Vous avez la possibilit\u00e9\u00a0d\u2019accepter ou de refuser les cookies\u00a0en modifiant les param\u00e8tres de votre navigateur. Aucun cookie ne sera d\u00e9pos\u00e9 sans votre consentement.\u00a0<\/span><span style=\"color: #000000;\">Les cookies sont enregistr\u00e9s pour une dur\u00e9e maximale de\u00a01 an.<\/span><\/p>\n<p><span style=\"color: #000000;\">Pour plus d\u2019informations sur la fa\u00e7on dont nous faisons usage des cookies, lisez notre <a href=\"https:\/\/kamerpower.com\/fr\/politique-de-confidentialite\/\">politique-de confidentialit\u00e9<\/a>.\u00a0<\/span><\/p>\n<h3><strong>7 \u2013\u00a0Propri\u00e9t\u00e9\u00a0Intellectuelle<\/strong><\/h3>\n<p>Tous les contenus pr\u00e9sents sur ce site web, y compris, mais sans s&#8217;y limiter, les textes, images, graphiques, logos, ic\u00f4nes, sons et logiciels, sont la propri\u00e9t\u00e9 de KP GROUP (Kamerpower) ou de ses fournisseurs de contenu, et sont prot\u00e9g\u00e9s par les lois internationales sur les droits d&#8217;auteur. L&#8217;organisation et la pr\u00e9sentation de tout ce contenu, ainsi que le code source, sont la propri\u00e9t\u00e9 exclusive de KP GROUP (Kamerpower).<\/p>\n<p><span style=\"color: #000000;\">Toutes les marques commerciales utilis\u00e9es ou mentionn\u00e9es sur ce site sont la propri\u00e9t\u00e9 de leurs propri\u00e9taires respectifs.<\/span><\/p>\n<p><span style=\"color: #000000;\">L&#8217;utilisateur n&#8217;est pas autoris\u00e9 \u00e0 utiliser, reproduire, copier, modifier, transmettre, diffuser, vendre, licencier, ou de toute autre mani\u00e8re exploiter le contenu du site \u00e0 des fins commerciales, sans l&#8217;autorisation \u00e9crite pr\u00e9alable de KP GROUP (Kamerpower) ou du titulaire des droits.<\/span><\/p>\n<p><span style=\"color: #000000;\">Toute violation de ces droits peut entra\u00eener des poursuites civiles ou p\u00e9nales conform\u00e9ment aux lois applicables.<\/span><\/p>\n<p><span style=\"color: #000000;\">Ce site peut contenir des informations fournies par des entreprises externes ou des liens hypertextes vers d&#8217;autres sites qui ne sont pas g\u00e9r\u00e9s par KP GROUP (Kamerpower). Ces liens et informations sont fournis \u00e0 titre de convenance pour l&#8217;utilisateur. L&#8217;existence d&#8217;un lien vers un autre site ne constitue pas une approbation de ce site ou de son contenu par KP GROUP (Kamerpower). Il incombe \u00e0 l&#8217;utilisateur d&#8217;utiliser ces informations avec discernement et un esprit critique. La responsabilit\u00e9 de Kamerpower\u2122 ne peut \u00eatre engag\u00e9e en raison des informations, opinions et recommandations fournies par des tiers.<\/span><\/p>\n<p><span style=\"color: #000000;\">Les entreprises qui souhaitent \u00e9tablir un lien vers ce site sont libres de le faire. Nous appr\u00e9cierions que vous nous informiez de la mise en place d&#8217;un lien en nous contactant via le formulaire de contact, en nous fournissant votre raison sociale, votre activit\u00e9 et l&#8217;URL de la page o\u00f9 se trouve le lien.<\/span><\/p>\n<h3><span style=\"color: #000000;\"><strong>8 \u2013 Limitations contractuelles sur les donn\u00e9es techniques.<\/strong><\/span><\/h3>\n<p><span style=\"color: #000000;\">Le site utilise la technologie JavaScript. Le site Internet ne pourra \u00eatre tenu responsable de dommages mat\u00e9riels li\u00e9s \u00e0 l\u2019utilisation du site. De plus, l\u2019utilisateur du site s\u2019engage \u00e0 acc\u00e9der au site en utilisant un mat\u00e9riel r\u00e9cent, ne contenant pas de virus et avec un navigateur de derni\u00e8re g\u00e9n\u00e9ration mis-\u00e0-jour.\u00a0<\/span><\/p>\n<p><span style=\"color: #000000;\">L\u2019objectif est d\u2019apporter une prestation qui assure le meilleur taux d\u2019accessibilit\u00e9. L\u2019h\u00e9bergeur assure la continuit\u00e9 de son service 24 Heures sur 24, tous les jours de l\u2019ann\u00e9e. Il se r\u00e9serve n\u00e9anmoins la possibilit\u00e9 d\u2019interrompre le service d\u2019h\u00e9bergement pour les dur\u00e9es les plus courtes possibles notamment \u00e0 des fins de maintenance, d\u2019am\u00e9lioration de ses infrastructures, de d\u00e9faillance de ses infrastructures ou si les Prestations et Services g\u00e9n\u00e8rent un trafic r\u00e9put\u00e9 anormal.<\/span><\/p>\n<p><span style=\"color: #000000;\">https:\/\/kamerpower.com\u00a0et l\u2019h\u00e9bergeur ne pourront \u00eatre tenus responsables en cas de dysfonctionnement du r\u00e9seau Internet, des lignes t\u00e9l\u00e9phoniques ou du mat\u00e9riel informatique et de t\u00e9l\u00e9phonie li\u00e9 notamment \u00e0 l\u2019encombrement du r\u00e9seau emp\u00eachant l\u2019acc\u00e8s au serveur.<\/span><\/p>\n<h3><span style=\"color: #000000;\"><strong>9 \u2013 Modification des\u00a0Conditions g\u00e9n\u00e9rales d\u2019utilisation (CGU)<\/strong><\/span><\/h3>\n<p><span style=\"color: #000000;\">KP GROUP (KamerPower) se r\u00e9serve la possibilit\u00e9 d\u2019adapter ou de modifier \u00e0 tout moment les pr\u00e9sentes CGU. Les nouvelles conditions g\u00e9n\u00e9rales seront, le cas \u00e9ch\u00e9ant, port\u00e9es \u00e0 la connaissance de l\u2019Utilisateur par modification en ligne.<\/span><\/p>\n<h3><span style=\"color: #000000;\"><strong>10 \u2013 Droit Applicable<\/strong><\/span><\/h3>\n<p><span style=\"color: #000000;\">Les pr\u00e9sentes mentions l\u00e9gales sont soumises au droit Camerounais et droit fran\u00e7ais. Tout litige en relation avec l\u2019utilisation du site\u00a0https:\/\/kamerpower.com est soumis au droit Camerounais.<\/span><\/p>\n","protected":false},"excerpt":{"rendered":"<p>&#46;&#46;&#46;<\/p>\n","protected":false},"author":1,"featured_media":0,"parent":0,"menu_order":0,"comment_status":"closed","ping_status":"closed","template":"","meta":{"_themeisle_gutenberg_block_has_review":false,"footnotes":""},"class_list":["post-68633","page","type-page","status-publish","hentry"],"_links":{"self":[{"href":"https:\/\/kamerpower.com\/fr\/wp-json\/wp\/v2\/pages\/68633","targetHints":{"allow":["GET"]}}],"collection":[{"href":"https:\/\/kamerpower.com\/fr\/wp-json\/wp\/v2\/pages"}],"about":[{"href":"https:\/\/kamerpower.com\/fr\/wp-json\/wp\/v2\/types\/page"}],"author":[{"embeddable":true,"href":"https:\/\/kamerpower.com\/fr\/wp-json\/wp\/v2\/users\/1"}],"replies":[{"embeddable":true,"href":"https:\/\/kamerpower.com\/fr\/wp-json\/wp\/v2\/comments?post=68633"}],"version-history":[{"count":1,"href":"https:\/\/kamerpower.com\/fr\/wp-json\/wp\/v2\/pages\/68633\/revisions"}],"predecessor-version":[{"id":73335,"href":"https:\/\/kamerpower.com\/fr\/wp-json\/wp\/v2\/pages\/68633\/revisions\/73335"}],"wp:attachment":[{"href":"https:\/\/kamerpower.com\/fr\/wp-json\/wp\/v2\/media?parent=68633"}],"curies":[{"name":"wp","href":"https:\/\/api.w.org\/{rel}","templated":true}]}}