{"id":68697,"date":"2025-04-14T15:27:53","date_gmt":"2025-04-14T14:27:53","guid":{"rendered":"https:\/\/kamerpower.com\/?page_id=68697"},"modified":"2025-04-14T15:29:11","modified_gmt":"2025-04-14T14:29:11","slug":"politique-de-cookies","status":"publish","type":"page","link":"https:\/\/kamerpower.com\/fr\/politique-de-cookies\/","title":{"rendered":"Politique de Cookies"},"content":{"rendered":"<p><span style=\"color: #000000;\"><em>Derni\u00e8re mise \u00e0 jour des donn\u00e9es de ce texte : 11 avril 2025<\/em><\/span><\/p>\n<hr \/>\n<h3><strong><span style=\"color: #000000;\">1- Informations sur les cookies<\/span><\/strong><\/h3>\n<p><span style=\"color: #000000;\">Notre Politique relative aux cookies. Lorsque vous visitez le site web, nous pouvons envoyer un ou plusieurs cookies (petits fichiers texte contenant une cha\u00eene de caract\u00e8res alphanum\u00e9riques) \u00e0 votre ordinateur. Ces cookies identifient votre navigateur de mani\u00e8re unique et permettent \u00e0 kamerpower.com de vous connecter plus rapidement et d&#8217;optimiser votre navigation. Un cookie peut \u00e9galement nous communiquer des informations sur votre utilisation du Service (par exemple, les pages que vous consultez, les liens sur lesquels vous cliquez et les autres actions que vous effectuez sur le Service) et nous permettre, ainsi qu&#8217;\u00e0 nos partenaires commerciaux, de suivre votre utilisation du Service au fil du temps. <\/span><\/p>\n<p><span style=\"color: #000000;\">Un cookie persistant reste sur votre disque dur apr\u00e8s la fermeture de votre navigateur. Les cookies persistants peuvent \u00eatre utilis\u00e9s par votre navigateur lors de vos prochaines visites sur le site. Vous pouvez les supprimer en suivant les instructions de votre navigateur. Un cookie de session est temporaire et dispara\u00eet apr\u00e8s la fermeture de votre navigateur. Vous pouvez r\u00e9initialiser votre navigateur pour refuser tous les cookies ou pour vous avertir lorsqu&#8217;un cookie est envoy\u00e9. Cependant, certaines fonctionnalit\u00e9s du Service peuvent ne pas fonctionner correctement si la fonction d&#8217;acceptation des cookies est d\u00e9sactiv\u00e9e. Pour plus d&#8217;informations, consultez la Politique relative aux cookies.<\/span><\/p>\n<h4><strong><span style=\"color: #000000;\">1.1- Comment nous collectons les informations relatives aux cookies<\/span><\/strong><\/h4>\n<p><span style=\"color: #000000;\">Si vous laissez un commentaire sur notre site, vous pouvez choisir d&#8217;enregistrer votre nom, votre adresse e-mail et votre site web dans des cookies. Ces cookies sont utilis\u00e9s pour votre confort et vous \u00e9vitent d&#8217;avoir \u00e0 les saisir \u00e0 nouveau lorsque vous laissez un autre commentaire. Ces cookies ont une dur\u00e9e de vie d&#8217;un an.<\/span><\/p>\n<p><span style=\"color: #000000;\">Si vous visitez notre page de connexion, nous installerons un cookie temporaire pour d\u00e9terminer si votre navigateur accepte les cookies. Ce cookie ne contient aucune donn\u00e9e personnelle et est supprim\u00e9 lorsque vous fermez votre navigateur.<\/span><\/p>\n<p><span style=\"color: #000000;\">Lorsque vous vous connectez, nous installons \u00e9galement plusieurs cookies pour enregistrer vos informations de connexion et vos pr\u00e9f\u00e9rences d&#8217;affichage. Les cookies de connexion durent deux jours et les cookies d&#8217;options d&#8217;affichage durent un an. Si vous s\u00e9lectionnez \u00ab\u00a0Se souvenir de moi\u00a0\u00bb, votre connexion sera conserv\u00e9e pendant deux semaines. Si vous vous d\u00e9connectez de votre compte, les cookies de connexion seront supprim\u00e9s.<\/span><\/p>\n<p><span style=\"color: #000000;\">Si vous modifiez ou publiez un article, un cookie suppl\u00e9mentaire sera enregistr\u00e9 dans votre navigateur. Ce cookie ne contient aucune donn\u00e9e personnelle et indique simplement l&#8217;identifiant de l&#8217;article que vous venez de modifier. Il expire au bout d&#8217;un jour.<\/span><\/p>\n<h3><strong><span style=\"color: #000000;\">2- Vos droits sur vos donn\u00e9es<\/span><\/strong><\/h3>\n<p><span style=\"color: #000000;\">Si vous poss\u00e9dez un compte sur ce site ou si vous avez laiss\u00e9 des commentaires, vous pouvez demander \u00e0 recevoir un fichier contenant toutes les donn\u00e9es personnelles que nous d\u00e9tenons \u00e0 votre sujet, y compris celles que vous nous avez fournies. Vous pouvez \u00e9galement demander la suppression de ces donn\u00e9es. Cela n&#8217;inclut pas les donn\u00e9es que nous sommes tenus de conserver \u00e0 des fins administratives, l\u00e9gales ou de s\u00e9curit\u00e9.<\/span><\/p>\n<h4><strong><span style=\"color: #000000;\">2.1 Droits d&#8217;acc\u00e8s, de rectification, d&#8217;effacement et de restriction<\/span><\/strong><\/h4>\n<p><span style=\"color: #000000;\">Vous pouvez vous renseigner sur le traitement des informations personnelles vous concernant par Kamerpower, demander l&#8217;acc\u00e8s \u00e0 ces informations et nous demander de les corriger, de les modifier ou de les supprimer si elles sont inexactes. Lorsque la loi applicable le permet, vous pouvez nous contacter \u00e0 l&#8217;adresse contact@kamerpower.com pour demander l&#8217;acc\u00e8s, la portabilit\u00e9, la rectification ou la suppression des informations personnelles que nous d\u00e9tenons \u00e0 votre sujet en utilisant le <a href=\"https:\/\/kamerpower.com\/fr\/demande-de-suppression-du-compte-et-des-donnees-associees\/\">formulaire de demande de suppression de compte et de donn\u00e9es associ\u00e9<\/a>. Veuillez indiquer votre nom complet, l&#8217;adresse e-mail associ\u00e9e \u00e0 votre compte et une description d\u00e9taill\u00e9e de votre demande de donn\u00e9es.<\/span><\/p>\n<h3><strong><span style=\"color: #000000;\">\u00c0 quelle fr\u00e9quence mettrez-vous \u00e0 jour cette Politique relative aux cookies\u00a0?<\/span><\/strong><\/h3>\n<p><span style=\"color: #000000;\">Nous sommes susceptibles de mettre \u00e0 jour cette Politique relative aux cookies de temps \u00e0 autre afin de refl\u00e9ter, par exemple, des modifications apport\u00e9es aux cookies que nous utilisons ou pour d&#8217;autres raisons op\u00e9rationnelles, l\u00e9gales ou r\u00e9glementaires. Veuillez donc consulter r\u00e9guli\u00e8rement cette Politique relative aux cookies pour vous tenir inform\u00e9(e) de notre utilisation des cookies et des technologies associ\u00e9es. La date figurant en haut de cette Politique relative aux cookies indique sa derni\u00e8re mise \u00e0 jour.<\/span><\/p>\n<h3><strong><span style=\"color: #000000;\">O\u00f9 trouver plus d&#8217;informations ?<\/span><\/strong><\/h3>\n<p><span style=\"color: #000000;\">Pour toute question concernant notre utilisation des cookies ou d&#8217;autres technologies, veuillez<\/span> <a href=\"https:\/\/kamerpower.com\/fr\/contactez-nous\/\">nous contacter ici<\/a>.<\/p>\n","protected":false},"excerpt":{"rendered":"<p>&#46;&#46;&#46;<\/p>\n","protected":false},"author":1,"featured_media":0,"parent":0,"menu_order":0,"comment_status":"closed","ping_status":"closed","template":"","meta":{"_themeisle_gutenberg_block_has_review":false,"footnotes":""},"class_list":["post-68697","page","type-page","status-publish","hentry"],"_links":{"self":[{"href":"https:\/\/kamerpower.com\/fr\/wp-json\/wp\/v2\/pages\/68697","targetHints":{"allow":["GET"]}}],"collection":[{"href":"https:\/\/kamerpower.com\/fr\/wp-json\/wp\/v2\/pages"}],"about":[{"href":"https:\/\/kamerpower.com\/fr\/wp-json\/wp\/v2\/types\/page"}],"author":[{"embeddable":true,"href":"https:\/\/kamerpower.com\/fr\/wp-json\/wp\/v2\/users\/1"}],"replies":[{"embeddable":true,"href":"https:\/\/kamerpower.com\/fr\/wp-json\/wp\/v2\/comments?post=68697"}],"version-history":[{"count":2,"href":"https:\/\/kamerpower.com\/fr\/wp-json\/wp\/v2\/pages\/68697\/revisions"}],"predecessor-version":[{"id":68699,"href":"https:\/\/kamerpower.com\/fr\/wp-json\/wp\/v2\/pages\/68697\/revisions\/68699"}],"wp:attachment":[{"href":"https:\/\/kamerpower.com\/fr\/wp-json\/wp\/v2\/media?parent=68697"}],"curies":[{"name":"wp","href":"https:\/\/api.w.org\/{rel}","templated":true}]}}