{"id":68706,"date":"2025-04-14T16:10:32","date_gmt":"2025-04-14T15:10:32","guid":{"rendered":"https:\/\/kamerpower.com\/?page_id=68706"},"modified":"2025-04-14T16:57:06","modified_gmt":"2025-04-14T15:57:06","slug":"conformite-au-rgpd","status":"publish","type":"page","link":"https:\/\/kamerpower.com\/fr\/conformite-au-rgpd\/","title":{"rendered":"Conformit\u00e9 au RGPD"},"content":{"rendered":"<p><span style=\"color: #000000;\"><em>Derni\u00e8re mise \u00e0 jour des donn\u00e9es de ce texte : 11 avril 2025<\/em><\/span><\/p>\n<hr \/>\n<p><span style=\"color: #000000;\">Le sigle RGPD signifie \u00ab R\u00e8glement G\u00e9n\u00e9ral sur la Protection des Donn\u00e9es \u00bb (en anglais \u00ab General Data Protection Regulation \u00bb ou GDPR). Le RGPD encadre le traitement des donn\u00e9es personnelles sur le territoire de l\u2019Union europ\u00e9enne. Le contexte juridique s\u2019adapte pour suivre les \u00e9volutions des technologies et de nos soci\u00e9t\u00e9s (usages accrus du num\u00e9rique, d\u00e9veloppement du commerce en ligne\u2026).<\/span><\/p>\n<p><span style=\"color: #000000;\">Le RGPD r\u00e9git la mani\u00e8re dont les particuliers et les organisations peuvent obtenir, utiliser, stocker et partager des donn\u00e9es personnelles. Il impose des r\u00e8gles strictes sur le transfert de donn\u00e9es personnelles hors de l&#8217;UE afin de garantir leur protection, o\u00f9 qu&#8217;elles soient. Le serveur de notre site web <a href=\"https:\/\/kamerpower.com\/fr\/\">https:\/\/kamerpower.com<\/a> est situ\u00e9 \u00e0 Boston, aux \u00c9tats-Unis. L&#8217;UE autorise le transfert de donn\u00e9es vers <a href=\"https:\/\/ec.europa.eu\/commission\/presscorner\/detail\/fr\/ip_23_3721\" target=\"_blank\" rel=\"noopener\">16 pays<\/a> qu&#8217;elle consid\u00e8re comme disposant d&#8217;une protection des donn\u00e9es \u00ab\u00a0ad\u00e9quate\u00a0\u00bb. Les \u00c9tats-Unis en font partie.<\/span><\/p>\n<p><span style=\"color: #000000;\">Ce nouveau r\u00e8glement europ\u00e9en s\u2019inscrit dans la continuit\u00e9 de la <a href=\"https:\/\/www.legifrance.gouv.fr\/loda\/id\/JORFTEXT000000886460\" target=\"_blank\" rel=\"noopener\"><strong><em>Loi fran\u00e7aise Informatique et Libert\u00e9s de 1978<\/em><\/strong><\/a> et renforce le contr\u00f4le par les citoyens de l\u2019utilisation qui peut \u00eatre faite des donn\u00e9es les concernant. Il harmonise les r\u00e8gles en Europe en offrant un cadre juridique unique aux professionnels. Il permet de d\u00e9velopper leurs activit\u00e9s num\u00e9riques au sein de l\u2019UE en se fondant sur la confiance des utilisateurs.<\/span><\/p>\n<h3><span style=\"color: #000000;\"><strong>Qu&#8217;est-ce qu&#8217;une\u00a0donn\u00e9e personnelle\u00a0?<\/strong><\/span><\/h3>\n<p><span style=\"color: #000000;\">La notion de \u00ab donn\u00e9es personnelles \u00bb est \u00e0 comprendre de fa\u00e7on tr\u00e8s large. Une \u00ab\u00a0<strong>donn\u00e9e personnelle<\/strong>\u00a0\u00bb est \u00ab\u00a0toute information se rapportant \u00e0 une personne physique identifi\u00e9e ou identifiable\u00a0\u00bb.<\/span><\/p>\n<p><span style=\"color: #000000;\"><strong>Une personne peut \u00eatre identifi\u00e9e\u00a0:<\/strong><\/span><\/p>\n<ul>\n<li><span style=\"color: #000000;\"><strong>directement<\/strong> (Par exemple : nom, pr\u00e9nom, )<\/span><\/li>\n<li><span style=\"color: #000000;\"><strong>ou indirectement<\/strong> (Par exemple : par un identifiant (n\u00b0 client), une donn\u00e9e biom\u00e9trique, un num\u00e9ro (de t\u00e9l\u00e9phone), plusieurs \u00e9l\u00e9ments sp\u00e9cifiques propres \u00e0 son identit\u00e9 physique, psychique, \u00e9conomique, physiologique, g\u00e9n\u00e9tique, culturelle ou sociale, mais aussi la voix ou l\u2019image).<\/span><\/li>\n<\/ul>\n<p><span style=\"color: #000000;\"><strong>L\u2019identification d\u2019une personne physique peut \u00eatre r\u00e9alis\u00e9e\u00a0:<\/strong><\/span><\/p>\n<ul>\n<li><span style=\"color: #000000;\">\u00e0 partir d\u2019une seule donn\u00e9e (exemple : ADN, num\u00e9ro de s\u00e9curit\u00e9 sociale) \u00a0<\/span><\/li>\n<li><span style=\"color: #000000;\">\u00e0 partir du croisement d\u2019un ensemble de donn\u00e9es (exemple : une femme vivant \u00e0 telle adresse, n\u00e9e tel jour, abonn\u00e9e \u00e0 tel magazine et militant dans telle association).<\/span><\/li>\n<\/ul>\n<h3><span style=\"color: #000000;\"><strong>Qu\u2019est-ce qu\u2019un\u00a0traitement de donn\u00e9es personnelles\u00a0?<\/strong><\/span><\/h3>\n<p><span style=\"color: #000000;\">Un \u00ab\u00a0traitement de donn\u00e9es personnelles\u00a0\u00bb est une op\u00e9ration, ou ensemble d&#8217;op\u00e9rations, portant sur des donn\u00e9es personnelles, quel que soit le proc\u00e9d\u00e9 utilis\u00e9 (collecte, enregistrement, organisation, conservation, adaptation, modification, extraction, consultation, utilisation, communication par transmission diffusion ou toute autre forme de mise \u00e0 disposition, rapprochement).\u00a0<\/span><\/p>\n<h3><span style=\"color: #000000;\"><strong>Informations relatives a la protection des donnees personnelles<\/strong><\/span><\/h3>\n<p><span style=\"color: #000000;\">Toutes les donn\u00e9es personnelles sont trait\u00e9es conform\u00e9ment au <strong><span style=\"color: #000000;\">R\u00e8glement g\u00e9n\u00e9ral sur la protection des donn\u00e9es<\/span> <a href=\"https:\/\/eur-lex.europa.eu\/legal-content\/FR\/TXT\/?uri=CELEX%3A02016R0679-20160504\" target=\"_blank\" rel=\"noopener\">(UE) 2016\/679<\/a> (\u00ab <span style=\"color: #000000;\">RGPD \u00bb<\/span><\/strong>). R\u00e8glement (UE) 2016\/679 du Parlement europ\u00e9en et du Conseil du 27 avril 2016, relatif \u00e0 la protection des personnes physiques \u00e0 l&#8217;\u00e9gard du traitement des donn\u00e9es \u00e0 caract\u00e8re personnel et \u00e0 la libre circulation de ces donn\u00e9es, et abrogeant la directive 95\/46\/CE (r\u00e8glement g\u00e9n\u00e9ral sur la protection des donn\u00e9es).<\/span><\/p>\n<p><span style=\"color: #000000;\">R\u00e9glementations des \u00c9tats am\u00e9ricains &#8211; Lois sur la confidentialit\u00e9 des donn\u00e9es qui r\u00e9gissent la mani\u00e8re dont les entreprises g\u00e8rent les informations personnelles des utilisateurs dans certains \u00c9tats am\u00e9ricains.<\/span><\/p>\n<p><span style=\"color: #000000;\">Conform\u00e9ment \u00e0 la r\u00e9glementation europ\u00e9enne en vigueur, les Utilisateurs de\u00a0<a href=\"https:\/\/kamerpower.com\/fr\/\">https:\/\/kamerpower.com<\/a>\u00a0disposent des droits suivants :<\/span><\/p>\n<ul>\n<li><span style=\"color: #000000;\">droit d\u2019acc\u00e8s (article 15 RGPD) et de rectification (article 16 RGPD), de mise \u00e0 jour, de compl\u00e9tude des donn\u00e9es des Utilisateurs droit de verrouillage ou d\u2019effacement des donn\u00e9es des Utilisateurs \u00e0 caract\u00e8re personnel (article 17 du RGPD), lorsqu\u2019elles sont inexactes, incompl\u00e8tes, \u00e9quivoques, p\u00e9rim\u00e9es, ou dont la collecte, l\u2019utilisation, la communication ou la conservation est interdite.<\/span><\/li>\n<li><span style=\"color: #000000;\">droit de retirer \u00e0 tout moment un consentement (article 13-2c RGPD).<\/span><\/li>\n<li><span style=\"color: #000000;\">droit \u00e0 la limitation du traitement des donn\u00e9es des Utilisateurs (article 18 RGPD).<\/span><\/li>\n<li><span style=\"color: #000000;\">droit d\u2019opposition au traitement des donn\u00e9es des Utilisateurs (article 21 RGPD).<\/span><\/li>\n<li><span style=\"color: #000000;\">droit \u00e0 la portabilit\u00e9 des donn\u00e9es que les Utilisateurs auront fournies, lorsque ces donn\u00e9es font l\u2019objet de traitements automatis\u00e9s fond\u00e9s sur leur consentement ou sur un contrat (article 20 RGPD).<\/span><\/li>\n<li><span style=\"color: #000000;\">droit de d\u00e9finir le sort des donn\u00e9es des Utilisateurs apr\u00e8s leur mort et de choisir \u00e0 qui\u00a0https:\/\/kamerpower.com\u00a0devra communiquer (ou non) ses donn\u00e9es \u00e0 un tiers qu\u2019ils aura pr\u00e9alablement d\u00e9sign\u00e9.<\/span><\/li>\n<\/ul>\n<p><span style=\"color: #000000;\">Nous nous engageons \u00e0 respecter les dispositions du r\u00e8glement g\u00e9n\u00e9ral sur la protection des donn\u00e9es (RGPD) et la loi Informatique et Libert\u00e9s pour toutes les donn\u00e9es personnelles que nous pourrions collecter et traiter.<\/span><\/p>\n<p><span style=\"color: #000000;\">Conform\u00e9ment \u00e0 la loi Informatique et libert\u00e9s du 6 janvier 1978 modifi\u00e9e(France-Europe), l\u2019utilisateur du site\u00a0https:\/\/kamerpower.com\u00a0disposez d&#8217;un droit d&#8217;acc\u00e8s, de rectification, de modification et de suppression des donn\u00e9es qui vous concernent. Vous pouvez exercer ce droit en envoyant un courrier \u00e9lectronique \u00e0 l&#8217;adresse de notre D\u00e9l\u00e9gu\u00e9 \u00e0 la Protection des Donn\u00e9es\u00a0: Hans A.\u00a0\u2013 \u00a0contact@kamerpower.com ou sur le <a href=\"https:\/\/kamerpower.com\/fr\/demande-de-suppression-du-compte-et-des-donnees-associees\/\"><strong>formulaire de demande de suppression de compte et de donn\u00e9es associ\u00e9es<\/strong><\/a>.\u00a0<\/span><\/p>\n","protected":false},"excerpt":{"rendered":"<p>&#46;&#46;&#46;<\/p>\n","protected":false},"author":1,"featured_media":0,"parent":0,"menu_order":0,"comment_status":"closed","ping_status":"closed","template":"","meta":{"_themeisle_gutenberg_block_has_review":false,"footnotes":""},"class_list":["post-68706","page","type-page","status-publish","hentry"],"_links":{"self":[{"href":"https:\/\/kamerpower.com\/fr\/wp-json\/wp\/v2\/pages\/68706","targetHints":{"allow":["GET"]}}],"collection":[{"href":"https:\/\/kamerpower.com\/fr\/wp-json\/wp\/v2\/pages"}],"about":[{"href":"https:\/\/kamerpower.com\/fr\/wp-json\/wp\/v2\/types\/page"}],"author":[{"embeddable":true,"href":"https:\/\/kamerpower.com\/fr\/wp-json\/wp\/v2\/users\/1"}],"replies":[{"embeddable":true,"href":"https:\/\/kamerpower.com\/fr\/wp-json\/wp\/v2\/comments?post=68706"}],"version-history":[{"count":3,"href":"https:\/\/kamerpower.com\/fr\/wp-json\/wp\/v2\/pages\/68706\/revisions"}],"predecessor-version":[{"id":68715,"href":"https:\/\/kamerpower.com\/fr\/wp-json\/wp\/v2\/pages\/68706\/revisions\/68715"}],"wp:attachment":[{"href":"https:\/\/kamerpower.com\/fr\/wp-json\/wp\/v2\/media?parent=68706"}],"curies":[{"name":"wp","href":"https:\/\/api.w.org\/{rel}","templated":true}]}}