{"id":72696,"date":"2026-01-05T09:41:09","date_gmt":"2026-01-05T08:41:09","guid":{"rendered":"https:\/\/kamerpower.com\/?page_id=72696"},"modified":"2026-01-05T09:41:10","modified_gmt":"2026-01-05T08:41:10","slug":"cours","status":"publish","type":"page","link":"https:\/\/kamerpower.com\/fr\/cours\/","title":{"rendered":"Cours"},"content":{"rendered":"<div class=\"llms-loop\">\n\t<ul class=\"llms-loop-list llms-course-list cols-3\">\n<li class=\"llms-loop-item post-72681 course type-course status-publish has-post-thumbnail hentry not-enrolled is-complete\">\n\t<div class=\"llms-loop-item-content\">\n\n\t<a class=\"llms-loop-link\" href=\"https:\/\/kamerpower.com\/fr\/course\/cours-histoire\/\">\n\t<img decoding=\"async\" src=\"https:\/\/kamerpower.com\/wp-content\/uploads\/2025\/10\/Les-Cours-Histoire-en-ligne-gratuit.jpg\" alt=\"Cours d&#8217;Histoire gratuit en Ligne\" class=\"llms-featured-image wp-post-image\">\n\t<h4 class=\"llms-loop-title\">Cours d&#8217;Histoire gratuit en Ligne<\/h4>\n\n\t<footer class=\"llms-loop-item-footer\">\n\t\t\t<div class=\"llms-author\">\n\t\t\t\t<span class=\"llms-author-info name\">Kamerpower<\/span>\n\t\t\t\t\t<\/div>\n\t\n<div class=\"llms-meta llms-lessons-count\">\n\t<p>\n\t\tNumber of lessons: <span class=\"lessons-count\">10<\/span>\t<\/p>\n<\/div>\n\t<\/footer>\n\n\t<\/a><!-- .llms-loop-link -->\n\t<\/div><!-- .llms-loop-item-content -->\n<\/li><!-- .llms-loop-item -->\n<li class=\"llms-loop-item post-72683 course type-course status-publish has-post-thumbnail hentry not-enrolled is-complete\">\n\t<div class=\"llms-loop-item-content\">\n\n\t<a class=\"llms-loop-link\" href=\"https:\/\/kamerpower.com\/fr\/course\/cours-geographie\/\">\n\t<img decoding=\"async\" src=\"https:\/\/kamerpower.com\/wp-content\/uploads\/2025\/10\/Les-Cours-de-Geographie-en-ligne-gratuite-pdf.jpg\" alt=\"Cours G\u00e9ographie\" class=\"llms-featured-image wp-post-image\">\n\t<h4 class=\"llms-loop-title\">Cours G\u00e9ographie<\/h4>\n\n\t<footer class=\"llms-loop-item-footer\">\n\t\t\t<div class=\"llms-author\">\n\t\t\t\t<span class=\"llms-author-info name\">Kamerpower<\/span>\n\t\t\t\t\t<\/div>\n\t\n<div class=\"llms-meta llms-lessons-count\">\n\t<p>\n\t\tNumber of lessons: <span class=\"lessons-count\">1<\/span>\t<\/p>\n<\/div>\n\t<\/footer>\n\n\t<\/a><!-- .llms-loop-link -->\n\t<\/div><!-- .llms-loop-item-content -->\n<\/li><!-- .llms-loop-item -->\n<li class=\"llms-loop-item post-72687 course type-course status-publish has-post-thumbnail hentry course_cat-cours-exercices-pratiques-d-examen not-enrolled is-complete\">\n\t<div class=\"llms-loop-item-content\">\n\n\t<a class=\"llms-loop-link\" href=\"https:\/\/kamerpower.com\/fr\/course\/prepa-concours-ensp\/\">\n\t<img decoding=\"async\" src=\"https:\/\/kamerpower.com\/wp-content\/uploads\/2025\/10\/Prepa-Concours-ENSP-Ecole-Nationale-Superieure-Polytechnique-au-Cameroun.jpg\" alt=\"Pr\u00e9pa Concours Ecole Nationale Sup\u00e9rieure Polytechnique\u00a0au Cameroun (ENSP)\" class=\"llms-featured-image wp-post-image\">\n\t<h4 class=\"llms-loop-title\">Pr\u00e9pa Concours Ecole Nationale Sup\u00e9rieure Polytechnique\u00a0au Cameroun (ENSP)<\/h4>\n\n\t<footer class=\"llms-loop-item-footer\">\n\t\t\t<div class=\"llms-author\">\n\t\t\t\t<span class=\"llms-author-info name\">Kamerpower<\/span>\n\t\t\t\t\t<\/div>\n\t\n<div class=\"llms-meta llms-lessons-count\">\n\t<p>\n\t\tNumber of lessons: <span class=\"lessons-count\">0<\/span>\t<\/p>\n<\/div>\n\t<\/footer>\n\n\t<\/a><!-- .llms-loop-link -->\n\t<\/div><!-- .llms-loop-item-content -->\n<\/li><!-- .llms-loop-item -->\n<li class=\"llms-loop-item post-72689 course type-course status-publish has-post-thumbnail hentry course_cat-cours-exercices-pratiques-d-examen not-enrolled is-complete\">\n\t<div class=\"llms-loop-item-content\">\n\n\t<a class=\"llms-loop-link\" href=\"https:\/\/kamerpower.com\/fr\/course\/prepa-concours-fmsp\/\">\n\t<img decoding=\"async\" src=\"https:\/\/kamerpower.com\/wp-content\/uploads\/2025\/10\/Prepa-Concours-FMSP-Medecine-et-Sciences-Pharmaceutiques-en-ligne.jpg\" alt=\"Pr\u00e9pa Concours Facult\u00e9 de M\u00e9decine et Sciences Pharmaceutiques\" class=\"llms-featured-image wp-post-image\">\n\t<h4 class=\"llms-loop-title\">Pr\u00e9pa Concours Facult\u00e9 de M\u00e9decine et Sciences Pharmaceutiques<\/h4>\n\n\t<footer class=\"llms-loop-item-footer\">\n\t\t\t<div class=\"llms-author\">\n\t\t\t\t<span class=\"llms-author-info name\">Kamerpower<\/span>\n\t\t\t\t\t<\/div>\n\t\n<div class=\"llms-meta llms-lessons-count\">\n\t<p>\n\t\tNumber of lessons: <span class=\"lessons-count\">1<\/span>\t<\/p>\n<\/div>\n\t<\/footer>\n\n\t<\/a><!-- .llms-loop-link -->\n\t<\/div><!-- .llms-loop-item-content -->\n<\/li><!-- .llms-loop-item -->\n<li class=\"llms-loop-item post-73408 course type-course status-publish has-post-thumbnail hentry course_cat-cours-exercices-pratiques-d-examen not-enrolled is-complete\">\n\t<div class=\"llms-loop-item-content\">\n\n\t<a class=\"llms-loop-link\" href=\"https:\/\/kamerpower.com\/fr\/course\/prepa-concours-fmsb-en-ligne-faculte-de-medecine-et-de-science-biomedicale\/\">\n\t<img decoding=\"async\" src=\"https:\/\/kamerpower.com\/wp-content\/uploads\/2026\/01\/FMSB-Prepa-Concours-en-ligne-Faculte-de-medecine-et-de-science-biomedicale.png\" alt=\"Pre\u0301pa Concours FMSB en ligne &#8211; Faculte\u0301 de me\u0301decine et de science biome\u0301dicale\" class=\"llms-featured-image wp-post-image\">\n\t<h4 class=\"llms-loop-title\">Pre\u0301pa Concours FMSB en ligne &#8211; Faculte\u0301 de me\u0301decine et de science biome\u0301dicale<\/h4>\n\n\t<footer class=\"llms-loop-item-footer\">\n\t\t\t<div class=\"llms-author\">\n\t\t\t\t<span class=\"llms-author-info name\">Kamerpower<\/span>\n\t\t\t\t\t<\/div>\n\t\n<div class=\"llms-meta llms-lessons-count\">\n\t<p>\n\t\tNumber of lessons: <span class=\"lessons-count\">1<\/span>\t<\/p>\n<\/div>\n\t<\/footer>\n\n\t<\/a><!-- .llms-loop-link -->\n\t<\/div><!-- .llms-loop-item-content -->\n<\/li><!-- .llms-loop-item -->\n<li class=\"llms-loop-item post-72685 course type-course status-publish has-post-thumbnail hentry course_cat-cours-exercices-pratiques-d-examen not-enrolled is-complete\">\n\t<div class=\"llms-loop-item-content\">\n\n\t<a class=\"llms-loop-link\" href=\"https:\/\/kamerpower.com\/fr\/course\/preparation-concours-essca-en-ligne-epreuves\/\">\n\t<img decoding=\"async\" src=\"https:\/\/kamerpower.com\/wp-content\/uploads\/2025\/10\/Preparation-Concours-ESSCA-en-ligne-annales-corrigees-QCM-exercices.jpg\" alt=\"Pr\u00e9paration Concours ESSCA en ligne &#8211; \u00c9preuves corrig\u00e9es\" class=\"llms-featured-image wp-post-image\">\n\t<h4 class=\"llms-loop-title\">Pr\u00e9paration Concours ESSCA en ligne &#8211; \u00c9preuves corrig\u00e9es<\/h4>\n\n\t<footer class=\"llms-loop-item-footer\">\n\t\t\t<div class=\"llms-author\">\n\t\t\t\t<span class=\"llms-author-info name\">Kamerpower<\/span>\n\t\t\t\t\t<\/div>\n\t\n<div class=\"llms-meta llms-lessons-count\">\n\t<p>\n\t\tNumber of lessons: <span class=\"lessons-count\">0<\/span>\t<\/p>\n<\/div>\n\t<\/footer>\n\n\t<\/a><!-- .llms-loop-link -->\n\t<\/div><!-- .llms-loop-item-content -->\n<\/li><!-- .llms-loop-item -->\n<li class=\"llms-loop-item post-73423 course type-course status-publish has-post-thumbnail hentry course_cat-cours-exercices-pratiques-d-examen not-enrolled is-complete\">\n\t<div class=\"llms-loop-item-content\">\n\n\t<a class=\"llms-loop-link\" href=\"https:\/\/kamerpower.com\/fr\/course\/revision-culture-generale-prepa-concours-enam-sujets-corriges\/\">\n\t<img decoding=\"async\" src=\"https:\/\/kamerpower.com\/wp-content\/uploads\/2026\/01\/Prepa-Concours-ENAM-Culture-Generale.png\" alt=\"R\u00e9vision pour Culture G\u00e9n\u00e9rale Pre\u0301pa Concours ENAM avec les Sujets corriges\" class=\"llms-featured-image wp-post-image\">\n\t<h4 class=\"llms-loop-title\">R\u00e9vision pour Culture G\u00e9n\u00e9rale Pre\u0301pa Concours ENAM avec les Sujets corriges<\/h4>\n\n\t<footer class=\"llms-loop-item-footer\">\n\t\t\t<div class=\"llms-author\">\n\t\t\t\t<span class=\"llms-author-info name\">Kamerpower<\/span>\n\t\t\t\t\t<\/div>\n\t\n<div class=\"llms-meta llms-lessons-count\">\n\t<p>\n\t\tNumber of lessons: <span class=\"lessons-count\">1<\/span>\t<\/p>\n<\/div>\n\t<\/footer>\n\n\t<\/a><!-- .llms-loop-link -->\n\t<\/div><!-- .llms-loop-item-content -->\n<\/li><!-- .llms-loop-item -->\n\t<\/ul>\n<\/div><!-- .llms-loop -->\n\n","protected":false},"excerpt":{"rendered":"<p>&#46;&#46;&#46;<\/p>\n","protected":false},"author":1,"featured_media":0,"parent":0,"menu_order":0,"comment_status":"closed","ping_status":"closed","template":"","meta":{"_themeisle_gutenberg_block_has_review":false,"footnotes":""},"class_list":["post-72696","page","type-page","status-publish","hentry"],"_links":{"self":[{"href":"https:\/\/kamerpower.com\/fr\/wp-json\/wp\/v2\/pages\/72696","targetHints":{"allow":["GET"]}}],"collection":[{"href":"https:\/\/kamerpower.com\/fr\/wp-json\/wp\/v2\/pages"}],"about":[{"href":"https:\/\/kamerpower.com\/fr\/wp-json\/wp\/v2\/types\/page"}],"author":[{"embeddable":true,"href":"https:\/\/kamerpower.com\/fr\/wp-json\/wp\/v2\/users\/1"}],"replies":[{"embeddable":true,"href":"https:\/\/kamerpower.com\/fr\/wp-json\/wp\/v2\/comments?post=72696"}],"version-history":[{"count":1,"href":"https:\/\/kamerpower.com\/fr\/wp-json\/wp\/v2\/pages\/72696\/revisions"}],"predecessor-version":[{"id":72697,"href":"https:\/\/kamerpower.com\/fr\/wp-json\/wp\/v2\/pages\/72696\/revisions\/72697"}],"wp:attachment":[{"href":"https:\/\/kamerpower.com\/fr\/wp-json\/wp\/v2\/media?parent=72696"}],"curies":[{"name":"wp","href":"https:\/\/api.w.org\/{rel}","templated":true}]}}