{"id":72848,"date":"2026-01-12T07:03:58","date_gmt":"2026-01-12T06:03:58","guid":{"rendered":"https:\/\/kamerpower.com\/?page_id=72848"},"modified":"2026-01-12T07:09:49","modified_gmt":"2026-01-12T06:09:49","slug":"remboursement-retour","status":"publish","type":"page","link":"https:\/\/kamerpower.com\/fr\/remboursement-retour\/","title":{"rendered":"Politique de remboursement et de retour"},"content":{"rendered":"\n<p class=\"has-black-color has-text-color has-link-color wp-elements-7f4bdd91724d5f63d796d7acc1d6a845\"><strong>Notre politique de retour et de remboursement<\/strong><\/p>\n\n\n\n<h2 class=\"wp-block-heading has-black-color has-text-color has-link-color wp-elements-1779fa11e84c730eb4d8162299b3116d\" id=\"h-apercu\"><strong>Aper\u00e7u<\/strong><\/h2>\n\n\n\n<p class=\"has-black-color has-text-color has-link-color wp-elements-8d810579ca42d942f46810e42068b831\">Nous offrons les retours gratuits dans les 15 jours suivant l&#8217;achat. Notre politique de retour et de remboursement est valable 15 jours. Pass\u00e9 ce d\u00e9lai, nous ne pouvons malheureusement pas vous proposer de remboursement int\u00e9gral ni d&#8217;\u00e9change.<\/p>\n\n\n\n<p class=\"has-black-color has-text-color has-link-color wp-elements-ac75d0dfe2129739f9a78c28d5839a63\">Pour \u00eatre admissible \u00e0 un retour, votre article doit \u00eatre inutilis\u00e9 et dans son \u00e9tat d&#8217;origine. Il doit \u00e9galement \u00eatre dans son emballage d&#8217;origine.<\/p>\n\n\n\n<p class=\"has-black-color has-text-color has-link-color wp-elements-6051865059cd185b390cb03a3b77932d\"><strong>Articles non retournables&nbsp;:<\/strong><\/p>\n\n\n\n<ul class=\"wp-block-list has-black-color has-text-color has-link-color wp-elements-c83dfc19ded2212a4844daaab2d74ec5\">\n<li>Produits t\u00e9l\u00e9chargeables<\/li>\n<\/ul>\n\n\n\n<p class=\"has-black-color has-text-color has-link-color wp-elements-a4cf0f02901a1b1dc7479f804f0594e4\">Pour effectuer un retour, un re\u00e7u ou une preuve d&#8217;achat est n\u00e9cessaire.<\/p>\n\n\n\n<p class=\"has-black-color has-text-color has-link-color wp-elements-7bcc203819c724d568cf5f3d903a4991\"><strong>Veuillez noter les exceptions suivantes \u00e0 notre politique de retour et de remboursement&nbsp;:<\/strong><\/p>\n\n\n\n<h2 class=\"wp-block-heading has-black-color has-text-color has-link-color wp-elements-a05e33da380cad8dfffa26b30559a3ef\" id=\"h-remboursements\"><strong>Remboursements<\/strong><\/h2>\n\n\n\n<p class=\"has-black-color has-text-color has-link-color wp-elements-9ab57b93ccf4148d463c9baa1511d94f\">Une fois votre retour re\u00e7u et inspect\u00e9, nous vous enverrons un courriel pour vous confirmer sa r\u00e9ception. Nous vous informerons \u00e9galement de l&#8217;acceptation ou du refus de votre remboursement.<\/p>\n\n\n\n<p class=\"has-black-color has-text-color has-link-color wp-elements-afbf8ec79071c3fb1a990fa950e98747\">En cas d&#8217;acceptation, votre remboursement sera trait\u00e9 et un cr\u00e9dit sera automatiquement appliqu\u00e9 \u00e0 votre carte de cr\u00e9dit ou \u00e0 votre mode de paiement initial, sous quelques jours.<\/p>\n\n\n\n<h2 class=\"wp-block-heading has-black-color has-text-color has-link-color wp-elements-ebb37ddcd6251b7f3a90ec33675e3a07\" id=\"h-besoin-d-aide-nbsp\"><strong>Besoin d&#8217;aide&nbsp;?<\/strong><\/h2>\n\n\n\n<p class=\"has-black-color has-text-color has-link-color wp-elements-4ed5473aa74838d8d43c357ad97068f6\">Pour toute question relative aux remboursements et aux retours, veuillez nous contacter \u00e0 l&#8217;adresse info@kamerpower.com.<\/p>\n","protected":false},"excerpt":{"rendered":"<p>&#46;&#46;&#46;<\/p>\n","protected":false},"author":1,"featured_media":0,"parent":0,"menu_order":0,"comment_status":"closed","ping_status":"closed","template":"","meta":{"_themeisle_gutenberg_block_has_review":false,"footnotes":""},"class_list":["post-72848","page","type-page","status-publish","hentry"],"_links":{"self":[{"href":"https:\/\/kamerpower.com\/fr\/wp-json\/wp\/v2\/pages\/72848","targetHints":{"allow":["GET"]}}],"collection":[{"href":"https:\/\/kamerpower.com\/fr\/wp-json\/wp\/v2\/pages"}],"about":[{"href":"https:\/\/kamerpower.com\/fr\/wp-json\/wp\/v2\/types\/page"}],"author":[{"embeddable":true,"href":"https:\/\/kamerpower.com\/fr\/wp-json\/wp\/v2\/users\/1"}],"replies":[{"embeddable":true,"href":"https:\/\/kamerpower.com\/fr\/wp-json\/wp\/v2\/comments?post=72848"}],"version-history":[{"count":1,"href":"https:\/\/kamerpower.com\/fr\/wp-json\/wp\/v2\/pages\/72848\/revisions"}],"predecessor-version":[{"id":72853,"href":"https:\/\/kamerpower.com\/fr\/wp-json\/wp\/v2\/pages\/72848\/revisions\/72853"}],"wp:attachment":[{"href":"https:\/\/kamerpower.com\/fr\/wp-json\/wp\/v2\/media?parent=72848"}],"curies":[{"name":"wp","href":"https:\/\/api.w.org\/{rel}","templated":true}]}}