{"id":74492,"date":"2026-04-08T03:01:31","date_gmt":"2026-04-08T02:01:31","guid":{"rendered":"https:\/\/kamerpower.com\/?page_id=74492"},"modified":"2026-04-08T03:18:11","modified_gmt":"2026-04-08T02:18:11","slug":"les-concours-ouverts-au-senegal","status":"publish","type":"page","link":"https:\/\/kamerpower.com\/fr\/les-concours-ouverts-au-senegal\/","title":{"rendered":"Les concours ouverts au S\u00e9n\u00e9gal en 2026-2027"},"content":{"rendered":"<h3><span style=\"color: #000000;\"><strong>Les derniers concours lanc\u00e9s au S\u00e9n\u00e9gal<\/strong><\/span><\/h3>\n<div id=\"vsel\" class=\"vsel-shortcode vsel-shortcode-upcoming-events\"><div id=\"event-74490\" class=\"vsel-content concours-disponibles-actuellement-au-senegal vsel-upcoming vsel-future\"><div class=\"vsel-meta vsel-alignleft\" style=\"width:36%;\"><h3 class=\"vsel-meta-title\"><a href=\"https:\/\/kamerpower.com\/fr\/events\/senegal-concours-eaux-et-forets-dates-conditions\/\" rel=\"bookmark\" title=\"Senegal Concours Eaux et For\u00eats Session 2026 : Dates, Conditions\">Senegal Concours Eaux et For\u00eats Session 2026 : Dates, Conditions<\/a><\/h3><div class=\"vsel-meta-date vsel-meta-single-date\">Date\u00a0: <span>25 juillet 2026<\/span><\/div><div class=\"vsel-meta-time\">Heure\u00a0: <span>7 h 00 min - 15 h 00 min<\/span><\/div><div class=\"vsel-meta-location\">Lieu: <span>Senegal<\/span><\/div><\/div><div class=\"vsel-info vsel-alignright\" style=\"width:60%;\"><figure class=\"vsel-image vsel-alignright\" style=\"max-width:40%\"><img loading=\"lazy\" decoding=\"async\" width=\"1280\" height=\"720\" src=\"https:\/\/kamerpower.com\/wp-content\/uploads\/2015\/12\/Concours-ENFEFS-2016-ENFEFS-Dakar-Senegal-infos.png\" class=\"vsel-image-img wp-post-image\" alt=\"Concours ENFEFS 2026-2027 ENFEFS Dakar Senegal infos\" srcset=\"https:\/\/kamerpower.com\/wp-content\/uploads\/2015\/12\/Concours-ENFEFS-2016-ENFEFS-Dakar-Senegal-infos.png 1280w, https:\/\/kamerpower.com\/wp-content\/uploads\/2015\/12\/Concours-ENFEFS-2016-ENFEFS-Dakar-Senegal-infos-600x338.png 600w, https:\/\/kamerpower.com\/wp-content\/uploads\/2015\/12\/Concours-ENFEFS-2016-ENFEFS-Dakar-Senegal-infos-300x169.png 300w, https:\/\/kamerpower.com\/wp-content\/uploads\/2015\/12\/Concours-ENFEFS-2016-ENFEFS-Dakar-Senegal-infos-768x432.png 768w, https:\/\/kamerpower.com\/wp-content\/uploads\/2015\/12\/Concours-ENFEFS-2016-ENFEFS-Dakar-Senegal-infos-150x84.png 150w\" sizes=\"auto, (max-width: 1280px) 100vw, 1280px\" \/><\/figure><div class=\"vsel-text\"><p><span style=\"color: #000000;\">Un concours au Senegal d&#8217;entr\u00e9e en <a href=\"https:\/\/kamerpower.com\/fr\/concours-eaux-et-forets-senegal-2021-2022-dates-dossiers-a-fournir-et-conditions\/\">1ere ann\u00e9e dans les Eaux et Forets<\/a>, Chasse et Parcs Nationaux, Agriculture et G\u00e9nie Rural, Elevage et Industrie Animales (CNFT).<\/span><\/p>\n<ul>\n<li><span style=\"color: #000000;\"><strong><span style=\"color: #3366ff;\">Ouverture des registres<\/span>: <span style=\"color: #ff0000;\">lundi 01 fevrier 2026<\/span>.<\/strong><\/span><\/li>\n<li><span style=\"color: #000000;\"><strong><span style=\"color: #3366ff;\">Cl\u00f4ture des registres<\/span>: <span style=\"color: #ff0000;\">jeudi 23 juillet 2026<\/span>.<\/strong><\/span><\/li>\n<li><span style=\"color: #000000;\"><strong><span style=\"color: #3366ff;\">Date du concours<\/span>: <span style=\"color: #ff0000;\">samedi 25 juillet 2026<\/span>.<\/strong><\/span><\/li>\n<\/ul>\n<p><span style=\"color: #000000;\"><strong>\ud835\udc0c\ud835\udc00\ud835\udc13\ud835\udc08\ud835\udc04\ud835\udc11\ud835\udc04\ud835\udc12 \ud835\udc00 \ud835\udc02\ud835\udc0e\ud835\udc0c\ud835\udc0f\ud835\udc0e\ud835\udc12\ud835\udc04\ud835\udc11 :<\/strong><\/span><\/p>\n<ul>\n<li><span style=\"color: #000000;\"><strong>1er TOUR<\/strong> : Samedi 25 juillet 2026.<\/span>\n<ul>\n<li><span style=\"color: #000000;\">Fran\u00e7ais, Dur\u00e9e : 2h Coeff : 1<\/span><\/li>\n<li><span style=\"color: #000000;\">Math\u00e9matiques Dur\u00e9e : 2h Coeff : 1<\/span><\/li>\n<li><span style=\"color: #000000;\">Sciences de la vie et de la terre (SVT) Dur\u00e9e : 2h Coeff : 1<\/span><\/li>\n<\/ul>\n<\/li>\n<li><span style=\"color: #000000;\"><strong>2\u00e8me TOUR:<\/strong><\/span>\n<ul>\n<li><span style=\"color: #000000;\">\u00c9preuves Pratiques.<\/span><\/li>\n<\/ul>\n<\/li>\n<\/ul>\n<p><span style=\"color: #000000;\">Les dossiers de candidature seront d\u00e9pos\u00e9s \u00e0 la Direction des Examens, Concours Professionnels et Certifications (DECPC) Avenue Bourguiba X Rue 14 Castors en face SENELEC 1er \u00e9tage Tel : 338643803 tous les jours ouvrables, ou dans les Centres Acad\u00e9miques d\u2019Orientation Scolaire et Professionnelle jusqu\u2019au <strong>Jeu\ud835\udc1d\ud835\udc22 \ud835\udfd03 juillet \ud835\udfd0\ud835\udfce\ud835\udfd06 \ud835\udc1d\ud835\udc1e\u0301\ud835\udc25\ud835\udc1a\ud835\udc22 \ud835\udc1d\ud835\udc1e \ud835\udc2b\ud835\udc22\ud835\udc20\ud835\udc2e\ud835\udc1e\ud835\udc2e\ud835\udc2b.<\/strong><\/span><\/p>\n<p><span style=\"color: #000000;\"><strong>Lieux de concours<\/strong> : \ud835\udc00 \ud835\udc03\ud835\udc00\ud835\udc0a\ud835\udc00\ud835\udc11 : au centre de formation professionnelle commerciale delafosse (cfpc) et au crfpe de rufisque.<\/span><br \/>\n<span style=\"color: #000000;\">\ud835\udc03\ud835\udc00\ud835\udc0d\ud835\udc12 \ud835\udc0b\ud835\udc04\ud835\udc12 \ud835\udc11\ud835\udc04\ud835\udc06\ud835\udc08\ud835\udc0e\ud835\udc0d\ud835\udc12 : thies, kaolack, fatick, diourbel, louga, saint-louis, ziguinchor, kolda,tambacounda, kedougou, sedhiou, matam et kaffrine (sous r\u00e9serve du minimum de candidats exigible).<\/span><\/p>\n<p><strong>Les conditions et document<\/strong><\/p>\n<ul>\n<li><a href=\"https:\/\/kamerpower.com\/fr\/concours-eaux-et-forets-senegal-2021-2022-dates-dossiers-a-fournir-et-conditions\/\"><strong>Dossiers \u00e0 fournir et Conditions &#8211; Eaux et For\u00eats S\u00e9n\u00e9gal<\/strong><\/a><\/li>\n<\/ul>\n<p><span style=\"color: #000000;\"><strong>Plus d&#8217;info<\/strong><\/span><\/p>\n<ul>\n<li><a href=\"https:\/\/kamerpower.com\/fr\/procedure-dinscription-au-concours-eaux-et-forets-senegal-session-2021-2022\/\"><strong>Proc\u00e9dure d\u2019inscription au concours Eaux et For\u00eats Senegal.<\/strong><\/a><\/li>\n<li><a href=\"https:\/\/kamerpower.com\/fr\/epreuves-du-concours-des-eaux-et-forets-au-senegal-pdf\/\"><strong>Epreuves du concours des eaux et forets au s\u00e9n\u00e9gal pdf<\/strong><\/a><\/li>\n<\/ul>\n<\/div><\/div><\/div><\/div>\n<div id=\"vsel\" class=\"vsel-shortcode vsel-shortcode-upcoming-events\"><div id=\"event-74490\" class=\"vsel-content concours-disponibles-actuellement-au-senegal vsel-upcoming vsel-future\"><div class=\"vsel-meta vsel-alignleft\" style=\"width:36%;\"><h3 class=\"vsel-meta-title\"><a href=\"https:\/\/kamerpower.com\/fr\/events\/senegal-concours-eaux-et-forets-dates-conditions\/\" rel=\"bookmark\" title=\"Senegal Concours Eaux et For\u00eats Session 2026 : Dates, Conditions\">Senegal Concours Eaux et For\u00eats Session 2026 : Dates, Conditions<\/a><\/h3><div class=\"vsel-meta-date vsel-meta-single-date\">Date\u00a0: <span>25 juillet 2026<\/span><\/div><div class=\"vsel-meta-time\">Heure\u00a0: <span>7 h 00 min - 15 h 00 min<\/span><\/div><div class=\"vsel-meta-location\">Lieu: <span>Senegal<\/span><\/div><\/div><div class=\"vsel-info vsel-alignright\" style=\"width:60%;\"><figure class=\"vsel-image vsel-alignright\" style=\"max-width:40%\"><img loading=\"lazy\" decoding=\"async\" width=\"1280\" height=\"720\" src=\"https:\/\/kamerpower.com\/wp-content\/uploads\/2015\/12\/Concours-ENFEFS-2016-ENFEFS-Dakar-Senegal-infos.png\" class=\"vsel-image-img wp-post-image\" alt=\"Concours ENFEFS 2026-2027 ENFEFS Dakar Senegal infos\" srcset=\"https:\/\/kamerpower.com\/wp-content\/uploads\/2015\/12\/Concours-ENFEFS-2016-ENFEFS-Dakar-Senegal-infos.png 1280w, https:\/\/kamerpower.com\/wp-content\/uploads\/2015\/12\/Concours-ENFEFS-2016-ENFEFS-Dakar-Senegal-infos-600x338.png 600w, https:\/\/kamerpower.com\/wp-content\/uploads\/2015\/12\/Concours-ENFEFS-2016-ENFEFS-Dakar-Senegal-infos-300x169.png 300w, https:\/\/kamerpower.com\/wp-content\/uploads\/2015\/12\/Concours-ENFEFS-2016-ENFEFS-Dakar-Senegal-infos-768x432.png 768w, https:\/\/kamerpower.com\/wp-content\/uploads\/2015\/12\/Concours-ENFEFS-2016-ENFEFS-Dakar-Senegal-infos-150x84.png 150w\" sizes=\"auto, (max-width: 1280px) 100vw, 1280px\" \/><\/figure><div class=\"vsel-text\"><p>Concours d&#8217;entree en 1ere annnee dans les Eaux et Forets, Chasse et Parcs Nationaux, Agriculture et Genie Rural, Elevage et Industrie Animales (CNFT). Les dossiers de candidature seront d\u00e9pos\u00e9s \u00e0 la Direction des Examens.<\/p>\n<\/div><\/div><\/div><div class=\"vsel-nav\"><\/div><\/div>\n<hr \/>\n<p><span style=\"color: #339966;\"><strong>TOUTE<\/strong><\/span><\/p>\n<div id=\"vsel\" class=\"vsel-shortcode vsel-shortcode-past-events\"><p class=\"vsel-no-events\">No events are found.<\/p><\/div>\n","protected":false},"excerpt":{"rendered":"<p>&#46;&#46;&#46;<\/p>\n","protected":false},"author":1,"featured_media":0,"parent":0,"menu_order":0,"comment_status":"closed","ping_status":"closed","template":"","meta":{"_themeisle_gutenberg_block_has_review":false,"footnotes":""},"class_list":["post-74492","page","type-page","status-publish","hentry"],"_links":{"self":[{"href":"https:\/\/kamerpower.com\/fr\/wp-json\/wp\/v2\/pages\/74492","targetHints":{"allow":["GET"]}}],"collection":[{"href":"https:\/\/kamerpower.com\/fr\/wp-json\/wp\/v2\/pages"}],"about":[{"href":"https:\/\/kamerpower.com\/fr\/wp-json\/wp\/v2\/types\/page"}],"author":[{"embeddable":true,"href":"https:\/\/kamerpower.com\/fr\/wp-json\/wp\/v2\/users\/1"}],"replies":[{"embeddable":true,"href":"https:\/\/kamerpower.com\/fr\/wp-json\/wp\/v2\/comments?post=74492"}],"version-history":[{"count":2,"href":"https:\/\/kamerpower.com\/fr\/wp-json\/wp\/v2\/pages\/74492\/revisions"}],"predecessor-version":[{"id":74501,"href":"https:\/\/kamerpower.com\/fr\/wp-json\/wp\/v2\/pages\/74492\/revisions\/74501"}],"wp:attachment":[{"href":"https:\/\/kamerpower.com\/fr\/wp-json\/wp\/v2\/media?parent=74492"}],"curies":[{"name":"wp","href":"https:\/\/api.w.org\/{rel}","templated":true}]}}