{"id":74666,"date":"2026-04-16T02:12:09","date_gmt":"2026-04-16T01:12:09","guid":{"rendered":"https:\/\/kamerpower.com\/?page_id=74666"},"modified":"2026-04-16T02:14:25","modified_gmt":"2026-04-16T01:14:25","slug":"emplois-et-recrutement","status":"publish","type":"page","link":"https:\/\/kamerpower.com\/fr\/emplois-et-recrutement\/","title":{"rendered":"Offres d&#8217;Emplois et recrutement"},"content":{"rendered":"<div class=\"job_listings\" data-location=\"\" data-keywords=\"\" data-show_filters=\"true\" data-show_pagination=\"false\" data-per_page=\"20\" data-orderby=\"featured\" data-order=\"DESC\" data-categories=\"\" data-disable-form-state-storage=\"\" data-featured_first=\"false\" data-post_id=\"74666\" >\n<form class=\"job_filters\">\n\t\n\t<div class=\"search_jobs\">\n\t\t\n\t\t<div class=\"search_keywords\">\n\t\t\t<label for=\"search_keywords\">Mots-cl\u00e9s<\/label>\n\t\t\t<input type=\"text\" name=\"search_keywords\" id=\"search_keywords\" placeholder=\"Mots-cl\u00e9s\" value=\"\" \/>\n\t\t<\/div>\n\n\t\t<div class=\"search_location\">\n\t\t\t<label for=\"search_location\">Localisation<\/label>\n\t\t\t<input type=\"text\" name=\"search_location\" id=\"search_location\" placeholder=\"Localisation\" value=\"\" \/>\n\t\t<\/div>\n\n\t\t\t\t\t<div class=\"search_remote_position\">\n\t\t\t\t<input type=\"checkbox\" class=\"input-checkbox\" name=\"remote_position\" id=\"remote_position\" placeholder=\"Localisation\" value=\"1\"  \/>\n\t\t\t\t<label for=\"remote_position\" id=\"remote_position_label\">Postes en t\u00e9l\u00e9travail uniquement<\/label>\n\t\t\t<\/div>\n\t\t\n\t\t<div style=\"clear: both\"><\/div>\n\n\t\t\n\t\t\t\t\t<div class=\"search_submit\">\n\t\t\t\t<input type=\"submit\" value=\"Rechercher des offres d\u2019emploi\">\n\t\t\t<\/div>\n\t\t\n\t\t\t<\/div>\n\n\t\t<ul class=\"job_types\">\n\t\t\t\t\t<li><label for=\"job_type_independant\" class=\"independant\"><input type=\"checkbox\" name=\"filter_job_type[]\" value=\"independant\"  checked='checked' id=\"job_type_independant\" \/> Ind\u00e9pendant<\/label><\/li>\n\t\t\t\t\t<li><label for=\"job_type_stage\" class=\"stage\"><input type=\"checkbox\" name=\"filter_job_type[]\" value=\"stage\"  checked='checked' id=\"job_type_stage\" \/> Stage<\/label><\/li>\n\t\t\t\t\t<li><label for=\"job_type_temporaire\" class=\"temporaire\"><input type=\"checkbox\" name=\"filter_job_type[]\" value=\"temporaire\"  checked='checked' id=\"job_type_temporaire\" \/> Temporaire<\/label><\/li>\n\t\t\t\t\t<li><label for=\"job_type_temps-partiel\" class=\"temps-partiel\"><input type=\"checkbox\" name=\"filter_job_type[]\" value=\"temps-partiel\"  checked='checked' id=\"job_type_temps-partiel\" \/> Temps partiel<\/label><\/li>\n\t\t\t\t\t<li><label for=\"job_type_temps-plein\" class=\"temps-plein\"><input type=\"checkbox\" name=\"filter_job_type[]\" value=\"temps-plein\"  checked='checked' id=\"job_type_temps-plein\" \/> Temps plein<\/label><\/li>\n\t\t\t<\/ul>\n\t<input type=\"hidden\" name=\"filter_job_type[]\" value=\"\" \/>\n<div class=\"showing_jobs\"><\/div><\/form>\n\n\n<noscript>Votre navigateur ne supporte pas JavaScript, ou bien JavaScript est d\u00e9sactiv\u00e9. JavaScript doit \u00eatre activ\u00e9 pour pouvoir visualiser des postes.<\/noscript>\n<ul class=\"job_listings\">\n<\/ul>\n<a class=\"load_more_jobs\" href=\"#\" style=\"display:none;\"><strong>Afficher plus d\u2019offres<\/strong><\/a><\/div>\n","protected":false},"excerpt":{"rendered":"","protected":false},"author":1,"featured_media":68495,"parent":0,"menu_order":0,"comment_status":"closed","ping_status":"closed","template":"","meta":{"_themeisle_gutenberg_block_has_review":false,"footnotes":""},"class_list":["post-74666","page","type-page","status-publish","has-post-thumbnail","hentry"],"_links":{"self":[{"href":"https:\/\/kamerpower.com\/fr\/wp-json\/wp\/v2\/pages\/74666","targetHints":{"allow":["GET"]}}],"collection":[{"href":"https:\/\/kamerpower.com\/fr\/wp-json\/wp\/v2\/pages"}],"about":[{"href":"https:\/\/kamerpower.com\/fr\/wp-json\/wp\/v2\/types\/page"}],"author":[{"embeddable":true,"href":"https:\/\/kamerpower.com\/fr\/wp-json\/wp\/v2\/users\/1"}],"replies":[{"embeddable":true,"href":"https:\/\/kamerpower.com\/fr\/wp-json\/wp\/v2\/comments?post=74666"}],"version-history":[{"count":2,"href":"https:\/\/kamerpower.com\/fr\/wp-json\/wp\/v2\/pages\/74666\/revisions"}],"predecessor-version":[{"id":74669,"href":"https:\/\/kamerpower.com\/fr\/wp-json\/wp\/v2\/pages\/74666\/revisions\/74669"}],"wp:featuredmedia":[{"embeddable":true,"href":"https:\/\/kamerpower.com\/fr\/wp-json\/wp\/v2\/media\/68495"}],"wp:attachment":[{"href":"https:\/\/kamerpower.com\/fr\/wp-json\/wp\/v2\/media?parent=74666"}],"curies":[{"name":"wp","href":"https:\/\/api.w.org\/{rel}","templated":true}]}}