{"id":73897,"date":"2026-02-14T13:06:49","date_gmt":"2026-02-14T12:06:49","guid":{"rendered":"https:\/\/kamerpower.com\/?post_type=product&#038;p=73897"},"modified":"2026-02-15T01:35:07","modified_gmt":"2026-02-15T00:35:07","slug":"telecharger-les-epreuves-concours-iric-cameroun","status":"publish","type":"product","link":"https:\/\/kamerpower.com\/fr\/product\/telecharger-les-epreuves-concours-iric-cameroun\/","title":{"rendered":"T\u00e9l\u00e9charger les epreuves concours IRIC Anciennes sujets concours"},"content":{"rendered":"<h2><span style=\"color: #000000;\"><strong>Les Anciennes \u00c9preuves concours IRIC Cameroun<\/strong><\/span><\/h2>\n<p><span style=\"color: #000000;\">Les Anciennes Epreuves de relations internationales, \u00e9preuves d\u2019anglais, marketing international, Banque Monnaie Finance Internationales. Peuvent faire acte de candidature, les Camerounais des deux sexes et les \u00e9trangers titulaires d&#8217;un diplome de Licence toutes s\u00e9ries confondues. L&#8217;inscription se faire en Ligne.<\/span><\/p>\n<h3><span style=\"color: #000000;\"><strong>Les fili\u00e8res de l\u2019IRIC<\/strong><\/span><\/h3>\n<ul>\n<li><span style=\"color: #000000;\">Banque Monnaie-Finance Internationales.<\/span><\/li>\n<li><span style=\"color: #000000;\">Contentieux International.<\/span><\/li>\n<li><span style=\"color: #000000;\">Int\u00e9gration R\u00e9gionale Et Management Des Institutions Communautaires.<\/span><\/li>\n<li><span style=\"color: #000000;\">Diplomatie<\/span><\/li>\n<li><span style=\"color: #000000;\">Communication et Actions Publiques Internationales.<\/span><\/li>\n<li><span style=\"color: #000000;\">Marketing International.<\/span><\/li>\n<li><span style=\"color: #000000;\">Attach\u00e9s des affaires \u00e9trang\u00e8res.<\/span><\/li>\n<li><span style=\"color: #000000;\">Coop\u00e9ration internationale, d\u00e9veloppement durable.<\/span><\/li>\n<\/ul>\n<p><span style=\"color: #000000;\">Cette pr\u00e9sentation offre un aper\u00e7u d\u00e9taill\u00e9 des types d\u2019\u00e9preuves les plus fr\u00e9quents : culture g\u00e9n\u00e9rale, compr\u00e9hension de texte, math\u00e9matiques, fran\u00e7ais, raisonnement logique, tests psychotechniques et \u00e9preuves techniques selon les domaines comme la sant\u00e9, l\u2019administration, les finances, la police, la gendarmerie ou l\u2019enseignement. Elle explique \u00e9galement comment les sujets sont structur\u00e9s, les comp\u00e9tences recherch\u00e9es par les jurys et les crit\u00e8res d\u2019\u00e9valuation.<\/span><\/p>\n<p><span style=\"color: #000000;\">En \u00e9tudiant des sujets d\u2019annales et en comprenant la m\u00e9thodologie de chaque \u00e9preuve, les candidats peuvent mieux organiser leurs r\u00e9visions et am\u00e9liorer leurs performances.\u00a0<\/span><\/p>\n","protected":false},"excerpt":{"rendered":"<p><span style=\"color: #000000;\">Tetrouver les anciennes \u00e9preuves de concours d\u2019entr\u00e9e aux grandes \u00e9coles du Cameroun Institut des Relations Internationales du Cameroun (IRIC). Les\u00a0\u00e9preuves et sujets de concours au Cameroun\u00a0sont essentiels pour r\u00e9ussir les examens d\u2019entr\u00e9e dans la fonction publique, les \u00e9coles professionnelles et les grandes institutions du pays.\u00a0<\/span><\/p>\n","protected":false},"featured_media":73898,"comment_status":"open","ping_status":"closed","template":"","meta":{"_themeisle_gutenberg_block_has_review":false},"product_brand":[],"product_cat":[59738],"product_tag":[],"class_list":{"0":"post-73897","1":"product","2":"type-product","3":"status-publish","4":"has-post-thumbnail","6":"product_cat-epreuves-et-sujets-corriges","8":"first","9":"instock","10":"sale","11":"downloadable","12":"shipping-taxable","13":"purchasable","14":"product-type-simple"},"_links":{"self":[{"href":"https:\/\/kamerpower.com\/fr\/wp-json\/wp\/v2\/product\/73897","targetHints":{"allow":["GET"]}}],"collection":[{"href":"https:\/\/kamerpower.com\/fr\/wp-json\/wp\/v2\/product"}],"about":[{"href":"https:\/\/kamerpower.com\/fr\/wp-json\/wp\/v2\/types\/product"}],"replies":[{"embeddable":true,"href":"https:\/\/kamerpower.com\/fr\/wp-json\/wp\/v2\/comments?post=73897"}],"wp:featuredmedia":[{"embeddable":true,"href":"https:\/\/kamerpower.com\/fr\/wp-json\/wp\/v2\/media\/73898"}],"wp:attachment":[{"href":"https:\/\/kamerpower.com\/fr\/wp-json\/wp\/v2\/media?parent=73897"}],"wp:term":[{"taxonomy":"product_brand","embeddable":true,"href":"https:\/\/kamerpower.com\/fr\/wp-json\/wp\/v2\/product_brand?post=73897"},{"taxonomy":"product_cat","embeddable":true,"href":"https:\/\/kamerpower.com\/fr\/wp-json\/wp\/v2\/product_cat?post=73897"},{"taxonomy":"product_tag","embeddable":true,"href":"https:\/\/kamerpower.com\/fr\/wp-json\/wp\/v2\/product_tag?post=73897"}],"curies":[{"name":"wp","href":"https:\/\/api.w.org\/{rel}","templated":true}]}}