{"id":73900,"date":"2026-02-15T02:44:15","date_gmt":"2026-02-15T01:44:15","guid":{"rendered":"https:\/\/kamerpower.com\/?post_type=product&#038;p=73900"},"modified":"2026-02-15T02:44:17","modified_gmt":"2026-02-15T01:44:17","slug":"anciennes-epreuves-estlc-ebolowa-telecharger","status":"publish","type":"product","link":"https:\/\/kamerpower.com\/fr\/product\/anciennes-epreuves-estlc-ebolowa-telecharger\/","title":{"rendered":"Anciennes \u00c9preuves ESTLC Ebolowa &#8211; T\u00e9l\u00e9charger"},"content":{"rendered":"<h3><span style=\"color: #000000;\"><strong>T\u00e9l\u00e9chargement des epreuves Concours ESTLC d\u2019Ebolowa \u00e0 Ambam Cameroun<\/strong><\/span><\/h3>\n<p><span style=\"color: #000000;\">Les Anciennes epreuves aide les aspirants aux concours au Cameroun \u00e0 se pr\u00e9parer efficacement, \u00e0 cibler les parties incontournables du programme et \u00e0 maximiser leurs chances de r\u00e9ussir et d\u00e9crocher un poste ou une admission dans les institutions publiques camerounaises.<\/span><\/p>\n<p><span style=\"color: #000000;\">En \u00e9tudiant des sujets d\u2019annales et en comprenant la m\u00e9thodologie de chaque \u00e9preuve, les candidats peuvent mieux organiser leurs r\u00e9visions et am\u00e9liorer leurs performances.\u00a0<\/span><\/p>\n<p><span style=\"color: #000000;\"><strong>Les D\u00e9partements de ESTLC<\/strong><\/span><\/p>\n<ul>\n<li><span style=\"color: #000000;\">E-Commerce (ECOM).<\/span><\/li>\n<li><span style=\"color: #000000;\">G\u00e9nie Logistique.<\/span><\/li>\n<li><span style=\"color: #000000;\">Enseignements G\u00e9n\u00e9reaux.<\/span><\/li>\n<li><span style=\"color: #000000;\">G\u00e9nie M\u00e9catronique.<\/span><\/li>\n<li><span style=\"color: #000000;\">E-Commerce<\/span><\/li>\n<li><span style=\"color: #000000;\">G\u00e9nie Informatique.<\/span><\/li>\n<li><span style=\"color: #000000;\">G\u00e9nie des Transports<\/span><\/li>\n<li><span style=\"color: #000000;\">Recherche Op\u00e9rationnelle<\/span><\/li>\n<li><span style=\"color: #000000;\">Enseignements Scientifiques de Base.<\/span><\/li>\n<li><span style=\"color: #000000;\">Unit\u00e9 de Formation Doctorale en Technologies et Sciences de l&#8217;Innovation.<\/span><\/li>\n<\/ul>\n<hr \/>\n<h2><span style=\"color: #000000;\"><strong>FAQ<\/strong><\/span><\/h2>\n<h3><strong><span style=\"color: #000000;\">Comment puis-je postuler \u00e0 l\u2019Universit\u00e9 d\u2019\u00c9bolowa ?<\/span><\/strong><\/h3>\n<p><span style=\"color: #000000;\">Pour postuler, veuillez consulter la section \u00ab\u00a0Admissions\u00a0\u00bb sur notre site web, o\u00f9 vous trouverez les informations d\u00e9taill\u00e9es sur les proc\u00e9dures et les exigences d\u2019admission.<\/span><\/p>\n<h3><span style=\"color: #000000;\"><strong>Quelles sont les d\u00e9partements disponibles \u00e0 l&#8217;ESTLC ?<\/strong><\/span><\/h3>\n<p><span style=\"color: #000000;\">En plus des d\u00e9partements des Enseignements G\u00e9n\u00e9raux et des Enseignements Scientifiques de base, l&#8217;ESTLC Dispose des d\u00e9partements de Transport, Logistique, Recherche Op\u00e9rationnelle, G\u00e9nie Informatique, E-Commerce et M\u00e9catronique.<\/span><\/p>\n<h3><span style=\"color: #000000;\"><strong>Qui peut postuler au concours d&#8217;entr\u00e9e \u00e0 l&#8217;ESTLC<\/strong><\/span><\/h3>\n<p><span style=\"color: #000000;\">Les candidats au concours d&#8217;entr\u00e9e \u00e0 l&#8217;ESTLC doivent \u00eatre titulaires d&#8217;un Baccalaur\u00e9at ou d&#8217;un GCE A\/L pour le premier cycle et d&#8217;une Licence pour le second cycle.<\/span><\/p>\n<h3><span style=\"color: #000000;\"><strong>Quels dipl\u00f4mes obtient-on au terme de sa formation \u00e0 l&#8217;ESTLC ?<\/strong><\/span><\/h3>\n<p><span style=\"color: #000000;\">Au terme des 5 ann\u00e9es de formation, l&#8217;\u00e9tudiant sort titulaire d&#8217;un dipl\u00f4me d&#8217;ing\u00e9nieur, lequel d\u00e9bouchera sur un Master Recherche en Sciences de l&#8217;Ing\u00e9nieur, puis d&#8217;un Doctorat Ph D.<\/span><\/p>\n<p><img loading=\"lazy\" decoding=\"async\" class=\"aligncenter size-full wp-image-73901\" src=\"https:\/\/kamerpower.com\/wp-content\/uploads\/2026\/02\/Telechargement-des-epreuves-Concours-ESTLC-dEbolowa-Ambam-Cameroun.jpg\" alt=\"T\u00e9l\u00e9chargement des epreuves Concours ESTLC d\u2019Ebolowa \u00e0 Ambam Cameroun\" width=\"1200\" height=\"1200\" srcset=\"https:\/\/kamerpower.com\/wp-content\/uploads\/2026\/02\/Telechargement-des-epreuves-Concours-ESTLC-dEbolowa-Ambam-Cameroun.jpg 1200w, https:\/\/kamerpower.com\/wp-content\/uploads\/2026\/02\/Telechargement-des-epreuves-Concours-ESTLC-dEbolowa-Ambam-Cameroun-300x300.jpg 300w, https:\/\/kamerpower.com\/wp-content\/uploads\/2026\/02\/Telechargement-des-epreuves-Concours-ESTLC-dEbolowa-Ambam-Cameroun-1080x1080.jpg 1080w, https:\/\/kamerpower.com\/wp-content\/uploads\/2026\/02\/Telechargement-des-epreuves-Concours-ESTLC-dEbolowa-Ambam-Cameroun-150x150.jpg 150w, https:\/\/kamerpower.com\/wp-content\/uploads\/2026\/02\/Telechargement-des-epreuves-Concours-ESTLC-dEbolowa-Ambam-Cameroun-768x768.jpg 768w, https:\/\/kamerpower.com\/wp-content\/uploads\/2026\/02\/Telechargement-des-epreuves-Concours-ESTLC-dEbolowa-Ambam-Cameroun-80x80.jpg 80w, https:\/\/kamerpower.com\/wp-content\/uploads\/2026\/02\/Telechargement-des-epreuves-Concours-ESTLC-dEbolowa-Ambam-Cameroun-320x320.jpg 320w, https:\/\/kamerpower.com\/wp-content\/uploads\/2026\/02\/Telechargement-des-epreuves-Concours-ESTLC-dEbolowa-Ambam-Cameroun-720x720.jpg 720w, https:\/\/kamerpower.com\/wp-content\/uploads\/2026\/02\/Telechargement-des-epreuves-Concours-ESTLC-dEbolowa-Ambam-Cameroun-520x520.jpg 520w, https:\/\/kamerpower.com\/wp-content\/uploads\/2026\/02\/Telechargement-des-epreuves-Concours-ESTLC-dEbolowa-Ambam-Cameroun-64x64.jpg 64w, https:\/\/kamerpower.com\/wp-content\/uploads\/2026\/02\/Telechargement-des-epreuves-Concours-ESTLC-dEbolowa-Ambam-Cameroun-600x600.jpg 600w, https:\/\/kamerpower.com\/wp-content\/uploads\/2026\/02\/Telechargement-des-epreuves-Concours-ESTLC-dEbolowa-Ambam-Cameroun-100x100.jpg 100w, https:\/\/kamerpower.com\/wp-content\/uploads\/2026\/02\/Telechargement-des-epreuves-Concours-ESTLC-dEbolowa-Ambam-Cameroun-96x96.jpg 96w\" sizes=\"auto, (max-width: 1200px) 100vw, 1200px\" \/><\/p>\n","protected":false},"excerpt":{"rendered":"<p><span style=\"color: #000000;\">T\u00e9l\u00e9charger les epreuves Concours Ecole Sup\u00e9rieure de Transport, de Logistique et de Commerce de l\u2019Universit\u00e9 d\u2019Ebolowa \u00e0 Ambam Cameroun. Les Anciennes epreuves aide les aspirants aux concours au Cameroun \u00e0 se pr\u00e9parer efficacement, \u00e0 cibler les parties incontournables du programme et \u00e0 maximiser leurs chances de r\u00e9ussir et d\u00e9crocher un poste ou une admission dans les institutions publiques camerounaises.<\/span><\/p>\n","protected":false},"featured_media":73901,"comment_status":"open","ping_status":"closed","template":"","meta":{"_themeisle_gutenberg_block_has_review":false},"product_brand":[],"product_cat":[59738],"product_tag":[],"class_list":{"0":"post-73900","1":"product","2":"type-product","3":"status-publish","4":"has-post-thumbnail","6":"product_cat-epreuves-et-sujets-corriges","8":"first","9":"instock","10":"sale","11":"downloadable","12":"shipping-taxable","13":"purchasable","14":"product-type-simple"},"_links":{"self":[{"href":"https:\/\/kamerpower.com\/fr\/wp-json\/wp\/v2\/product\/73900","targetHints":{"allow":["GET"]}}],"collection":[{"href":"https:\/\/kamerpower.com\/fr\/wp-json\/wp\/v2\/product"}],"about":[{"href":"https:\/\/kamerpower.com\/fr\/wp-json\/wp\/v2\/types\/product"}],"replies":[{"embeddable":true,"href":"https:\/\/kamerpower.com\/fr\/wp-json\/wp\/v2\/comments?post=73900"}],"wp:featuredmedia":[{"embeddable":true,"href":"https:\/\/kamerpower.com\/fr\/wp-json\/wp\/v2\/media\/73901"}],"wp:attachment":[{"href":"https:\/\/kamerpower.com\/fr\/wp-json\/wp\/v2\/media?parent=73900"}],"wp:term":[{"taxonomy":"product_brand","embeddable":true,"href":"https:\/\/kamerpower.com\/fr\/wp-json\/wp\/v2\/product_brand?post=73900"},{"taxonomy":"product_cat","embeddable":true,"href":"https:\/\/kamerpower.com\/fr\/wp-json\/wp\/v2\/product_cat?post=73900"},{"taxonomy":"product_tag","embeddable":true,"href":"https:\/\/kamerpower.com\/fr\/wp-json\/wp\/v2\/product_tag?post=73900"}],"curies":[{"name":"wp","href":"https:\/\/api.w.org\/{rel}","templated":true}]}}