{"id":73919,"date":"2026-02-19T02:46:34","date_gmt":"2026-02-19T01:46:34","guid":{"rendered":"https:\/\/kamerpower.com\/?post_type=product&#038;p=73919"},"modified":"2026-02-19T02:46:35","modified_gmt":"2026-02-19T01:46:35","slug":"epreuve-ersi-asecna-concours-telecharger","status":"publish","type":"product","link":"https:\/\/kamerpower.com\/fr\/product\/epreuve-ersi-asecna-concours-telecharger\/","title":{"rendered":"Epreuve ERSI asecna concours &#8211; Te\u0301le\u0301charger"},"content":{"rendered":"<p><span style=\"color: #000000;\">Les formations assur\u00e9es \u00e0 l\u2019ERSI sont tir\u00e9es des programmes \u00e9labor\u00e9s selon les recommandations de l\u2019OACI afin de garantir un service appropri\u00e9 de sauvetage et de lutte contre les incendies dans les a\u00e9roports dans le strict respect des normes de s\u00e9curit\u00e9 d\u00e9finies.<\/span><\/p>\n<p><strong><span style=\"color: #000000;\">Les Formations Initiales<\/span><\/strong><\/p>\n<ul>\n<li><span style=\"color: #000000;\">Cycle de Technicien Sup\u00e9rieur(TS).<br \/>\n<\/span><\/li>\n<li><span style=\"color: #000000;\">Cycle de Pompier d\u2019A\u00e9rodrome(PA).<\/span><\/li>\n<\/ul>\n<p><strong><span style=\"color: #000000;\">Les Formations Continues :<\/span><\/strong><\/p>\n<ul>\n<li><span style=\"color: #000000;\">Qualification Chef de Man\u0153uvre.<br \/>\n<\/span><\/li>\n<li><span style=\"color: #000000;\">Qualification Pompier d\u2019A\u00e9rodrome.<\/span><\/li>\n<li><span style=\"color: #000000;\">Qualification Chef de Brigade.<\/span><\/li>\n<li><span style=\"color: #000000;\">Formation des Formateurs.<\/span><\/li>\n<li><span style=\"color: #000000;\">Module SIM 1 et Module SIM 2.<\/span><\/li>\n<\/ul>\n<h3><span style=\"color: #000000;\"><strong>Conditions d\u2019admission Cycle De Pompier d\u2019a\u00e9rodrome:<\/strong><\/span><\/h3>\n<ul>\n<li><span style=\"color: #000000;\">Pr\u00e9senter un certificat m\u00e9dical d\u2019aptitude physique\u00a0 de type SIGYCOP d\u00e9livr\u00e9 par un m\u00e9decin agr\u00e9\u00e9<\/span><\/li>\n<li><span style=\"color: #000000;\">\u00catre \u00e2g\u00e9 de\u00a0 25 ans maximum.<\/span><\/li>\n<li><span style=\"color: #000000;\">R\u00e9ussir au concours d\u2019entr\u00e9e.<br \/>\n<\/span><\/li>\n<li><span style=\"color: #000000;\">\u00catre titulaire d\u2019un permis de conduire poids lourd.<br \/>\n<\/span><\/li>\n<li><span style=\"color: #000000;\">\u00catre titulaire du BAC scientifique ou d\u2019un dipl\u00f4me \u00e9quivalent.<br \/>\n<\/span><\/li>\n<\/ul>\n<h3><span style=\"color: #000000;\"><strong>Conditions d\u2019admission Cycle de Technicien Sup\u00e9rieur en S\u00e9curit\u00e9 Incendie:<\/strong><\/span><\/h3>\n<p><span style=\"color: #000000;\">Elles r\u00e9pondent aux crit\u00e8res suivants:<\/span><\/p>\n<h3><strong><span style=\"color: #000000;\">POUR LE CONCOURS ERSI EXTERNE<\/span><\/strong><\/h3>\n<p><span style=\"color: #000000;\">\u00catre titulaire d\u2019un baccalaur\u00e9at technique\u00a0 ou Scientifique (C,D,E,F).<br \/>\n\u00catre \u00e2g\u00e9 de trente ans maximum.<br \/>\n\u00catre titulaire d\u2019un permis de conduire de cat\u00e9gorie C (poids lourd).<\/span><br \/>\n<span style=\"color: #000000;\">Pr\u00e9senter un certificat m\u00e9dical d\u2019aptitude physique de type SIGYCOP d\u00e9livr\u00e9 par un m\u00e9decin agr\u00e9e ou d\u00e9sign\u00e9 par l\u2019ASECNA.<\/span><\/p>\n<h3><strong><span style=\"color: #000000;\">POUR LE CONCOURS ERSI INTERNE<\/span><\/strong><\/h3>\n<p><span style=\"color: #000000;\">Pr\u00e9senter un certificat m\u00e9dical d\u2019aptitude physique\u00a0 de\u00a0 type SIGYCOP d\u00e9livr\u00e9 par un m\u00e9decin agr\u00e9\u00e9.<br \/>\n\u00catre \u00e2g\u00e9 de 50 ans maximum.<br \/>\nR\u00e9ussir au concours d\u2019entr\u00e9e.<\/span><br \/>\n<span style=\"color: #000000;\">\u00catre titulaire d\u2019une Attestation de Chef de Brigade depuis au moins 3\u00a0 ans .<\/span><br \/>\n<span style=\"color: #000000;\">\u00catre titulaire d\u2019une attestation de Chef de Man\u0153uvre ou de Technicien avec une anciennet\u00e9 d\u2019au moins 05 ans dans la grade de PA.<\/span><\/p>\n<p>&nbsp;<\/p>\n","protected":false},"excerpt":{"rendered":"<p><span style=\"color: #000000;\">Te\u0301le\u0301charger concours ERSI Cycle de Pompier d\u2019a\u00e9rodrome, Cycle de Technicien Sup\u00e9rieur en s\u00e9curit\u00e9 Incendie. Les sujets de concours ERSI jouent un r\u00f4le essentiel dans la s\u00e9lection des candidats pour la fonction publique, les \u00e9coles professionnelles et les institutions sp\u00e9cialis\u00e9es. Cette description pr\u00e9sente un aper\u00e7u complet des types d\u2019\u00e9preuves g\u00e9n\u00e9ralement propos\u00e9s : Mathematiuqes, Francais, Anglais.\u00a0<\/span><\/p>\n","protected":false},"featured_media":73920,"comment_status":"open","ping_status":"closed","template":"","meta":{"_themeisle_gutenberg_block_has_review":false},"product_brand":[],"product_cat":[59738],"product_tag":[],"class_list":{"0":"post-73919","1":"product","2":"type-product","3":"status-publish","4":"has-post-thumbnail","6":"product_cat-epreuves-et-sujets-corriges","8":"first","9":"instock","10":"sale","11":"downloadable","12":"shipping-taxable","13":"purchasable","14":"product-type-simple"},"_links":{"self":[{"href":"https:\/\/kamerpower.com\/fr\/wp-json\/wp\/v2\/product\/73919","targetHints":{"allow":["GET"]}}],"collection":[{"href":"https:\/\/kamerpower.com\/fr\/wp-json\/wp\/v2\/product"}],"about":[{"href":"https:\/\/kamerpower.com\/fr\/wp-json\/wp\/v2\/types\/product"}],"replies":[{"embeddable":true,"href":"https:\/\/kamerpower.com\/fr\/wp-json\/wp\/v2\/comments?post=73919"}],"wp:featuredmedia":[{"embeddable":true,"href":"https:\/\/kamerpower.com\/fr\/wp-json\/wp\/v2\/media\/73920"}],"wp:attachment":[{"href":"https:\/\/kamerpower.com\/fr\/wp-json\/wp\/v2\/media?parent=73919"}],"wp:term":[{"taxonomy":"product_brand","embeddable":true,"href":"https:\/\/kamerpower.com\/fr\/wp-json\/wp\/v2\/product_brand?post=73919"},{"taxonomy":"product_cat","embeddable":true,"href":"https:\/\/kamerpower.com\/fr\/wp-json\/wp\/v2\/product_cat?post=73919"},{"taxonomy":"product_tag","embeddable":true,"href":"https:\/\/kamerpower.com\/fr\/wp-json\/wp\/v2\/product_tag?post=73919"}],"curies":[{"name":"wp","href":"https:\/\/api.w.org\/{rel}","templated":true}]}}