{"id":73991,"date":"2026-03-11T10:50:44","date_gmt":"2026-03-11T09:50:44","guid":{"rendered":"https:\/\/kamerpower.com\/?post_type=product&#038;p=73991"},"modified":"2026-03-11T10:50:45","modified_gmt":"2026-03-11T09:50:45","slug":"anciennes-sujet-epreuve-concours-enspy-polytechnique","status":"publish","type":"product","link":"https:\/\/kamerpower.com\/fr\/product\/anciennes-sujet-epreuve-concours-enspy-polytechnique\/","title":{"rendered":"Anciennes sujet Epreuve concours ENSPY polytechnique"},"content":{"rendered":"<p><span style=\"color: #000000;\">Le concours d\u2019entr\u00e9e \u00e0 l\u2019\u00c9cole Nationale Sup\u00e9rieure Polytechnique de Yaound\u00e9 (ENSPY) pour l\u2019acc\u00e8s en premi\u00e8re ann\u00e9e, destin\u00e9 aux titulaires du baccalaur\u00e9at, comprend g\u00e9n\u00e9ralement quatre \u00e9preuves principales : deux en math\u00e9matiques et deux en physique, chacune ayant le m\u00eame coefficient. Ce concours est particuli\u00e8rement s\u00e9lectif et \u00e9value la ma\u00eetrise de notions scientifiques avanc\u00e9es ainsi que les capacit\u00e9s d\u2019analyse et de raisonnement des candidats. Les sujets mettent souvent l\u2019accent sur la d\u00e9monstration, la r\u00e9solution de probl\u00e8mes complexes, la g\u00e9om\u00e9trie et l\u2019application de principes physiques, notamment en m\u00e9canique et en \u00e9lectricit\u00e9.<\/span><\/p>\n<h3><span style=\"color: #000000;\"><strong>D\u00e9tails des \u00e9preuves (entr\u00e9e en 1\u00e8re ann\u00e9e (Niveau BAC)\u00a0\u00a0et en 3e ann\u00e9e (Niveau LICENCE)<\/strong><\/span><\/h3>\n<ul>\n<li><span style=\"color: #000000;\"><strong>Physique<\/strong> : exercices portant sur des th\u00e8mes tels que les chocs m\u00e9caniques, les champs \u00e9lectriques, les oscillations m\u00e9caniques et les circuits RLC.<br \/>\n<\/span><\/li>\n<li><span style=\"color: #000000;\"><strong>Math\u00e9matiques<\/strong> : \u00e9preuves d\u2019une dur\u00e9e d\u2019environ trois heures, portant sur des exercices approfondis, la g\u00e9om\u00e9trie et l\u2019analyse de repr\u00e9sentations graphiques.<\/span><\/li>\n<\/ul>\n<p><span style=\"color: #000000;\"><strong>Structure du concours : <\/strong><\/span><\/p>\n<ul>\n<li><span style=\"color: #000000;\">deux \u00e9preuves de math\u00e9matiques et <\/span><\/li>\n<li><span style=\"color: #000000;\">deux \u00e9preuves de physique, chacune affect\u00e9e d\u2019un coefficient \u00e9gal.<\/span><\/li>\n<\/ul>\n<p><span style=\"color: #000000;\"><strong>Sont concern\u00e9s (Niveau BAC) :<\/strong> <\/span><\/p>\n<ul>\n<li><span style=\"color: #000000;\">Les \u00e9l\u00e8ves des classes de Terminales des s\u00e9ries C, D, E, TI, F, ainsi que ceux des classes Upper Sixth (VI) scientifiques (Pure Mathematics, Physics, and Applied Mathematics, or Chemistry) et justifiant qu&#8217;ils ont obtenu en une session le GCE-O\/L en quatre mati\u00e8res au moins, \u00e0 l&#8217;exception de la mati\u00e8re d\u00e9nomm\u00e9e \u00ab Religious Knowledge\u00bb. <\/span><\/li>\n<li><span style=\"color: #000000;\">Les titulaires du Baccalaur\u00e9at dans les s\u00e9ries ci-dessus mentionn\u00e9es ou du GCE-A\/L obtenu en une session ou de tout autre dipl\u00f4me admis en \u00e9quivalence ou en dispense par le Minist\u00e8re de l&#8217;Enseignement Sup\u00e9rieur. <\/span><\/li>\n<\/ul>\n<p>&nbsp;<\/p>\n<p>&nbsp;<\/p>\n<p>&nbsp;<\/p>\n","protected":false},"excerpt":{"rendered":"<p><span style=\"color: #000000;\">Recherchez les anciennes sujets du Concours d\u2019entr\u00e9e polytechnique ENSPY yaounde. \u00c9tudier les sujets des ann\u00e9es pr\u00e9c\u00e9dentes est crucial pour identifier les chapitres r\u00e9currents.<\/span><\/p>\n","protected":false},"featured_media":73921,"comment_status":"open","ping_status":"closed","template":"","meta":{"_themeisle_gutenberg_block_has_review":false},"product_brand":[],"product_cat":[59738],"product_tag":[],"class_list":{"0":"post-73991","1":"product","2":"type-product","3":"status-publish","4":"has-post-thumbnail","6":"product_cat-epreuves-et-sujets-corriges","8":"first","9":"instock","10":"sale","11":"downloadable","12":"shipping-taxable","13":"purchasable","14":"product-type-simple"},"_links":{"self":[{"href":"https:\/\/kamerpower.com\/fr\/wp-json\/wp\/v2\/product\/73991","targetHints":{"allow":["GET"]}}],"collection":[{"href":"https:\/\/kamerpower.com\/fr\/wp-json\/wp\/v2\/product"}],"about":[{"href":"https:\/\/kamerpower.com\/fr\/wp-json\/wp\/v2\/types\/product"}],"replies":[{"embeddable":true,"href":"https:\/\/kamerpower.com\/fr\/wp-json\/wp\/v2\/comments?post=73991"}],"wp:featuredmedia":[{"embeddable":true,"href":"https:\/\/kamerpower.com\/fr\/wp-json\/wp\/v2\/media\/73921"}],"wp:attachment":[{"href":"https:\/\/kamerpower.com\/fr\/wp-json\/wp\/v2\/media?parent=73991"}],"wp:term":[{"taxonomy":"product_brand","embeddable":true,"href":"https:\/\/kamerpower.com\/fr\/wp-json\/wp\/v2\/product_brand?post=73991"},{"taxonomy":"product_cat","embeddable":true,"href":"https:\/\/kamerpower.com\/fr\/wp-json\/wp\/v2\/product_cat?post=73991"},{"taxonomy":"product_tag","embeddable":true,"href":"https:\/\/kamerpower.com\/fr\/wp-json\/wp\/v2\/product_tag?post=73991"}],"curies":[{"name":"wp","href":"https:\/\/api.w.org\/{rel}","templated":true}]}}