{"id":74090,"date":"2026-03-20T00:32:19","date_gmt":"2026-03-19T23:32:19","guid":{"rendered":"https:\/\/kamerpower.com\/?post_type=product&#038;p=74090"},"modified":"2026-03-20T00:36:27","modified_gmt":"2026-03-19T23:36:27","slug":"telecharger-les-anciennes-concours-epreuves-essal-lome-togo","status":"publish","type":"product","link":"https:\/\/kamerpower.com\/fr\/product\/telecharger-les-anciennes-concours-epreuves-essal-lome-togo\/","title":{"rendered":"Te\u0301le\u0301charger Les Anciennes concours e\u0301preuves ESSAL lome Togo"},"content":{"rendered":"<p><span style=\"color: #000000;\">Ecole du Service de Sant\u00e9 des Arm\u00e9es de Lom\u00e9 (ESSAL Togo). Anciennes Epreuves de ESSAL Lome ESSAL Togo. Il pr\u00e9sente des \u00e9preuves de fran\u00e7ais, sciences physiques et chimie, incluant des sujets tels que la contraction de texte sur la litt\u00e9rature africaine.<\/span><\/p>\n<h3><span style=\"color: #000000;\"><strong>Les Condition pour l&#8217;admission au concours<\/strong><\/span><\/h3>\n<ul>\n<li><span style=\"color: #000000;\">Etre titulaire du BAC II des s\u00e9ries C ou D datant de moins de 2 ans, ou \u00eatre r\u00e9guli\u00e8rement inscrit en classe de terminale C ou D,<\/span><\/li>\n<li><span style=\"color: #000000;\">Avoir d\u00e9pos\u00e9 un dossier complet de candidature,<\/span><\/li>\n<li><span style=\"color: #000000;\">Etre \u00e2g\u00e9 de 21 ans au plus \u00e0 la date du concours.<\/span><\/li>\n<li><span style=\"color: #000000;\">Avoir obtenu un BAC I (pour les \u00e9l\u00e8ves des classes terminales), ou BAC II (pour les bacheliers), et avoir les moyennes du tableau ci-dessous.<\/span>\n<ul>\n<li><span style=\"color: #000000;\"><strong>Physiques\/Chimie<\/strong> \u2265 10<\/span><\/li>\n<li><span style=\"color: #000000;\"><strong>Sciences Naturelles<\/strong> \u2265 12<\/span><\/li>\n<li><span style=\"color: #000000;\"><strong>Fran\u00e7ais<\/strong> \u2265 8<\/span><\/li>\n<li><span style=\"color: #000000;\"><strong>Math\u00e9matiques<\/strong> \u2265 10.<\/span><\/li>\n<\/ul>\n<\/li>\n<\/ul>\n","protected":false},"excerpt":{"rendered":"<p><span style=\"color: #000000;\">T\u00e9l\u00e9chargez les anciennes \u00e9preuves des concours de l\u2019ESSAL \u00e0 Lom\u00e9 (Togo) pour optimiser votre pr\u00e9paration et r\u00e9ussir avec confiance. Acc\u00e9dez \u00e0 une large s\u00e9lection de sujets d\u2019examens pass\u00e9s, corrig\u00e9s d\u00e9taill\u00e9s et ressources p\u00e9dagogiques adapt\u00e9es aux exigences du concours. Ces documents vous permettent de comprendre la structure des \u00e9preuves, d\u2019identifier les th\u00e8mes r\u00e9currents et d\u2019am\u00e9liorer vos performances. kamerpower.com<\/span><\/p>\n<p><span style=\"color: #000000;\">Id\u00e9al pour les candidats souhaitant s\u2019entra\u00eener efficacement, renforcer leurs connaissances et augmenter leurs chances d\u2019admission \u00e0 l\u2019ESSAL gr\u00e2ce \u00e0 des supports fiables et accessibles en ligne.<br \/>\n<\/span><\/p>\n","protected":false},"featured_media":73992,"comment_status":"open","ping_status":"closed","template":"","meta":{"_themeisle_gutenberg_block_has_review":false},"product_brand":[],"product_cat":[59738],"product_tag":[],"class_list":{"0":"post-74090","1":"product","2":"type-product","3":"status-publish","4":"has-post-thumbnail","6":"product_cat-epreuves-et-sujets-corriges","8":"first","9":"instock","10":"sale","11":"downloadable","12":"shipping-taxable","13":"purchasable","14":"product-type-simple"},"_links":{"self":[{"href":"https:\/\/kamerpower.com\/fr\/wp-json\/wp\/v2\/product\/74090","targetHints":{"allow":["GET"]}}],"collection":[{"href":"https:\/\/kamerpower.com\/fr\/wp-json\/wp\/v2\/product"}],"about":[{"href":"https:\/\/kamerpower.com\/fr\/wp-json\/wp\/v2\/types\/product"}],"replies":[{"embeddable":true,"href":"https:\/\/kamerpower.com\/fr\/wp-json\/wp\/v2\/comments?post=74090"}],"wp:featuredmedia":[{"embeddable":true,"href":"https:\/\/kamerpower.com\/fr\/wp-json\/wp\/v2\/media\/73992"}],"wp:attachment":[{"href":"https:\/\/kamerpower.com\/fr\/wp-json\/wp\/v2\/media?parent=74090"}],"wp:term":[{"taxonomy":"product_brand","embeddable":true,"href":"https:\/\/kamerpower.com\/fr\/wp-json\/wp\/v2\/product_brand?post=74090"},{"taxonomy":"product_cat","embeddable":true,"href":"https:\/\/kamerpower.com\/fr\/wp-json\/wp\/v2\/product_cat?post=74090"},{"taxonomy":"product_tag","embeddable":true,"href":"https:\/\/kamerpower.com\/fr\/wp-json\/wp\/v2\/product_tag?post=74090"}],"curies":[{"name":"wp","href":"https:\/\/api.w.org\/{rel}","templated":true}]}}