{"id":74091,"date":"2026-03-20T01:25:34","date_gmt":"2026-03-20T00:25:34","guid":{"rendered":"https:\/\/kamerpower.com\/?post_type=product&#038;p=74091"},"modified":"2026-03-20T03:22:39","modified_gmt":"2026-03-20T02:22:39","slug":"anciennes-epreuves-eamac-technicien-ingenieur-exploitation-en-aeronautique-civile","status":"publish","type":"product","link":"https:\/\/kamerpower.com\/fr\/product\/anciennes-epreuves-eamac-technicien-ingenieur-exploitation-en-aeronautique-civile\/","title":{"rendered":"Anciennes e\u0301preuves EAMAC Technicien, Inge\u0301nieur, Exploitation en Ae\u0301ronautique Civile"},"content":{"rendered":"<h3><strong><span style=\"color: #000000;\">Anciennes e\u0301preuves des concours EAMAC &#8211; ASECNA Technicien, Inge\u0301nieur, Exploitation en Ae\u0301ronautique Civile 2012-2025.\u00a0<\/span><\/strong><\/h3>\n<p><span style=\"color: #000000;\">La finalit\u00e9 la formation de Contr\u00f4leur de la Circulation A\u00e9rienne (CCA) est de former des cadres capables d\u2019assurer en toute s\u00e9curit\u00e9 l\u2019exercice du Contr\u00f4le d\u2019 A\u00e9rodrome, du Contr\u00f4le d\u2019 Approche et du Contr\u00f4le R\u00e9gional, de s\u2019adapter \u00e0 l\u2019\u00e9volution du m\u00e9tier et d\u2019 exercer des fonctions d\u2019instruction et d\u2019encadrement apr\u00e8s des formations compl\u00e9mentaires ainsi que des t\u00e2ches d\u2019\u00e9tude et de conception dans le domaine des services de la Circulation A\u00e9rienne. La dur\u00e9e de la formation est de 14 mois.<\/span><\/p>\n<p><span style=\"color: #000000;\">L\u2019EAMAC forme les futurs Ing\u00e9nieurs dans les domaines de la M\u00e9t\u00e9orologie, de l\u2019Exploitation de l\u2019Aviation Civile et de l\u2019Electronique et Informatique. La dur\u00e9e de la formation est de trois ann\u00e9es scolaires.<\/span><\/p>\n<p><span style=\"color: #000000;\">L\u2019EAMAC forme des Techniciens Sup\u00e9rieurs dans les domaines de la M\u00e9t\u00e9orologie (TSM) , de l\u2019Electronique et Informatique (TSEI) et de l\u2019Exploitation de l\u2019Aviation Civile (TSEAC). La dur\u00e9e de la formation est de deux ann\u00e9es scolaires.<\/span><\/p>\n<p>&nbsp;<\/p>\n","protected":false},"excerpt":{"rendered":"<p><span style=\"color: #000000;\">T\u00e9l\u00e9chargez les anciennes \u00e9preuves des concours EAMAC pour les fili\u00e8res Technicien, Ing\u00e9nieur et Exploitation en A\u00e9ronautique Civile afin de r\u00e9ussir votre pr\u00e9paration. Acc\u00e9dez \u00e0 une collection compl\u00e8te de sujets d\u2019examens pass\u00e9s, corrig\u00e9s d\u00e9taill\u00e9s et supports p\u00e9dagogiques conformes aux exigences de l\u2019\u00c9cole Africaine de la M\u00e9t\u00e9orologie et de l\u2019Aviation Civile. Ces ressources vous permettent de ma\u00eetriser le format des \u00e9preuves, d\u2019identifier les th\u00e8mes r\u00e9currents et de renforcer vos comp\u00e9tences techniques. Id\u00e9al pour les candidats souhaitant optimiser leurs r\u00e9visions, am\u00e9liorer leurs performances et augmenter leurs chances d\u2019admission dans les programmes EAMAC. Pr\u00e9parez-vous efficacement gr\u00e2ce \u00e0 des documents fiables, actualis\u00e9s et faciles \u00e0 t\u00e9l\u00e9charger en ligne.<\/span><\/p>\n","protected":false},"featured_media":73998,"comment_status":"open","ping_status":"closed","template":"","meta":{"_themeisle_gutenberg_block_has_review":false},"product_brand":[],"product_cat":[59738],"product_tag":[],"class_list":{"0":"post-74091","1":"product","2":"type-product","3":"status-publish","4":"has-post-thumbnail","6":"product_cat-epreuves-et-sujets-corriges","8":"first","9":"instock","10":"sale","11":"downloadable","12":"shipping-taxable","13":"purchasable","14":"product-type-simple"},"_links":{"self":[{"href":"https:\/\/kamerpower.com\/fr\/wp-json\/wp\/v2\/product\/74091","targetHints":{"allow":["GET"]}}],"collection":[{"href":"https:\/\/kamerpower.com\/fr\/wp-json\/wp\/v2\/product"}],"about":[{"href":"https:\/\/kamerpower.com\/fr\/wp-json\/wp\/v2\/types\/product"}],"replies":[{"embeddable":true,"href":"https:\/\/kamerpower.com\/fr\/wp-json\/wp\/v2\/comments?post=74091"}],"wp:featuredmedia":[{"embeddable":true,"href":"https:\/\/kamerpower.com\/fr\/wp-json\/wp\/v2\/media\/73998"}],"wp:attachment":[{"href":"https:\/\/kamerpower.com\/fr\/wp-json\/wp\/v2\/media?parent=74091"}],"wp:term":[{"taxonomy":"product_brand","embeddable":true,"href":"https:\/\/kamerpower.com\/fr\/wp-json\/wp\/v2\/product_brand?post=74091"},{"taxonomy":"product_cat","embeddable":true,"href":"https:\/\/kamerpower.com\/fr\/wp-json\/wp\/v2\/product_cat?post=74091"},{"taxonomy":"product_tag","embeddable":true,"href":"https:\/\/kamerpower.com\/fr\/wp-json\/wp\/v2\/product_tag?post=74091"}],"curies":[{"name":"wp","href":"https:\/\/api.w.org\/{rel}","templated":true}]}}