{"id":74092,"date":"2026-03-20T03:35:35","date_gmt":"2026-03-20T02:35:35","guid":{"rendered":"https:\/\/kamerpower.com\/?post_type=product&#038;p=74092"},"modified":"2026-03-20T03:40:16","modified_gmt":"2026-03-20T02:40:16","slug":"telechargez-anciennes-epreuves-concours-fasa-dschang","status":"publish","type":"product","link":"https:\/\/kamerpower.com\/fr\/product\/telechargez-anciennes-epreuves-concours-fasa-dschang\/","title":{"rendered":"T\u00e9l\u00e9chargez Anciennes Epreuves Concours FASA Dschang"},"content":{"rendered":"<h3><span style=\"color: #000000;\"><strong>Les Anciennes Epreuves Facult\u00e9 d\u2019Agronomie et des Science Agricole (<a href=\"https:\/\/kamerpower.com\/epreuves\/concours\/cm\/fasa\/\">FASA<\/a>)<\/strong><\/span><\/h3>\n<ul>\n<li><span style=\"color: #000000;\"><strong>Culture Generale<\/strong><\/span><\/li>\n<li><span style=\"color: #000000;\"><strong>Biologie<\/strong><\/span><\/li>\n<li><span style=\"color: #000000;\"><strong>Chimie<\/strong><\/span><\/li>\n<li><span style=\"color: #000000;\"><strong>Mathematiques<\/strong><\/span><\/li>\n<li><span style=\"color: #000000;\"><strong>Physique<\/strong><\/span><\/li>\n<li><span style=\"color: #000000;\"><strong>Sciences Naturelle.<\/strong><\/span><\/li>\n<\/ul>\n<p><span style=\"color: #000000;\">Anciennes Epreuves et Corrige\u0301s Concours FASA dschang\u00a0Cameroun\u00a0Facult\u00e9 d&#8217;Agronomie et des Sciences Agricoles &#8211; Universit\u00e9 de Dschang.\u00a0La Facult\u00e9 d\u2019agronomie et des Sciences Agricoles (FASA) \u00e0 Bafia.\u00a0fasa@univ-dschang.org Site web: www.univ-dschang.org\/fasa Facult\u00e9 d&#8217;Agronomie et des Sciences Agricoles &#8211; Universit\u00e9 de Dschang.\u00a0Dschang,UDs\/SIC06\/12\/18.L\u2019Universit\u00e9 de Dschang (UDs) est connue comme \u00e9tant \u00ab l\u2019universit\u00e9 la plus nationale du Cameroun \u00bb.<\/span><\/p>\n<p><span style=\"color: #000000;\">Vous aller trouver sur ce site avec les anciennes \u00e9preuves de concours d\u2019entr\u00e9e dans les grandes \u00e9coles de formation.<\/span><\/p>\n<p><img loading=\"lazy\" decoding=\"async\" class=\"aligncenter size-full wp-image-73999\" src=\"https:\/\/kamerpower.com\/wp-content\/uploads\/2026\/03\/Anciennes-Epreuves-et-Corriges-Concours-FASA-dschang.png\" alt=\"Anciennes Epreuves et Corrige\u0301s Concours FASA dschang\" width=\"1200\" height=\"1200\" srcset=\"https:\/\/kamerpower.com\/wp-content\/uploads\/2026\/03\/Anciennes-Epreuves-et-Corriges-Concours-FASA-dschang.png 1200w, https:\/\/kamerpower.com\/wp-content\/uploads\/2026\/03\/Anciennes-Epreuves-et-Corriges-Concours-FASA-dschang-300x300.png 300w, https:\/\/kamerpower.com\/wp-content\/uploads\/2026\/03\/Anciennes-Epreuves-et-Corriges-Concours-FASA-dschang-1080x1080.png 1080w, https:\/\/kamerpower.com\/wp-content\/uploads\/2026\/03\/Anciennes-Epreuves-et-Corriges-Concours-FASA-dschang-150x150.png 150w, https:\/\/kamerpower.com\/wp-content\/uploads\/2026\/03\/Anciennes-Epreuves-et-Corriges-Concours-FASA-dschang-768x768.png 768w, https:\/\/kamerpower.com\/wp-content\/uploads\/2026\/03\/Anciennes-Epreuves-et-Corriges-Concours-FASA-dschang-80x80.png 80w, https:\/\/kamerpower.com\/wp-content\/uploads\/2026\/03\/Anciennes-Epreuves-et-Corriges-Concours-FASA-dschang-320x320.png 320w, https:\/\/kamerpower.com\/wp-content\/uploads\/2026\/03\/Anciennes-Epreuves-et-Corriges-Concours-FASA-dschang-720x720.png 720w, https:\/\/kamerpower.com\/wp-content\/uploads\/2026\/03\/Anciennes-Epreuves-et-Corriges-Concours-FASA-dschang-520x520.png 520w, https:\/\/kamerpower.com\/wp-content\/uploads\/2026\/03\/Anciennes-Epreuves-et-Corriges-Concours-FASA-dschang-64x64.png 64w, https:\/\/kamerpower.com\/wp-content\/uploads\/2026\/03\/Anciennes-Epreuves-et-Corriges-Concours-FASA-dschang-600x600.png 600w, https:\/\/kamerpower.com\/wp-content\/uploads\/2026\/03\/Anciennes-Epreuves-et-Corriges-Concours-FASA-dschang-100x100.png 100w, https:\/\/kamerpower.com\/wp-content\/uploads\/2026\/03\/Anciennes-Epreuves-et-Corriges-Concours-FASA-dschang-96x96.png 96w\" sizes=\"auto, (max-width: 1200px) 100vw, 1200px\" \/><\/p>\n","protected":false},"excerpt":{"rendered":"<p><span style=\"color: #000000;\">T\u00e9l\u00e9chargez les anciennes \u00e9preuves et corrig\u00e9s du concours FASA de Dschang pour une pr\u00e9paration efficace et cibl\u00e9e. Ces sujets d\u2019examens pass\u00e9s couvrent des mati\u00e8res cl\u00e9s comme les math\u00e9matiques, la chimie, les sciences naturelles et la culture g\u00e9n\u00e9rale, conform\u00e9ment aux programmes officiels du concours.<\/span><\/p>\n<p><span style=\"color: #000000;\">n vous entra\u00eenant avec ces ressources, vous comprendrez la structure des \u00e9preuves, les types de questions fr\u00e9quentes et les attentes du jury. Id\u00e9al pour les candidats souhaitant am\u00e9liorer leurs performances, renforcer leurs connaissances et maximiser leurs chances de r\u00e9ussite \u00e0 la Facult\u00e9 d\u2019Agronomie et des Sciences Agricoles. Acc\u00e9dez facilement \u00e0 des documents fiables, corrig\u00e9s d\u00e9taill\u00e9s et supports p\u00e9dagogiques optimis\u00e9s pour r\u00e9ussir le concours FASA.<\/span><\/p>\n","protected":false},"featured_media":73999,"comment_status":"open","ping_status":"closed","template":"","meta":{"_themeisle_gutenberg_block_has_review":false},"product_brand":[],"product_cat":[],"product_tag":[],"class_list":{"0":"post-74092","1":"product","2":"type-product","3":"status-publish","4":"has-post-thumbnail","7":"first","8":"instock","9":"sale","10":"downloadable","11":"shipping-taxable","12":"purchasable","13":"product-type-simple"},"_links":{"self":[{"href":"https:\/\/kamerpower.com\/fr\/wp-json\/wp\/v2\/product\/74092","targetHints":{"allow":["GET"]}}],"collection":[{"href":"https:\/\/kamerpower.com\/fr\/wp-json\/wp\/v2\/product"}],"about":[{"href":"https:\/\/kamerpower.com\/fr\/wp-json\/wp\/v2\/types\/product"}],"replies":[{"embeddable":true,"href":"https:\/\/kamerpower.com\/fr\/wp-json\/wp\/v2\/comments?post=74092"}],"wp:featuredmedia":[{"embeddable":true,"href":"https:\/\/kamerpower.com\/fr\/wp-json\/wp\/v2\/media\/73999"}],"wp:attachment":[{"href":"https:\/\/kamerpower.com\/fr\/wp-json\/wp\/v2\/media?parent=74092"}],"wp:term":[{"taxonomy":"product_brand","embeddable":true,"href":"https:\/\/kamerpower.com\/fr\/wp-json\/wp\/v2\/product_brand?post=74092"},{"taxonomy":"product_cat","embeddable":true,"href":"https:\/\/kamerpower.com\/fr\/wp-json\/wp\/v2\/product_cat?post=74092"},{"taxonomy":"product_tag","embeddable":true,"href":"https:\/\/kamerpower.com\/fr\/wp-json\/wp\/v2\/product_tag?post=74092"}],"curies":[{"name":"wp","href":"https:\/\/api.w.org\/{rel}","templated":true}]}}